{"id":15484,"date":"2025-03-20T11:28:06","date_gmt":"2025-03-20T15:28:06","guid":{"rendered":"https:\/\/presbyteriancollege.ca\/ressources\/bulletin-academique-de-theologie-practique\/"},"modified":"2025-12-02T11:38:42","modified_gmt":"2025-12-02T16:38:42","slug":"bulletin-academique-de-theologie-practique","status":"publish","type":"page","link":"https:\/\/presbyteriancollege.ca\/fr\/ressources\/bulletin-academique-de-theologie-practique\/","title":{"rendered":"Bulletin Acad\u00e9mique de Th\u00e9ologie Practique"},"content":{"rendered":"\n<p>Le Bulletin acad\u00e9mique de la th\u00e9ologie pratique du Coll\u00e8ge presbyt\u00e9rien d\u00e9sire faire avancer l\u2019int\u00e9gration de la r\u00e9flexion et de l\u2019action dans la vie de l\u2019\u00c9glise situ\u00e9e dans la francophonie. <em>Dit autrement: Il est question de savoir faire la th\u00e9ologie.<\/em><\/p>\n\n\n\n<p id=\"block-09c9e1e9-b92e-44d8-98ec-75a16400c48c\"><a href=\"https:\/\/presbyteriancollege.ca\/wp-content\/uploads\/2025\/04\/Bulletin-Academique-de-Theologie-Pratique_Vol5_N2-2.pdf\" target=\"_blank\" rel=\"noreferrer noopener\">Bulletin Vol. 5 No. 2 (\u00c9t\u00e9 2024<\/a><a href=\"https:\/\/presbyteriancollege.ca\/wp-content\/uploads\/2025\/03\/Bulletin-Academique-de-Theologie-Pratique_Vol5_N2.pdf\" target=\"_blank\" rel=\"noreferrer noopener\">)<\/a><br><strong>Avec des articles \u00e9crit par Benjamin Carbone et Glenn Smith<\/strong> <br>(<em>Ex\u00e9g\u00e8se de l&#8217;arrondissement de Mercier Hochelaga-Maisonneuve<\/em>)<\/p>\n\n\n\n<p id=\"block-f418eff8-f9b3-4843-a09e-d16e1dd638dd\"><a href=\"https:\/\/presbyteriancollege.ca\/wp-content\/uploads\/2025\/03\/Bulletin-Academique-de-Theologie-Pratique_Vol5_N1-2.pdf\" target=\"_blank\" rel=\"noreferrer noopener\">Bulletin Vol. 5 No. 1 (Printemps 2024)<\/a><br><strong>Avec des articles \u00e9crits par Richard Lougheed, Lucie Brunier, Lo\u00efc Richard<\/strong><\/p>\n\n\n\n<p id=\"block-73a2c037-2c3a-4e8c-8875-207801412b36\"><a href=\"https:\/\/presbyteriancollege.ca\/wp-content\/uploads\/2025\/04\/bulletin-academique_V4_no3_hiver_2023.pdf\" target=\"_blank\" rel=\"noreferrer noopener\">Bulletin Vol. 4 No. 3 (Hiver 2023)<\/a><br><strong>Avec un article \u00e9crit par Katy Laviolette<\/strong> <br>(Ex\u00e9g\u00e8se du quartier Vieux-Longueuil)<\/p>\n\n\n\n<p id=\"block-06191d64-b3a6-47a9-b19b-fbcdda9e2e5e\"><a href=\"https:\/\/presbyteriancollege.ca\/wp-content\/uploads\/2025\/04\/bulletin-academique_V4_no2_automne_2022.pdf\" target=\"_blank\" rel=\"noreferrer noopener\">Bulletin Vol. 4 No. 2 (Automne<\/a> <a href=\"https:\/\/presbyteriancollege.ca\/wp-content\/uploads\/2025\/04\/bulletin-academique_V4_no2_automne_2022.pdf\" target=\"_blank\" rel=\"noreferrer noopener\">2022)<\/a><br><strong>Avec un article \u00e9crit par Martine Adeoud sur les m\u00e9thodes de recherche.<\/strong><\/p>\n\n\n\n<p id=\"block-d23191b9-6abd-4903-931c-b864785d49d4\"><a href=\"https:\/\/presbyteriancollege.ca\/wp-content\/uploads\/2025\/04\/bulletin-academique-ITF-printemps-2022.pdf\" target=\"_blank\" rel=\"noreferrer noopener\">Bulletin Vol. 4 No. 1 (Printemps 2022)<\/a><br><strong>Avec un article \u00e9crit par Fabien Calu<\/strong> (<em>Ex\u00e9g\u00e8se du Carr\u00e9 Cabot<\/em>)<\/p>\n\n\n\n<p id=\"block-d5a13af1-97c6-437d-af82-4d510a4e812e\"><a href=\"https:\/\/presbyteriancollege.ca\/wp-content\/uploads\/2025\/04\/bulletin-academique-ITF-hiver-2022.pdf\" target=\"_blank\" rel=\"noreferrer noopener\">Bulletin Vol. 3 No. 3 (Hiver 2022)<\/a><br><strong>Avec un article \u00e9crit par Sylvie Maye<\/strong> (<em>Ex\u00e9g\u00e8se de l&#8217;arrondissement de Rosemont<\/em>)<\/p>\n\n\n\n<p id=\"block-bb5201c7-d9e4-418e-b5a3-aa50e1f7c711\"><a href=\"https:\/\/presbyteriancollege.ca\/wp-content\/uploads\/2025\/04\/bulletin-academique-ITF-automne-2021.pdf\" target=\"_blank\" rel=\"noreferrer noopener\">Bulletin Vol. 3 No. 2 (Automne 2021)<\/a><br><strong>Avec un article \u00e9crit par Phillipe B\u00e9dard<\/strong> <br>(Ex\u00e9g\u00e8se de l&#8217;arrondissement de Verdun)<\/p>\n\n\n\n<p id=\"block-388e1138-3f7a-4872-9570-72b437da434b\"><a href=\"https:\/\/presbyteriancollege.ca\/wp-content\/uploads\/2025\/04\/bulletin-academique-ITF-printemps-2021.pdf\" target=\"_blank\" rel=\"noreferrer noopener\">Bulletin Vol. 3 No. 1 (Printemps 2021)<\/a><br><strong>Avec un article \u00e9crit par Val\u00e9rie Lapens\u00e9e<\/strong> <br>(<em>Ex\u00e9g\u00e8se de l&#8217;arrondissement de Mercier-Est<\/em>)<\/p>\n\n\n\n<p id=\"block-6efdf35b-01e1-462d-b4cc-ce59234f500b\"><a href=\"https:\/\/presbyteriancollege.ca\/wp-content\/uploads\/2025\/04\/bulletin-academique-ITF-hiver-2021.pdf\" target=\"_blank\" rel=\"noreferrer noopener\">Bulletin Vol. 2 No. 3 (Hiver 2021)<\/a><br><strong>Avec un article \u00e9crit par Corentin Messina<\/strong> <br>(<em>Ex\u00e9g\u00e8se de Mile-End<\/em>)<\/p>\n\n\n\n<p id=\"block-043eb6d3-356d-4795-8c1a-94932fd9c579\"><a href=\"https:\/\/presbyteriancollege.ca\/wp-content\/uploads\/2025\/04\/bulletin-academique-ITF-automne-2020.pdf\" target=\"_blank\" rel=\"noreferrer noopener\">Bulletin Vol. 2 No. 2 (Automne 2020)<\/a><br><strong>Avec un articles \u00e9crit par Lo\u00efc Richard<\/strong><\/p>\n\n\n\n<p id=\"block-1939091f-d30f-46ec-b49c-db10476773b9\"><a href=\"https:\/\/presbyteriancollege.ca\/wp-content\/uploads\/2025\/04\/bulletin-academique-ITF-Ete-2020.pdf\" target=\"_blank\" rel=\"noreferrer noopener\">Bulletin Vol. 2 No. 1 (\u00c9t\u00e9 2020)<\/a><br><strong>Avec des articles \u00e9crits par Glenn Smith, Charles Taylor, Karen Petersen, et Sandy Smith<\/strong><\/p>\n\n\n\n<p id=\"block-506321f5-7d8b-420f-af13-3e82708f49e9\"><a href=\"https:\/\/presbyteriancollege.ca\/wp-content\/uploads\/2025\/04\/bulletin-academique-ITF-hiver-2020.pdf\" target=\"_blank\" rel=\"noreferrer noopener\">Bulletin Vol. 1 No. 3 (Hiver 2020)<\/a><br><strong>Avec un article \u00e9crit par Glenn Smith<\/strong> <br>(<em>L&#8217;air de la ville incite au changement<\/em>)<\/p>\n\n\n\n<p id=\"block-07594c35-95e3-495f-b9e3-f6b5ef8d745b\"><a href=\"https:\/\/presbyteriancollege.ca\/wp-content\/uploads\/2025\/04\/bulletin-academique-ITF-automne-2019.pdf\" target=\"_blank\" rel=\"noreferrer noopener\">Bulletin Vol. 1 No. 2 (Automne 2019)<\/a><br><strong>Avec des articles \u00e9crits par Glenn Smith, Don Posterski, et Josiane L\u00e9vesque<\/strong><\/p>\n\n\n\n<p id=\"block-70bdf6b6-7df9-456d-b681-dd0243e1c44b\"><a href=\"https:\/\/presbyteriancollege.ca\/wp-content\/uploads\/2025\/04\/bulletin-academique-ITF-printemps-2019.pdf\" target=\"_blank\" rel=\"noreferrer noopener\">Bulletin Vol. 1 No. 1 (Printemps 2019)<\/a><br><strong>Avec des articles \u00e9crits par Glenn Smith, Ga\u00e9tan Brassard, George-Marie Craan, et Bruno D\u00e9sorcy<\/strong><\/p>\n\n\n\n<p id=\"block-2079fe3a-c396-4d9a-9f37-ed075c4e08dc\"><\/p>\n\n\n\n<p><\/p>\n","protected":false},"excerpt":{"rendered":"<p>Le Bulletin acad\u00e9mique de la th\u00e9ologie pratique du Coll\u00e8ge presbyt\u00e9rien d\u00e9sire faire avancer l\u2019int\u00e9gration de la r\u00e9flexion et de l\u2019action dans la vie de l\u2019\u00c9glise situ\u00e9e dans la francophonie. Dit [&hellip;]<\/p>\n","protected":false},"author":2,"featured_media":0,"parent":13563,"menu_order":0,"comment_status":"closed","ping_status":"closed","template":"","meta":{"episode_type":"","audio_file":"","podmotor_file_id":"","podmotor_episode_id":"","cover_image":"","cover_image_id":"","duration":"","filesize":"","filesize_raw":"","date_recorded":"","explicit":"","block":"","footnotes":""},"class_list":["post-15484","page","type-page","status-publish","hentry"],"yoast_head":"<!-- This site is optimized with the Yoast SEO plugin v27.4 - https:\/\/yoast.com\/product\/yoast-seo-wordpress\/ -->\n<title>Bulletin Acad\u00e9mique de Th\u00e9ologie Practique - The Presbyterian College, Montreal<\/title>\n<meta name=\"robots\" content=\"index, follow, max-snippet:-1, max-image-preview:large, max-video-preview:-1\" \/>\n<link rel=\"canonical\" href=\"https:\/\/presbyteriancollege.ca\/fr\/ressources\/bulletin-academique-de-theologie-practique\/\" \/>\n<meta property=\"og:locale\" content=\"fr_FR\" \/>\n<meta property=\"og:type\" content=\"article\" \/>\n<meta property=\"og:title\" content=\"Bulletin Acad\u00e9mique de Th\u00e9ologie Practique - The Presbyterian College, Montreal\" \/>\n<meta property=\"og:description\" content=\"Le Bulletin acad\u00e9mique de la th\u00e9ologie pratique du Coll\u00e8ge presbyt\u00e9rien d\u00e9sire faire avancer l\u2019int\u00e9gration de la r\u00e9flexion et de l\u2019action dans la vie de l\u2019\u00c9glise situ\u00e9e dans la francophonie. Dit [&hellip;]\" \/>\n<meta property=\"og:url\" content=\"https:\/\/presbyteriancollege.ca\/fr\/ressources\/bulletin-academique-de-theologie-practique\/\" \/>\n<meta property=\"og:site_name\" content=\"The Presbyterian College, Montreal\" \/>\n<meta property=\"article:publisher\" content=\"https:\/\/www.facebook.com\/PCleadershipcentre\" \/>\n<meta property=\"article:modified_time\" content=\"2025-12-02T16:38:42+00:00\" \/>\n<meta name=\"twitter:card\" content=\"summary_large_image\" \/>\n<meta name=\"twitter:site\" content=\"@presbycol\" \/>\n<meta name=\"twitter:label1\" content=\"Est. reading time\" \/>\n\t<meta name=\"twitter:data1\" content=\"1 minute\" \/>\n<script type=\"application\/ld+json\" class=\"yoast-schema-graph\">{\"@context\":\"https:\\\/\\\/schema.org\",\"@graph\":[{\"@type\":\"WebPage\",\"@id\":\"https:\\\/\\\/presbyteriancollege.ca\\\/fr\\\/ressources\\\/bulletin-academique-de-theologie-practique\\\/\",\"url\":\"https:\\\/\\\/presbyteriancollege.ca\\\/fr\\\/ressources\\\/bulletin-academique-de-theologie-practique\\\/\",\"name\":\"Bulletin Acad\u00e9mique de Th\u00e9ologie Practique - The Presbyterian College, Montreal\",\"isPartOf\":{\"@id\":\"https:\\\/\\\/presbyteriancollege.ca\\\/#website\"},\"datePublished\":\"2025-03-20T15:28:06+00:00\",\"dateModified\":\"2025-12-02T16:38:42+00:00\",\"breadcrumb\":{\"@id\":\"https:\\\/\\\/presbyteriancollege.ca\\\/fr\\\/ressources\\\/bulletin-academique-de-theologie-practique\\\/#breadcrumb\"},\"inLanguage\":\"fr-FR\",\"potentialAction\":[{\"@type\":\"ReadAction\",\"target\":[\"https:\\\/\\\/presbyteriancollege.ca\\\/fr\\\/ressources\\\/bulletin-academique-de-theologie-practique\\\/\"]}]},{\"@type\":\"BreadcrumbList\",\"@id\":\"https:\\\/\\\/presbyteriancollege.ca\\\/fr\\\/ressources\\\/bulletin-academique-de-theologie-practique\\\/#breadcrumb\",\"itemListElement\":[{\"@type\":\"ListItem\",\"position\":1,\"name\":\"Home\",\"item\":\"https:\\\/\\\/presbyteriancollege.ca\\\/fr\\\/\"},{\"@type\":\"ListItem\",\"position\":2,\"name\":\"Ressources\",\"item\":\"https:\\\/\\\/presbyteriancollege.ca\\\/fr\\\/ressources\\\/\"},{\"@type\":\"ListItem\",\"position\":3,\"name\":\"Bulletin Acad\u00e9mique de Th\u00e9ologie Practique\"}]},{\"@type\":\"WebSite\",\"@id\":\"https:\\\/\\\/presbyteriancollege.ca\\\/#website\",\"url\":\"https:\\\/\\\/presbyteriancollege.ca\\\/\",\"name\":\"The Presbyterian College, Montreal\",\"description\":\"\",\"publisher\":{\"@id\":\"https:\\\/\\\/presbyteriancollege.ca\\\/#organization\"},\"potentialAction\":[{\"@type\":\"SearchAction\",\"target\":{\"@type\":\"EntryPoint\",\"urlTemplate\":\"https:\\\/\\\/presbyteriancollege.ca\\\/?s={search_term_string}\"},\"query-input\":{\"@type\":\"PropertyValueSpecification\",\"valueRequired\":true,\"valueName\":\"search_term_string\"}}],\"inLanguage\":\"fr-FR\"},{\"@type\":\"Organization\",\"@id\":\"https:\\\/\\\/presbyteriancollege.ca\\\/#organization\",\"name\":\"The Presbyterian College, Montreal\",\"url\":\"https:\\\/\\\/presbyteriancollege.ca\\\/\",\"logo\":{\"@type\":\"ImageObject\",\"inLanguage\":\"fr-FR\",\"@id\":\"https:\\\/\\\/presbyteriancollege.ca\\\/#\\\/schema\\\/logo\\\/image\\\/\",\"url\":\"https:\\\/\\\/presbyteriancollege.ca\\\/wordpress2021\\\/wp-content\\\/uploads\\\/2021\\\/05\\\/PC_logo_2021.png\",\"contentUrl\":\"https:\\\/\\\/presbyteriancollege.ca\\\/wordpress2021\\\/wp-content\\\/uploads\\\/2021\\\/05\\\/PC_logo_2021.png\",\"width\":2075,\"height\":545,\"caption\":\"The Presbyterian College, Montreal\"},\"image\":{\"@id\":\"https:\\\/\\\/presbyteriancollege.ca\\\/#\\\/schema\\\/logo\\\/image\\\/\"},\"sameAs\":[\"https:\\\/\\\/www.facebook.com\\\/PCleadershipcentre\",\"https:\\\/\\\/x.com\\\/presbycol\"]}]}<\/script>\n<!-- \/ Yoast SEO plugin. -->","yoast_head_json":{"title":"Bulletin Acad\u00e9mique de Th\u00e9ologie Practique - The Presbyterian College, Montreal","robots":{"index":"index","follow":"follow","max-snippet":"max-snippet:-1","max-image-preview":"max-image-preview:large","max-video-preview":"max-video-preview:-1"},"canonical":"https:\/\/presbyteriancollege.ca\/fr\/ressources\/bulletin-academique-de-theologie-practique\/","og_locale":"fr_FR","og_type":"article","og_title":"Bulletin Acad\u00e9mique de Th\u00e9ologie Practique - The Presbyterian College, Montreal","og_description":"Le Bulletin acad\u00e9mique de la th\u00e9ologie pratique du Coll\u00e8ge presbyt\u00e9rien d\u00e9sire faire avancer l\u2019int\u00e9gration de la r\u00e9flexion et de l\u2019action dans la vie de l\u2019\u00c9glise situ\u00e9e dans la francophonie. Dit [&hellip;]","og_url":"https:\/\/presbyteriancollege.ca\/fr\/ressources\/bulletin-academique-de-theologie-practique\/","og_site_name":"The Presbyterian College, Montreal","article_publisher":"https:\/\/www.facebook.com\/PCleadershipcentre","article_modified_time":"2025-12-02T16:38:42+00:00","twitter_card":"summary_large_image","twitter_site":"@presbycol","twitter_misc":{"Est. reading time":"1 minute"},"schema":{"@context":"https:\/\/schema.org","@graph":[{"@type":"WebPage","@id":"https:\/\/presbyteriancollege.ca\/fr\/ressources\/bulletin-academique-de-theologie-practique\/","url":"https:\/\/presbyteriancollege.ca\/fr\/ressources\/bulletin-academique-de-theologie-practique\/","name":"Bulletin Acad\u00e9mique de Th\u00e9ologie Practique - The Presbyterian College, Montreal","isPartOf":{"@id":"https:\/\/presbyteriancollege.ca\/#website"},"datePublished":"2025-03-20T15:28:06+00:00","dateModified":"2025-12-02T16:38:42+00:00","breadcrumb":{"@id":"https:\/\/presbyteriancollege.ca\/fr\/ressources\/bulletin-academique-de-theologie-practique\/#breadcrumb"},"inLanguage":"fr-FR","potentialAction":[{"@type":"ReadAction","target":["https:\/\/presbyteriancollege.ca\/fr\/ressources\/bulletin-academique-de-theologie-practique\/"]}]},{"@type":"BreadcrumbList","@id":"https:\/\/presbyteriancollege.ca\/fr\/ressources\/bulletin-academique-de-theologie-practique\/#breadcrumb","itemListElement":[{"@type":"ListItem","position":1,"name":"Home","item":"https:\/\/presbyteriancollege.ca\/fr\/"},{"@type":"ListItem","position":2,"name":"Ressources","item":"https:\/\/presbyteriancollege.ca\/fr\/ressources\/"},{"@type":"ListItem","position":3,"name":"Bulletin Acad\u00e9mique de Th\u00e9ologie Practique"}]},{"@type":"WebSite","@id":"https:\/\/presbyteriancollege.ca\/#website","url":"https:\/\/presbyteriancollege.ca\/","name":"The Presbyterian College, Montreal","description":"","publisher":{"@id":"https:\/\/presbyteriancollege.ca\/#organization"},"potentialAction":[{"@type":"SearchAction","target":{"@type":"EntryPoint","urlTemplate":"https:\/\/presbyteriancollege.ca\/?s={search_term_string}"},"query-input":{"@type":"PropertyValueSpecification","valueRequired":true,"valueName":"search_term_string"}}],"inLanguage":"fr-FR"},{"@type":"Organization","@id":"https:\/\/presbyteriancollege.ca\/#organization","name":"The Presbyterian College, Montreal","url":"https:\/\/presbyteriancollege.ca\/","logo":{"@type":"ImageObject","inLanguage":"fr-FR","@id":"https:\/\/presbyteriancollege.ca\/#\/schema\/logo\/image\/","url":"https:\/\/presbyteriancollege.ca\/wordpress2021\/wp-content\/uploads\/2021\/05\/PC_logo_2021.png","contentUrl":"https:\/\/presbyteriancollege.ca\/wordpress2021\/wp-content\/uploads\/2021\/05\/PC_logo_2021.png","width":2075,"height":545,"caption":"The Presbyterian College, Montreal"},"image":{"@id":"https:\/\/presbyteriancollege.ca\/#\/schema\/logo\/image\/"},"sameAs":["https:\/\/www.facebook.com\/PCleadershipcentre","https:\/\/x.com\/presbycol"]}]}},"_links":{"self":[{"href":"https:\/\/presbyteriancollege.ca\/fr\/wp-json\/wp\/v2\/pages\/15484","targetHints":{"allow":["GET"]}}],"collection":[{"href":"https:\/\/presbyteriancollege.ca\/fr\/wp-json\/wp\/v2\/pages"}],"about":[{"href":"https:\/\/presbyteriancollege.ca\/fr\/wp-json\/wp\/v2\/types\/page"}],"author":[{"embeddable":true,"href":"https:\/\/presbyteriancollege.ca\/fr\/wp-json\/wp\/v2\/users\/2"}],"replies":[{"embeddable":true,"href":"https:\/\/presbyteriancollege.ca\/fr\/wp-json\/wp\/v2\/comments?post=15484"}],"version-history":[{"count":4,"href":"https:\/\/presbyteriancollege.ca\/fr\/wp-json\/wp\/v2\/pages\/15484\/revisions"}],"predecessor-version":[{"id":16170,"href":"https:\/\/presbyteriancollege.ca\/fr\/wp-json\/wp\/v2\/pages\/15484\/revisions\/16170"}],"up":[{"embeddable":true,"href":"https:\/\/presbyteriancollege.ca\/fr\/wp-json\/wp\/v2\/pages\/13563"}],"wp:attachment":[{"href":"https:\/\/presbyteriancollege.ca\/fr\/wp-json\/wp\/v2\/media?parent=15484"}],"curies":[{"name":"wp","href":"https:\/\/api.w.org\/{rel}","templated":true}]}}