{"id":15230,"date":"2025-02-26T13:54:39","date_gmt":"2025-02-26T18:54:39","guid":{"rendered":"https:\/\/presbyteriancollege.ca\/nomination-form-for-principals-award\/"},"modified":"2025-02-27T21:48:23","modified_gmt":"2025-02-28T02:48:23","slug":"nomination-form-for-principals-award","status":"publish","type":"page","link":"https:\/\/presbyteriancollege.ca\/fr\/nomination-form-for-principals-award\/","title":{"rendered":"Prix du directeur &#8211; Informations sur les nominations"},"content":{"rendered":"\n<h4 class=\"wp-block-heading\">Prix du directeur du coll\u00e8ge pour le leadership, la foi et le travail <\/h4>\n\n<p>Ce prix est d\u00e9cern\u00e9 par le conseil d&#8217;administration du Coll\u00e8ge presbyt\u00e9rien de Montr\u00e9al pour une contribution soutenue et exceptionnelle dans l&#8217;un des domaines suivants (le formulaire de mise en candidature se trouve ci-dessous) :<\/p>\n\n<ul class=\"wp-block-list\">\n<li>Pour avoir rendu des services efficaces et pleins de foi au sein d&#8217;une communaut\u00e9 ou d&#8217;une organisation \u00e0 but non lucratif.<\/li>\n\n\n\n<li>Pour un service efficace et plein de foi au sein d&#8217;une congr\u00e9gation, d&#8217;un minist\u00e8re ou d&#8217;une mission de l&#8217;\u00c9glise.<\/li>\n\n\n\n<li>Pour une vie de travail pleine de foi et d&#8217;efficacit\u00e9 dans le domaine professionnel de la personne.<\/li>\n<\/ul>\n\n<p>Quel que soit leur domaine de service, les laur\u00e9ats doivent avoir fait preuve d&#8217;une vie active de foi chr\u00e9tienne au sein de l&#8217;\u00c9glise.<\/p>\n\n<p>Le b\u00e9n\u00e9ficiaire doit \u00eatre membre ou adh\u00e9rent de l&#8217;\u00c9glise presbyt\u00e9rienne du Canada ou d&#8217;une tradition chr\u00e9tienne ou d&#8217;une \u00e9glise ayant un lien significatif avec le Presbyterian College.<\/p>\n\n<p>\n          <em>Processus de nomination<\/em>\n        <\/p>\n\n<ul class=\"wp-block-list\">\n<li>Chaque candidature doit \u00eatre pr\u00e9sent\u00e9e\/sign\u00e9e par trois personnes.<\/li>\n\n\n\n<li>Tous les candidats doivent \u00eatre membres de l&#8217;\u00c9glise presbyt\u00e9rienne du Canada ou appartenir \u00e0 une tradition chr\u00e9tienne ayant un lien significatif avec le Coll\u00e8ge presbyt\u00e9rien.<\/li>\n\n\n\n<li>Une candidature compl\u00e8te se compose des candidatures de trois personnes et d&#8217;un <em>curriculum vitae<\/em> \u00e0 jour du candidat. Le CV peut \u00eatre envoy\u00e9 par courrier \u00e9lectronique \u00e0 l&#8217;adresse suivante : <a href=\"mailto:admin@presbyteriancollege.ca\" target=\"_blank\" rel=\"noreferrer noopener\">admin@presbyteriancollege.ca<\/a><\/li>\n\n\n\n<li>La date limite de d\u00e9p\u00f4t des candidatures est fix\u00e9e au 31 janvier <sup>de <\/sup>chaque ann\u00e9e (en 2025, la date limite est fix\u00e9e au 31 mars 2025).<\/li>\n<\/ul>\n<div class=\"frm_forms  with_frm_style frm_style_formidable-style\" id=\"frm_form_46_container\" data-token=\"da5218e17060b632f2986b864b1d8a1b\">\n<form enctype=\"multipart\/form-data\" method=\"post\" class=\"frm-show-form \" id=\"form_a4gme22\" data-token=\"da5218e17060b632f2986b864b1d8a1b\">\n<div class=\"frm_form_fields \">\n<fieldset>\n<legend class=\"frm_screen_reader\">Prix du Directeur du Coll\u00e8ge - Formulaire de nomination<\/legend>\r\n<h3 class=\"frm_form_title\">Prix du Directeur du Coll\u00e8ge - Formulaire de nomination<\/h3>\r\n<div class=\"frm_description\"><p>Ce formulaire est utilis\u00e9 par les personnes qui souhaitent proposer un candidat pour le Prix du directeur d'\u00e9cole pour le leadership, la foi et le travail. Chacun des trois candidats doit remplir et soumettre ce formulaire.<\/p>\n<\/div><div class=\"frm_fields_container\">\n<input type=\"hidden\" name=\"frm_action\" value=\"create\" \/>\n<input type=\"hidden\" name=\"form_id\" value=\"46\" \/>\n<input type=\"hidden\" name=\"frm_hide_fields_46\" id=\"frm_hide_fields_46\" value=\"\" \/>\n<input type=\"hidden\" name=\"form_key\" value=\"a4gme22\" \/>\n<input type=\"hidden\" name=\"item_meta[0]\" value=\"\" \/>\n<input type=\"hidden\" id=\"frm_submit_entry_46\" name=\"frm_submit_entry_46\" value=\"395b99ad53\" \/><input type=\"hidden\" name=\"_wp_http_referer\" value=\"\/fr\/wp-json\/wp\/v2\/pages\/15230\" \/><div id=\"frm_field_390_container\" class=\"frm_form_field form-field  frm_top_container\">\r\n\t<div  id=\"field_nis7k3_label\" class=\"frm_primary_label\">Nom de l'auteur de la proposition\r\n\t\t<span class=\"frm_required\" aria-hidden=\"true\"><\/span>\r\n\t<\/div>\r\n\t<fieldset aria-labelledby=\"field_nis7k3_label\">\n\t<legend class=\"frm_screen_reader frm_hidden\">\n\t\tNom de l&#039;auteur de la proposition\t<\/legend>\n\n\t<div  class=\"frm_combo_inputs_container\" id=\"frm_combo_inputs_container_390\" data-name-layout=\"first_last\">\n\t\t\t\t\t<div\n\t\t\t\tid=\"frm_field_390-first_container\"\n\t\t\t\tclass=\"frm_form_field form-field frm_form_subfield-first  frm6\"\n\t\t\t\tdata-sub-field-name=\"first\"\n\t\t\t>\n\t\t\t\t<label for=\"field_nis7k3_first\" class=\"frm_screen_reader frm_hidden\">\n\t\t\t\t\tFirst Name\t\t\t\t<\/label>\n\n\t\t\t\t<input  type=\"text\" id=\"field_nis7k3_first\" value=\"\" name=\"item_meta[390][first]\" autocomplete=\"given-name\" data-invmsg=\"Nom de l&#039;auteur de la proposition is invalid\" aria-invalid=\"false\"  \/><div class=\"frm_description\" id=\"frm_field_390_first_desc\">First Name<\/div>\t\t\t<\/div>\n\t\t\t\t\t\t<div\n\t\t\t\tid=\"frm_field_390-last_container\"\n\t\t\t\tclass=\"frm_form_field form-field frm_form_subfield-last  frm6\"\n\t\t\t\tdata-sub-field-name=\"last\"\n\t\t\t>\n\t\t\t\t<label for=\"field_nis7k3_last\" class=\"frm_screen_reader frm_hidden\">\n\t\t\t\t\tLast Name\t\t\t\t<\/label>\n\n\t\t\t\t<input  type=\"text\" id=\"field_nis7k3_last\" value=\"\" name=\"item_meta[390][last]\" autocomplete=\"family-name\" data-invmsg=\"Nom de l&#039;auteur de la proposition is invalid\" aria-invalid=\"false\"  \/><div class=\"frm_description\" id=\"frm_field_390_last_desc\">Last Name<\/div>\t\t\t<\/div>\n\t\t\t\t<\/div>\n<\/fieldset>\n\r\n\t\r\n\t\r\n<\/div>\n<div id=\"frm_field_391_container\" class=\"frm_form_field form-field  frm_top_container\">\r\n\t<label for=\"field_9p4zi3\" id=\"field_9p4zi3_label\" class=\"frm_primary_label\">Adresse \u00e9lectronique de la personne qui propose la candidature.\r\n\t\t<span class=\"frm_required\" aria-hidden=\"true\"><\/span>\r\n\t<\/label>\r\n\t<input type=\"email\" id=\"field_9p4zi3\" name=\"item_meta[391]\" value=\"\"  data-invmsg=\"Adresse \u00e9lectronique de la personne qui propose la candidature. is invalid\" aria-invalid=\"false\"  \/>\r\n\t\r\n\t\r\n<\/div>\n<div id=\"frm_field_392_container\" class=\"frm_form_field form-field  frm_top_container\">\r\n\t<label for=\"field_10io43\" id=\"field_10io43_label\" class=\"frm_primary_label\">Personne nomin\u00e9e\r\n\t\t<span class=\"frm_required\" aria-hidden=\"true\"><\/span>\r\n\t<\/label>\r\n\t<input type=\"text\" id=\"field_10io43\" name=\"item_meta[392]\" value=\"\"  data-invmsg=\"Personne nomin\u00e9e is invalid\" aria-invalid=\"false\"  \/>\r\n\t\r\n\t\r\n<\/div>\n<div id=\"frm_field_393_container\" class=\"frm_form_field form-field  frm_top_container\">\r\n\t<label for=\"field_657h93\" id=\"field_657h93_label\" class=\"frm_primary_label\">Courriel et num\u00e9ro de t\u00e9l\u00e9phone de la personne nomm\u00e9e\r\n\t\t<span class=\"frm_required\" aria-hidden=\"true\"><\/span>\r\n\t<\/label>\r\n\t<input type=\"text\" id=\"field_657h93\" name=\"item_meta[393]\" value=\"\"  data-invmsg=\"Courriel et num\u00e9ro de t\u00e9l\u00e9phone de la personne nomm\u00e9e is invalid\" aria-invalid=\"false\"  \/>\r\n\t\r\n\t\r\n<\/div>\n<div id=\"frm_field_394_container\" class=\"frm_form_field form-field  frm_top_container frm12 frm_first\">\r\n\t<label for=\"field_n4mo3\" id=\"field_n4mo3_label\" class=\"frm_primary_label\">Raison de la nomination\r\n\t\t<span class=\"frm_required\" aria-hidden=\"true\"><\/span>\r\n\t<\/label>\r\n\t\t\t<select name=\"item_meta[394]\" id=\"field_n4mo3\"  data-invmsg=\"Raison de la nomination is invalid\" aria-invalid=\"false\"  >\n\t\t<option  value=\"Service au sein d&#039;une communaut\u00e9 ou d&#039;une organisation \u00e0 but non lucratif\">Service au sein d&#039;une communaut\u00e9 ou d&#039;une organisation \u00e0 but non lucratif<\/option><option  value=\"Service au sein d&#039;une congr\u00e9gation, d&#039;un minist\u00e8re ou d&#039;une mission de l&#039;\u00c9glise\">Service au sein d&#039;une congr\u00e9gation, d&#039;un minist\u00e8re ou d&#039;une mission de l&#039;\u00c9glise<\/option><option  value=\"Un dossier de travail efficace et plein de foi dans le domaine d&#039;emploi de la personne.\">Un dossier de travail efficace et plein de foi dans le domaine d&#039;emploi de la personne.<\/option>\t<\/select>\n\t\r\n\t\r\n\t\r\n<\/div>\n<div id=\"frm_field_395_container\" class=\"frm_form_field form-field  frm_required_field frm_top_container\">\r\n\t<label for=\"field_u3kuw3\" id=\"field_u3kuw3_label\" class=\"frm_primary_label\">Explication de la nomination\r\n\t\t<span class=\"frm_required\" aria-hidden=\"true\">*<\/span>\r\n\t<\/label>\r\n\t<textarea name=\"item_meta[395]\" id=\"field_u3kuw3\" rows=\"5\"  data-reqmsg=\"Explication de la nomination cannot be blank.\" aria-required=\"true\" data-invmsg=\"Explication de la nomination is invalid\" aria-invalid=\"false\"  ><\/textarea>\r\n\t\r\n\t\r\n<\/div>\n<div id=\"frm_field_396_container\" class=\"frm_form_field form-field \">\r\n\t<div class=\"frm_submit frm_flex\">\r\n<button class=\"frm_button_submit\" type=\"submit\"  >Submit<\/button>\r\n\r\n\r\n\r\n<\/div>\r\n<\/div>\n\t<input type=\"hidden\" name=\"item_key\" value=\"\" \/>\n\t\t\t<div id=\"frm_field_481_container\">\n\t\t\t<label for=\"field_yukzs\" >\n\t\t\t\tIf you are human, leave this field blank.\t\t\t<\/label>\n\t\t\t<input  id=\"field_yukzs\" type=\"text\" class=\"frm_form_field form-field frm_verify\" name=\"item_meta[481]\" value=\"\"  \/>\n\t\t<\/div>\n\t\t<input name=\"frm_state\" type=\"hidden\" value=\"j9cZCP+73n8xxxjCJ68NCvnIL5OiyFyH\/3xiUmQWRHU=\" \/><\/div>\n<\/fieldset>\n<\/div>\n\n<p style=\"display: none !important;\" class=\"akismet-fields-container\" data-prefix=\"ak_\"><label>&#916;<textarea name=\"ak_hp_textarea\" cols=\"45\" rows=\"8\" maxlength=\"100\"><\/textarea><\/label><input type=\"hidden\" id=\"ak_js_1\" name=\"ak_js\" value=\"36\"\/><script>document.getElementById( \"ak_js_1\" ).setAttribute( \"value\", ( new Date() ).getTime() );<\/script><\/p><\/form>\n<\/div>\n\n","protected":false},"excerpt":{"rendered":"<p>Prix du directeur du coll\u00e8ge pour le leadership, la foi et le travail Ce prix est d\u00e9cern\u00e9 par le conseil d&#8217;administration du Coll\u00e8ge presbyt\u00e9rien de Montr\u00e9al pour une contribution soutenue [&hellip;]<\/p>\n","protected":false},"author":2,"featured_media":15142,"parent":0,"menu_order":0,"comment_status":"closed","ping_status":"closed","template":"","meta":{"episode_type":"","audio_file":"","cover_image":"","cover_image_id":"","duration":"","filesize":"","filesize_raw":"","date_recorded":"","explicit":"","block":"","footnotes":""},"class_list":["post-15230","page","type-page","status-publish","has-post-thumbnail","hentry"],"yoast_head":"<!-- This site is optimized with the Yoast SEO plugin v27.0 - https:\/\/yoast.com\/product\/yoast-seo-wordpress\/ -->\n<title>Prix du directeur - Informations sur les nominations - The Presbyterian College, Montreal<\/title>\n<meta name=\"robots\" content=\"index, follow, max-snippet:-1, max-image-preview:large, max-video-preview:-1\" \/>\n<link rel=\"canonical\" href=\"https:\/\/presbyteriancollege.ca\/fr\/nomination-form-for-principals-award\/\" \/>\n<meta property=\"og:locale\" content=\"fr_FR\" \/>\n<meta property=\"og:type\" content=\"article\" \/>\n<meta property=\"og:title\" content=\"Prix du directeur - Informations sur les nominations - The Presbyterian College, Montreal\" \/>\n<meta property=\"og:description\" content=\"Prix du directeur du coll\u00e8ge pour le leadership, la foi et le travail Ce prix est d\u00e9cern\u00e9 par le conseil d&#8217;administration du Coll\u00e8ge presbyt\u00e9rien de Montr\u00e9al pour une contribution soutenue [&hellip;]\" \/>\n<meta property=\"og:url\" content=\"https:\/\/presbyteriancollege.ca\/fr\/nomination-form-for-principals-award\/\" \/>\n<meta property=\"og:site_name\" content=\"The Presbyterian College, Montreal\" \/>\n<meta property=\"article:publisher\" content=\"https:\/\/www.facebook.com\/PCleadershipcentre\" \/>\n<meta property=\"article:modified_time\" content=\"2025-02-28T02:48:23+00:00\" \/>\n<meta property=\"og:image\" content=\"https:\/\/presbyteriancollege.ca\/wp-content\/uploads\/2025\/02\/DSC_0541.jpeg\" \/>\n\t<meta property=\"og:image:width\" content=\"1280\" \/>\n\t<meta property=\"og:image:height\" content=\"854\" \/>\n\t<meta property=\"og:image:type\" content=\"image\/jpeg\" \/>\n<meta name=\"twitter:card\" content=\"summary_large_image\" \/>\n<meta name=\"twitter:site\" content=\"@presbycol\" \/>\n<meta name=\"twitter:label1\" content=\"Est. reading time\" \/>\n\t<meta name=\"twitter:data1\" content=\"1 minute\" \/>\n<script type=\"application\/ld+json\" class=\"yoast-schema-graph\">{\"@context\":\"https:\/\/schema.org\",\"@graph\":[{\"@type\":\"WebPage\",\"@id\":\"https:\/\/presbyteriancollege.ca\/fr\/nomination-form-for-principals-award\/\",\"url\":\"https:\/\/presbyteriancollege.ca\/fr\/nomination-form-for-principals-award\/\",\"name\":\"Prix du directeur - Informations sur les nominations - The Presbyterian College, Montreal\",\"isPartOf\":{\"@id\":\"https:\/\/presbyteriancollege.ca\/#website\"},\"primaryImageOfPage\":{\"@id\":\"https:\/\/presbyteriancollege.ca\/fr\/nomination-form-for-principals-award\/#primaryimage\"},\"image\":{\"@id\":\"https:\/\/presbyteriancollege.ca\/fr\/nomination-form-for-principals-award\/#primaryimage\"},\"thumbnailUrl\":\"https:\/\/presbyteriancollege.ca\/wp-content\/uploads\/2025\/02\/DSC_0541.jpeg\",\"datePublished\":\"2025-02-26T18:54:39+00:00\",\"dateModified\":\"2025-02-28T02:48:23+00:00\",\"breadcrumb\":{\"@id\":\"https:\/\/presbyteriancollege.ca\/fr\/nomination-form-for-principals-award\/#breadcrumb\"},\"inLanguage\":\"fr-FR\",\"potentialAction\":[{\"@type\":\"ReadAction\",\"target\":[\"https:\/\/presbyteriancollege.ca\/fr\/nomination-form-for-principals-award\/\"]}]},{\"@type\":\"ImageObject\",\"inLanguage\":\"fr-FR\",\"@id\":\"https:\/\/presbyteriancollege.ca\/fr\/nomination-form-for-principals-award\/#primaryimage\",\"url\":\"https:\/\/presbyteriancollege.ca\/wp-content\/uploads\/2025\/02\/DSC_0541.jpeg\",\"contentUrl\":\"https:\/\/presbyteriancollege.ca\/wp-content\/uploads\/2025\/02\/DSC_0541.jpeg\",\"width\":1280,\"height\":854},{\"@type\":\"BreadcrumbList\",\"@id\":\"https:\/\/presbyteriancollege.ca\/fr\/nomination-form-for-principals-award\/#breadcrumb\",\"itemListElement\":[{\"@type\":\"ListItem\",\"position\":1,\"name\":\"Home\",\"item\":\"https:\/\/presbyteriancollege.ca\/fr\/\"},{\"@type\":\"ListItem\",\"position\":2,\"name\":\"Prix du directeur &#8211; Informations sur les nominations\"}]},{\"@type\":\"WebSite\",\"@id\":\"https:\/\/presbyteriancollege.ca\/#website\",\"url\":\"https:\/\/presbyteriancollege.ca\/\",\"name\":\"The Presbyterian College, Montreal\",\"description\":\"\",\"publisher\":{\"@id\":\"https:\/\/presbyteriancollege.ca\/#organization\"},\"potentialAction\":[{\"@type\":\"SearchAction\",\"target\":{\"@type\":\"EntryPoint\",\"urlTemplate\":\"https:\/\/presbyteriancollege.ca\/?s={search_term_string}\"},\"query-input\":{\"@type\":\"PropertyValueSpecification\",\"valueRequired\":true,\"valueName\":\"search_term_string\"}}],\"inLanguage\":\"fr-FR\"},{\"@type\":\"Organization\",\"@id\":\"https:\/\/presbyteriancollege.ca\/#organization\",\"name\":\"The Presbyterian College, Montreal\",\"url\":\"https:\/\/presbyteriancollege.ca\/\",\"logo\":{\"@type\":\"ImageObject\",\"inLanguage\":\"fr-FR\",\"@id\":\"https:\/\/presbyteriancollege.ca\/#\/schema\/logo\/image\/\",\"url\":\"https:\/\/presbyteriancollege.ca\/wordpress2021\/wp-content\/uploads\/2021\/05\/PC_logo_2021.png\",\"contentUrl\":\"https:\/\/presbyteriancollege.ca\/wordpress2021\/wp-content\/uploads\/2021\/05\/PC_logo_2021.png\",\"width\":2075,\"height\":545,\"caption\":\"The Presbyterian College, Montreal\"},\"image\":{\"@id\":\"https:\/\/presbyteriancollege.ca\/#\/schema\/logo\/image\/\"},\"sameAs\":[\"https:\/\/www.facebook.com\/PCleadershipcentre\",\"https:\/\/x.com\/presbycol\"]}]}<\/script>\n<!-- \/ Yoast SEO plugin. -->","yoast_head_json":{"title":"Prix du directeur - Informations sur les nominations - The Presbyterian College, Montreal","robots":{"index":"index","follow":"follow","max-snippet":"max-snippet:-1","max-image-preview":"max-image-preview:large","max-video-preview":"max-video-preview:-1"},"canonical":"https:\/\/presbyteriancollege.ca\/fr\/nomination-form-for-principals-award\/","og_locale":"fr_FR","og_type":"article","og_title":"Prix du directeur - Informations sur les nominations - The Presbyterian College, Montreal","og_description":"Prix du directeur du coll\u00e8ge pour le leadership, la foi et le travail Ce prix est d\u00e9cern\u00e9 par le conseil d&#8217;administration du Coll\u00e8ge presbyt\u00e9rien de Montr\u00e9al pour une contribution soutenue [&hellip;]","og_url":"https:\/\/presbyteriancollege.ca\/fr\/nomination-form-for-principals-award\/","og_site_name":"The Presbyterian College, Montreal","article_publisher":"https:\/\/www.facebook.com\/PCleadershipcentre","article_modified_time":"2025-02-28T02:48:23+00:00","og_image":[{"width":1280,"height":854,"url":"https:\/\/presbyteriancollege.ca\/wp-content\/uploads\/2025\/02\/DSC_0541.jpeg","type":"image\/jpeg"}],"twitter_card":"summary_large_image","twitter_site":"@presbycol","twitter_misc":{"Est. reading time":"1 minute"},"schema":{"@context":"https:\/\/schema.org","@graph":[{"@type":"WebPage","@id":"https:\/\/presbyteriancollege.ca\/fr\/nomination-form-for-principals-award\/","url":"https:\/\/presbyteriancollege.ca\/fr\/nomination-form-for-principals-award\/","name":"Prix du directeur - Informations sur les nominations - The Presbyterian College, Montreal","isPartOf":{"@id":"https:\/\/presbyteriancollege.ca\/#website"},"primaryImageOfPage":{"@id":"https:\/\/presbyteriancollege.ca\/fr\/nomination-form-for-principals-award\/#primaryimage"},"image":{"@id":"https:\/\/presbyteriancollege.ca\/fr\/nomination-form-for-principals-award\/#primaryimage"},"thumbnailUrl":"https:\/\/presbyteriancollege.ca\/wp-content\/uploads\/2025\/02\/DSC_0541.jpeg","datePublished":"2025-02-26T18:54:39+00:00","dateModified":"2025-02-28T02:48:23+00:00","breadcrumb":{"@id":"https:\/\/presbyteriancollege.ca\/fr\/nomination-form-for-principals-award\/#breadcrumb"},"inLanguage":"fr-FR","potentialAction":[{"@type":"ReadAction","target":["https:\/\/presbyteriancollege.ca\/fr\/nomination-form-for-principals-award\/"]}]},{"@type":"ImageObject","inLanguage":"fr-FR","@id":"https:\/\/presbyteriancollege.ca\/fr\/nomination-form-for-principals-award\/#primaryimage","url":"https:\/\/presbyteriancollege.ca\/wp-content\/uploads\/2025\/02\/DSC_0541.jpeg","contentUrl":"https:\/\/presbyteriancollege.ca\/wp-content\/uploads\/2025\/02\/DSC_0541.jpeg","width":1280,"height":854},{"@type":"BreadcrumbList","@id":"https:\/\/presbyteriancollege.ca\/fr\/nomination-form-for-principals-award\/#breadcrumb","itemListElement":[{"@type":"ListItem","position":1,"name":"Home","item":"https:\/\/presbyteriancollege.ca\/fr\/"},{"@type":"ListItem","position":2,"name":"Prix du directeur &#8211; Informations sur les nominations"}]},{"@type":"WebSite","@id":"https:\/\/presbyteriancollege.ca\/#website","url":"https:\/\/presbyteriancollege.ca\/","name":"The Presbyterian College, Montreal","description":"","publisher":{"@id":"https:\/\/presbyteriancollege.ca\/#organization"},"potentialAction":[{"@type":"SearchAction","target":{"@type":"EntryPoint","urlTemplate":"https:\/\/presbyteriancollege.ca\/?s={search_term_string}"},"query-input":{"@type":"PropertyValueSpecification","valueRequired":true,"valueName":"search_term_string"}}],"inLanguage":"fr-FR"},{"@type":"Organization","@id":"https:\/\/presbyteriancollege.ca\/#organization","name":"The Presbyterian College, Montreal","url":"https:\/\/presbyteriancollege.ca\/","logo":{"@type":"ImageObject","inLanguage":"fr-FR","@id":"https:\/\/presbyteriancollege.ca\/#\/schema\/logo\/image\/","url":"https:\/\/presbyteriancollege.ca\/wordpress2021\/wp-content\/uploads\/2021\/05\/PC_logo_2021.png","contentUrl":"https:\/\/presbyteriancollege.ca\/wordpress2021\/wp-content\/uploads\/2021\/05\/PC_logo_2021.png","width":2075,"height":545,"caption":"The Presbyterian College, Montreal"},"image":{"@id":"https:\/\/presbyteriancollege.ca\/#\/schema\/logo\/image\/"},"sameAs":["https:\/\/www.facebook.com\/PCleadershipcentre","https:\/\/x.com\/presbycol"]}]}},"_links":{"self":[{"href":"https:\/\/presbyteriancollege.ca\/fr\/wp-json\/wp\/v2\/pages\/15230","targetHints":{"allow":["GET"]}}],"collection":[{"href":"https:\/\/presbyteriancollege.ca\/fr\/wp-json\/wp\/v2\/pages"}],"about":[{"href":"https:\/\/presbyteriancollege.ca\/fr\/wp-json\/wp\/v2\/types\/page"}],"author":[{"embeddable":true,"href":"https:\/\/presbyteriancollege.ca\/fr\/wp-json\/wp\/v2\/users\/2"}],"replies":[{"embeddable":true,"href":"https:\/\/presbyteriancollege.ca\/fr\/wp-json\/wp\/v2\/comments?post=15230"}],"version-history":[{"count":3,"href":"https:\/\/presbyteriancollege.ca\/fr\/wp-json\/wp\/v2\/pages\/15230\/revisions"}],"predecessor-version":[{"id":15234,"href":"https:\/\/presbyteriancollege.ca\/fr\/wp-json\/wp\/v2\/pages\/15230\/revisions\/15234"}],"wp:featuredmedia":[{"embeddable":true,"href":"https:\/\/presbyteriancollege.ca\/fr\/wp-json\/wp\/v2\/media\/15142"}],"wp:attachment":[{"href":"https:\/\/presbyteriancollege.ca\/fr\/wp-json\/wp\/v2\/media?parent=15230"}],"curies":[{"name":"wp","href":"https:\/\/api.w.org\/{rel}","templated":true}]}}