{"id":14279,"date":"2024-07-01T13:04:03","date_gmt":"2024-07-01T17:04:03","guid":{"rendered":"https:\/\/presbyteriancollege.ca\/retraite-des-pasteurs-sejour-au-college\/"},"modified":"2024-07-01T13:04:03","modified_gmt":"2024-07-01T17:04:03","slug":"retraite-des-pasteurs-sejour-au-college","status":"publish","type":"page","link":"https:\/\/presbyteriancollege.ca\/fr\/retraite-des-pasteurs-sejour-au-college\/","title":{"rendered":"Retraite des pasteurs &#8211; S\u00e9jour au coll\u00e8ge"},"content":{"rendered":"","protected":false},"excerpt":{"rendered":"","protected":false},"author":2,"featured_media":14274,"parent":0,"menu_order":0,"comment_status":"closed","ping_status":"closed","template":"","meta":{"episode_type":"","audio_file":"","podmotor_file_id":"","podmotor_episode_id":"","cover_image":"","cover_image_id":"","duration":"","filesize":"","filesize_raw":"","date_recorded":"","explicit":"","block":"","footnotes":""},"class_list":["post-14279","page","type-page","status-publish","has-post-thumbnail","hentry"],"yoast_head":"<!-- This site is optimized with the Yoast SEO plugin v27.4 - https:\/\/yoast.com\/product\/yoast-seo-wordpress\/ -->\n<title>Retraite des pasteurs - S\u00e9jour au coll\u00e8ge - The Presbyterian College, Montreal<\/title>\n<meta name=\"description\" content=\"Le coll\u00e8ge met \u00e0 disposition une suite pour les cong\u00e9s d&#039;\u00e9tudes, la recherche ind\u00e9pendante et la participation \u00e0 la vie du coll\u00e8ge, pour le renouveau pastoral.\" \/>\n<meta name=\"robots\" content=\"index, follow, max-snippet:-1, max-image-preview:large, max-video-preview:-1\" \/>\n<link rel=\"canonical\" href=\"https:\/\/presbyteriancollege.ca\/fr\/retraite-des-pasteurs-sejour-au-college\/\" \/>\n<meta property=\"og:locale\" content=\"fr_FR\" \/>\n<meta property=\"og:type\" content=\"article\" \/>\n<meta property=\"og:title\" content=\"Retraite des pasteurs - S\u00e9jour au coll\u00e8ge - The Presbyterian College, Montreal\" \/>\n<meta property=\"og:description\" content=\"Le coll\u00e8ge met \u00e0 disposition une suite pour les cong\u00e9s d&#039;\u00e9tudes, la recherche ind\u00e9pendante et la participation \u00e0 la vie du coll\u00e8ge, pour le renouveau pastoral.\" \/>\n<meta property=\"og:url\" content=\"https:\/\/presbyteriancollege.ca\/fr\/retraite-des-pasteurs-sejour-au-college\/\" \/>\n<meta property=\"og:site_name\" content=\"The Presbyterian College, Montreal\" \/>\n<meta property=\"article:publisher\" content=\"https:\/\/www.facebook.com\/PCleadershipcentre\" \/>\n<meta property=\"og:image\" content=\"https:\/\/presbyteriancollege.ca\/wp-content\/uploads\/2024\/07\/lightstock_880193_medium_roland_de_vries-scaled.jpeg\" \/>\n\t<meta property=\"og:image:width\" content=\"2560\" \/>\n\t<meta property=\"og:image:height\" content=\"797\" \/>\n\t<meta property=\"og:image:type\" content=\"image\/jpeg\" \/>\n<meta name=\"twitter:card\" content=\"summary_large_image\" \/>\n<meta name=\"twitter:site\" content=\"@presbycol\" \/>\n<script type=\"application\/ld+json\" class=\"yoast-schema-graph\">{\"@context\":\"https:\\\/\\\/schema.org\",\"@graph\":[{\"@type\":\"WebPage\",\"@id\":\"https:\\\/\\\/presbyteriancollege.ca\\\/fr\\\/retraite-des-pasteurs-sejour-au-college\\\/\",\"url\":\"https:\\\/\\\/presbyteriancollege.ca\\\/fr\\\/retraite-des-pasteurs-sejour-au-college\\\/\",\"name\":\"Retraite des pasteurs - S\u00e9jour au coll\u00e8ge - The Presbyterian College, Montreal\",\"isPartOf\":{\"@id\":\"https:\\\/\\\/presbyteriancollege.ca\\\/#website\"},\"primaryImageOfPage\":{\"@id\":\"https:\\\/\\\/presbyteriancollege.ca\\\/fr\\\/retraite-des-pasteurs-sejour-au-college\\\/#primaryimage\"},\"image\":{\"@id\":\"https:\\\/\\\/presbyteriancollege.ca\\\/fr\\\/retraite-des-pasteurs-sejour-au-college\\\/#primaryimage\"},\"thumbnailUrl\":\"https:\\\/\\\/presbyteriancollege.ca\\\/wp-content\\\/uploads\\\/2024\\\/07\\\/lightstock_880193_medium_roland_de_vries-scaled.jpeg\",\"datePublished\":\"2024-07-01T17:04:03+00:00\",\"description\":\"Le coll\u00e8ge met \u00e0 disposition une suite pour les cong\u00e9s d'\u00e9tudes, la recherche ind\u00e9pendante et la participation \u00e0 la vie du coll\u00e8ge, pour le renouveau pastoral.\",\"breadcrumb\":{\"@id\":\"https:\\\/\\\/presbyteriancollege.ca\\\/fr\\\/retraite-des-pasteurs-sejour-au-college\\\/#breadcrumb\"},\"inLanguage\":\"fr-FR\",\"potentialAction\":[{\"@type\":\"ReadAction\",\"target\":[\"https:\\\/\\\/presbyteriancollege.ca\\\/fr\\\/retraite-des-pasteurs-sejour-au-college\\\/\"]}]},{\"@type\":\"ImageObject\",\"inLanguage\":\"fr-FR\",\"@id\":\"https:\\\/\\\/presbyteriancollege.ca\\\/fr\\\/retraite-des-pasteurs-sejour-au-college\\\/#primaryimage\",\"url\":\"https:\\\/\\\/presbyteriancollege.ca\\\/wp-content\\\/uploads\\\/2024\\\/07\\\/lightstock_880193_medium_roland_de_vries-scaled.jpeg\",\"contentUrl\":\"https:\\\/\\\/presbyteriancollege.ca\\\/wp-content\\\/uploads\\\/2024\\\/07\\\/lightstock_880193_medium_roland_de_vries-scaled.jpeg\",\"width\":2560,\"height\":797,\"caption\":\"Cup of coffee on a wooden table with smoke on the background\"},{\"@type\":\"BreadcrumbList\",\"@id\":\"https:\\\/\\\/presbyteriancollege.ca\\\/fr\\\/retraite-des-pasteurs-sejour-au-college\\\/#breadcrumb\",\"itemListElement\":[{\"@type\":\"ListItem\",\"position\":1,\"name\":\"Home\",\"item\":\"https:\\\/\\\/presbyteriancollege.ca\\\/fr\\\/\"},{\"@type\":\"ListItem\",\"position\":2,\"name\":\"Retraite des pasteurs &#8211; S\u00e9jour au coll\u00e8ge\"}]},{\"@type\":\"WebSite\",\"@id\":\"https:\\\/\\\/presbyteriancollege.ca\\\/#website\",\"url\":\"https:\\\/\\\/presbyteriancollege.ca\\\/\",\"name\":\"The Presbyterian College, Montreal\",\"description\":\"\",\"publisher\":{\"@id\":\"https:\\\/\\\/presbyteriancollege.ca\\\/#organization\"},\"potentialAction\":[{\"@type\":\"SearchAction\",\"target\":{\"@type\":\"EntryPoint\",\"urlTemplate\":\"https:\\\/\\\/presbyteriancollege.ca\\\/?s={search_term_string}\"},\"query-input\":{\"@type\":\"PropertyValueSpecification\",\"valueRequired\":true,\"valueName\":\"search_term_string\"}}],\"inLanguage\":\"fr-FR\"},{\"@type\":\"Organization\",\"@id\":\"https:\\\/\\\/presbyteriancollege.ca\\\/#organization\",\"name\":\"The Presbyterian College, Montreal\",\"url\":\"https:\\\/\\\/presbyteriancollege.ca\\\/\",\"logo\":{\"@type\":\"ImageObject\",\"inLanguage\":\"fr-FR\",\"@id\":\"https:\\\/\\\/presbyteriancollege.ca\\\/#\\\/schema\\\/logo\\\/image\\\/\",\"url\":\"https:\\\/\\\/presbyteriancollege.ca\\\/wordpress2021\\\/wp-content\\\/uploads\\\/2021\\\/05\\\/PC_logo_2021.png\",\"contentUrl\":\"https:\\\/\\\/presbyteriancollege.ca\\\/wordpress2021\\\/wp-content\\\/uploads\\\/2021\\\/05\\\/PC_logo_2021.png\",\"width\":2075,\"height\":545,\"caption\":\"The Presbyterian College, Montreal\"},\"image\":{\"@id\":\"https:\\\/\\\/presbyteriancollege.ca\\\/#\\\/schema\\\/logo\\\/image\\\/\"},\"sameAs\":[\"https:\\\/\\\/www.facebook.com\\\/PCleadershipcentre\",\"https:\\\/\\\/x.com\\\/presbycol\"]}]}<\/script>\n<!-- \/ Yoast SEO plugin. -->","yoast_head_json":{"title":"Retraite des pasteurs - S\u00e9jour au coll\u00e8ge - The Presbyterian College, Montreal","description":"Le coll\u00e8ge met \u00e0 disposition une suite pour les cong\u00e9s d'\u00e9tudes, la recherche ind\u00e9pendante et la participation \u00e0 la vie du coll\u00e8ge, pour le renouveau pastoral.","robots":{"index":"index","follow":"follow","max-snippet":"max-snippet:-1","max-image-preview":"max-image-preview:large","max-video-preview":"max-video-preview:-1"},"canonical":"https:\/\/presbyteriancollege.ca\/fr\/retraite-des-pasteurs-sejour-au-college\/","og_locale":"fr_FR","og_type":"article","og_title":"Retraite des pasteurs - S\u00e9jour au coll\u00e8ge - The Presbyterian College, Montreal","og_description":"Le coll\u00e8ge met \u00e0 disposition une suite pour les cong\u00e9s d'\u00e9tudes, la recherche ind\u00e9pendante et la participation \u00e0 la vie du coll\u00e8ge, pour le renouveau pastoral.","og_url":"https:\/\/presbyteriancollege.ca\/fr\/retraite-des-pasteurs-sejour-au-college\/","og_site_name":"The Presbyterian College, Montreal","article_publisher":"https:\/\/www.facebook.com\/PCleadershipcentre","og_image":[{"width":2560,"height":797,"url":"https:\/\/presbyteriancollege.ca\/wp-content\/uploads\/2024\/07\/lightstock_880193_medium_roland_de_vries-scaled.jpeg","type":"image\/jpeg"}],"twitter_card":"summary_large_image","twitter_site":"@presbycol","schema":{"@context":"https:\/\/schema.org","@graph":[{"@type":"WebPage","@id":"https:\/\/presbyteriancollege.ca\/fr\/retraite-des-pasteurs-sejour-au-college\/","url":"https:\/\/presbyteriancollege.ca\/fr\/retraite-des-pasteurs-sejour-au-college\/","name":"Retraite des pasteurs - S\u00e9jour au coll\u00e8ge - The Presbyterian College, Montreal","isPartOf":{"@id":"https:\/\/presbyteriancollege.ca\/#website"},"primaryImageOfPage":{"@id":"https:\/\/presbyteriancollege.ca\/fr\/retraite-des-pasteurs-sejour-au-college\/#primaryimage"},"image":{"@id":"https:\/\/presbyteriancollege.ca\/fr\/retraite-des-pasteurs-sejour-au-college\/#primaryimage"},"thumbnailUrl":"https:\/\/presbyteriancollege.ca\/wp-content\/uploads\/2024\/07\/lightstock_880193_medium_roland_de_vries-scaled.jpeg","datePublished":"2024-07-01T17:04:03+00:00","description":"Le coll\u00e8ge met \u00e0 disposition une suite pour les cong\u00e9s d'\u00e9tudes, la recherche ind\u00e9pendante et la participation \u00e0 la vie du coll\u00e8ge, pour le renouveau pastoral.","breadcrumb":{"@id":"https:\/\/presbyteriancollege.ca\/fr\/retraite-des-pasteurs-sejour-au-college\/#breadcrumb"},"inLanguage":"fr-FR","potentialAction":[{"@type":"ReadAction","target":["https:\/\/presbyteriancollege.ca\/fr\/retraite-des-pasteurs-sejour-au-college\/"]}]},{"@type":"ImageObject","inLanguage":"fr-FR","@id":"https:\/\/presbyteriancollege.ca\/fr\/retraite-des-pasteurs-sejour-au-college\/#primaryimage","url":"https:\/\/presbyteriancollege.ca\/wp-content\/uploads\/2024\/07\/lightstock_880193_medium_roland_de_vries-scaled.jpeg","contentUrl":"https:\/\/presbyteriancollege.ca\/wp-content\/uploads\/2024\/07\/lightstock_880193_medium_roland_de_vries-scaled.jpeg","width":2560,"height":797,"caption":"Cup of coffee on a wooden table with smoke on the background"},{"@type":"BreadcrumbList","@id":"https:\/\/presbyteriancollege.ca\/fr\/retraite-des-pasteurs-sejour-au-college\/#breadcrumb","itemListElement":[{"@type":"ListItem","position":1,"name":"Home","item":"https:\/\/presbyteriancollege.ca\/fr\/"},{"@type":"ListItem","position":2,"name":"Retraite des pasteurs &#8211; S\u00e9jour au coll\u00e8ge"}]},{"@type":"WebSite","@id":"https:\/\/presbyteriancollege.ca\/#website","url":"https:\/\/presbyteriancollege.ca\/","name":"The Presbyterian College, Montreal","description":"","publisher":{"@id":"https:\/\/presbyteriancollege.ca\/#organization"},"potentialAction":[{"@type":"SearchAction","target":{"@type":"EntryPoint","urlTemplate":"https:\/\/presbyteriancollege.ca\/?s={search_term_string}"},"query-input":{"@type":"PropertyValueSpecification","valueRequired":true,"valueName":"search_term_string"}}],"inLanguage":"fr-FR"},{"@type":"Organization","@id":"https:\/\/presbyteriancollege.ca\/#organization","name":"The Presbyterian College, Montreal","url":"https:\/\/presbyteriancollege.ca\/","logo":{"@type":"ImageObject","inLanguage":"fr-FR","@id":"https:\/\/presbyteriancollege.ca\/#\/schema\/logo\/image\/","url":"https:\/\/presbyteriancollege.ca\/wordpress2021\/wp-content\/uploads\/2021\/05\/PC_logo_2021.png","contentUrl":"https:\/\/presbyteriancollege.ca\/wordpress2021\/wp-content\/uploads\/2021\/05\/PC_logo_2021.png","width":2075,"height":545,"caption":"The Presbyterian College, Montreal"},"image":{"@id":"https:\/\/presbyteriancollege.ca\/#\/schema\/logo\/image\/"},"sameAs":["https:\/\/www.facebook.com\/PCleadershipcentre","https:\/\/x.com\/presbycol"]}]}},"_links":{"self":[{"href":"https:\/\/presbyteriancollege.ca\/fr\/wp-json\/wp\/v2\/pages\/14279","targetHints":{"allow":["GET"]}}],"collection":[{"href":"https:\/\/presbyteriancollege.ca\/fr\/wp-json\/wp\/v2\/pages"}],"about":[{"href":"https:\/\/presbyteriancollege.ca\/fr\/wp-json\/wp\/v2\/types\/page"}],"author":[{"embeddable":true,"href":"https:\/\/presbyteriancollege.ca\/fr\/wp-json\/wp\/v2\/users\/2"}],"replies":[{"embeddable":true,"href":"https:\/\/presbyteriancollege.ca\/fr\/wp-json\/wp\/v2\/comments?post=14279"}],"version-history":[{"count":0,"href":"https:\/\/presbyteriancollege.ca\/fr\/wp-json\/wp\/v2\/pages\/14279\/revisions"}],"wp:featuredmedia":[{"embeddable":true,"href":"https:\/\/presbyteriancollege.ca\/fr\/wp-json\/wp\/v2\/media\/14274"}],"wp:attachment":[{"href":"https:\/\/presbyteriancollege.ca\/fr\/wp-json\/wp\/v2\/media?parent=14279"}],"curies":[{"name":"wp","href":"https:\/\/api.w.org\/{rel}","templated":true}]}}