{"id":13593,"date":"2021-09-04T17:03:58","date_gmt":"2021-09-04T21:03:58","guid":{"rendered":"https:\/\/presbyteriancollege.ca\/programmes\/diplome-detudes-ministerielles\/"},"modified":"2024-02-02T11:17:28","modified_gmt":"2024-02-02T16:17:28","slug":"diplome-detudes-ministerielles","status":"publish","type":"page","link":"https:\/\/presbyteriancollege.ca\/fr\/programmes\/diplome-detudes-ministerielles\/","title":{"rendered":"Dipl\u00f4me d&#8217;\u00e9tudes minist\u00e9rielles"},"content":{"rendered":"\n<p class=\"has-text-align-center\"><em>Poursuivre votre dipl\u00f4me de minist\u00e8re au sein de la communaut\u00e9 d&#8217;adoration du Presbyterian College. <\/em><br\/><em>et \u00eatre transform\u00e9s par les \u00e9tudes et l&#8217;amiti\u00e9.<\/em><\/p>\n\n<p>Actuellement, ce programme n&#8217;est ouvert qu&#8217;aux r\u00e9sidents permanents au Canada, aux citoyens canadiens et \u00e0 certains citoyens am\u00e9ricains qui ont le droit de s\u00e9journer au Canada pendant une certaine p\u00e9riode. <\/p>\n\n<p>Le dipl\u00f4me de minist\u00e8re est un programme d&#8217;un an (30 cr\u00e9dits) con\u00e7u pour pr\u00e9parer les femmes et les hommes au minist\u00e8re au sein de l&#8217;\u00c9glise, en mettant clairement l&#8217;accent sur la pratique et la th\u00e9ologie du minist\u00e8re pastoral. Le contenu de ce programme est \u00e9quivalent \u00e0 la troisi\u00e8me ann\u00e9e du programme de ma\u00eetrise en th\u00e9ologie du Presbyterian College\/de l&#8217;\u00c9cole de th\u00e9ologie de Montr\u00e9al. Il s&#8217;agit d&#8217;une ann\u00e9e de formation professionnelle qui permet d&#8217;acqu\u00e9rir des comp\u00e9tences pour le minist\u00e8re. L&#8217;admission \u00e0 ce programme n\u00e9cessite g\u00e9n\u00e9ralement des \u00e9tudes th\u00e9ologiques pr\u00e9alables au niveau du M.Div. (ou \u00e9quivalent).<\/p>\n\n<p><strong>Qui suivra ce programme ?<\/strong><\/p>\n\n<p>Ce programme est g\u00e9n\u00e9ralement suivi par des \u00e9tudiants qui ont suivi deux ann\u00e9es d&#8217;\u00e9tudes th\u00e9ologiques avanc\u00e9es mais qui souhaitent suivre un programme pratique et th\u00e9ologique d&#8217;un an visant \u00e0 les \u00e9quiper plus compl\u00e8tement pour le minist\u00e8re pastoral.<\/p>\n\n<p><strong>Aper\u00e7u du programme<\/strong><\/p>\n\n<ul class=\"wp-block-list\">\n<li>Programme du Presbyterian College, avec le <a href=\"https:\/\/mst-etm.ca\/\" target=\"_blank\" rel=\"noreferrer noopener\">Montreal School of Theology<\/a><\/li>\n\n\n\n<li>Programme de 30 cr\u00e9dits en th\u00e9ologie pratique, formation au minist\u00e8re.<\/li>\n\n\n\n<li>Programme d&#8217;\u00e9tudes \u00e0 temps plein d&#8217;une dur\u00e9e d&#8217;un an<\/li>\n\n\n\n<li>Option en ligne, avec r\u00e9sidence limit\u00e9e<\/li>\n\n\n\n<li>Conditions d&#8217;admission : Deux ann\u00e9es d&#8217;\u00e9tudes en th\u00e9ologie \u00e0 un niveau avanc\u00e9.<\/li>\n<\/ul>\n\n<div class=\"wp-block-buttons is-layout-flex wp-block-buttons-is-layout-flex\">\n<div class=\"wp-block-button is-style-fill\"><a class=\"wp-block-button__link has-background wp-element-button\" href=\"https:\/\/presbyteriancollege.ca\/programs\/master-of-divinity\/diploma-ministry-details\/\" style=\"background-color:#138e91\" target=\"_blank\" rel=\"noreferrer noopener\">D\u00e9tails du programme de dipl\u00f4me<\/a><\/div>\n<\/div>\n\n<p><strong>D\u00e9tails du programme<\/strong><\/p>\n\n<p>Ce programme \u00e9quivaut \u00e0 la troisi\u00e8me ann\u00e9e de notre Master of Divinity et se d\u00e9roule de septembre \u00e0 avril. Le dipl\u00f4me en pastorale est construit sur un mod\u00e8le d&#8217;action-r\u00e9flexion, avec 60% du programme en classe et 40% du programme en stage de pastorale.<\/p>\n\n<ul class=\"wp-block-list\">\n<li>Stage de terrain supervis\u00e9 &#8211; 12 cr\u00e9dits<\/li>\n\n\n\n<li>La mission de l&#8217;\u00c9glise &#8211; 3 cr\u00e9dits<\/li>\n\n\n\n<li>Principes de la pr\u00e9dication &#8211; 3 cr\u00e9dits<\/li>\n\n\n\n<li>L&#8217;\u00e9ducation dans l&#8217;\u00c9glise &#8211; 2 cr\u00e9dits<\/li>\n\n\n\n<li>Leadership dans l&#8217;\u00c9glise &#8211; 2 cr\u00e9dits<\/li>\n\n\n\n<li>Soins pastoraux &#8211; 2 cr\u00e9dits<\/li>\n\n\n\n<li>\u00c9tudes confessionnelles &#8211; 6 cr\u00e9dits<\/li>\n<\/ul>\n\n<div class=\"wp-block-buttons is-horizontal is-content-justification-center is-layout-flex wp-container-core-buttons-is-layout-499968f5 wp-block-buttons-is-layout-flex\">\n<div class=\"wp-block-button is-style-fill\"><a class=\"wp-block-button__link has-background wp-element-button\" href=\"https:\/\/presbyteriancollege.ca\/programs\/master-of-divinity\/diploma-ministry-details\/\" style=\"background-color:#138e91\" target=\"_blank\" rel=\"noreferrer noopener\">D\u00e9tails du programme de dipl\u00f4me<\/a><\/div>\n<\/div>\n\n<p><strong>Rencontre interculturelle<\/strong><\/p>\n\n<p>Un \u00e9l\u00e9ment cl\u00e9 de notre programme est la rencontre interculturelle de troisi\u00e8me ann\u00e9e, qui prend actuellement la forme d&#8217;un voyage d&#8217;\u00e9tude d&#8217;une semaine \u00e0 Cuba. Ce voyage, qui se d\u00e9roulera au d\u00e9but du mois de janvier, vous permettra de d\u00e9couvrir la vie de l&#8217;\u00c9glise \u00e0 Cuba, ainsi que sa culture et son histoire. Pour plus d&#8217;informations sur notre organisation partenaire, le S\u00e9minaire th\u00e9ologique \u00e9vang\u00e9lique de Matanzas, cliquez <a href=\"https:\/\/www.setcuba.org\/\" target=\"_blank\" rel=\"noreferrer noopener\">ici<\/a>. Cette exp\u00e9rience vous aidera \u00e0 explorer ce que signifie le fait que le minist\u00e8re et la mission sont toujours contextuels, fa\u00e7onn\u00e9s par des langues, des cultures et des histoires particuli\u00e8res. Notre programme d\u00e9veloppe \u00e9galement une composante significative orient\u00e9e vers l&#8217;apprentissage et le dialogue avec les communaut\u00e9s indig\u00e8nes du Canada<\/p>\n\n<p><strong>Une communaut\u00e9 d\u2019adoration et de pri\u00e8re<\/strong><\/p>\n\n<p>L\u2019\u00e9tude de la th\u00e9ologie n\u00e9cessite un engagement intellectuel significatif. Cela dit, la croissance de la vie spirituelle est \u00e9galement essentielle \u00e0 la formation sacerdotale. Rejoindre le Presbyterian College, c&#8217;est faire partie d&#8217;une communaut\u00e9 chaleureuse qui prie ensemble, loue ensemble et partage les repas ensemble. Vous serez transform\u00e9s et pr\u00e9par\u00e9s par l\u2019\u00e9tude, la louange, la pri\u00e8re et la c\u00e9l\u00e9bration en tant que Corps du Christ. Pour plus de d\u00e9tails sur notre vie communautaire,<a href=\"https:\/\/presbyteriancollege.ca\/fr\/la-vie-communautaire\/\" target=\"_blank\" rel=\"noreferrer noopener\">cliquez ici<\/a>.<\/p>\n","protected":false},"excerpt":{"rendered":"<p>Poursuivre votre dipl\u00f4me de minist\u00e8re au sein de la communaut\u00e9 d&#8217;adoration du Presbyterian College. et \u00eatre transform\u00e9s par les \u00e9tudes et l&#8217;amiti\u00e9. Actuellement, ce programme n&#8217;est ouvert qu&#8217;aux r\u00e9sidents permanents [&hellip;]<\/p>\n","protected":false},"author":2,"featured_media":11787,"parent":13137,"menu_order":1,"comment_status":"closed","ping_status":"closed","template":"","meta":{"episode_type":"","audio_file":"","cover_image":"","cover_image_id":"","duration":"","filesize":"","filesize_raw":"","date_recorded":"","explicit":"","block":"","footnotes":""},"class_list":["post-13593","page","type-page","status-publish","has-post-thumbnail","hentry"],"yoast_head":"<!-- This site is optimized with the Yoast SEO plugin v27.0 - https:\/\/yoast.com\/product\/yoast-seo-wordpress\/ -->\n<title>Dipl\u00f4me d&#039;\u00e9tudes minist\u00e9rielles - The Presbyterian College, Montreal<\/title>\n<meta name=\"description\" content=\"Vous avez une vision pour servir l&#039;\u00e9glise et le quartier, et nous sommes l\u00e0 pour vous \u00e9quiper afin de r\u00e9aliser votre vision. Poursuivez votre Dipl\u00f4me de minist\u00e8re.\" \/>\n<meta name=\"robots\" content=\"index, follow, max-snippet:-1, max-image-preview:large, max-video-preview:-1\" \/>\n<link rel=\"canonical\" href=\"https:\/\/presbyteriancollege.ca\/fr\/programmes\/diplome-detudes-ministerielles\/\" \/>\n<meta property=\"og:locale\" content=\"fr_FR\" \/>\n<meta property=\"og:type\" content=\"article\" \/>\n<meta property=\"og:title\" content=\"Dipl\u00f4me d&#039;\u00e9tudes minist\u00e9rielles - The Presbyterian College, Montreal\" \/>\n<meta property=\"og:description\" content=\"Vous avez une vision pour servir l&#039;\u00e9glise et le quartier, et nous sommes l\u00e0 pour vous \u00e9quiper afin de r\u00e9aliser votre vision. Poursuivez votre Dipl\u00f4me de minist\u00e8re.\" \/>\n<meta property=\"og:url\" content=\"https:\/\/presbyteriancollege.ca\/fr\/programmes\/diplome-detudes-ministerielles\/\" \/>\n<meta property=\"og:site_name\" content=\"The Presbyterian College, Montreal\" \/>\n<meta property=\"article:publisher\" content=\"https:\/\/www.facebook.com\/PCleadershipcentre\" \/>\n<meta property=\"article:modified_time\" content=\"2024-02-02T16:17:28+00:00\" \/>\n<meta property=\"og:image\" content=\"https:\/\/presbyteriancollege.ca\/wp-content\/uploads\/2021\/07\/Pres_299-scaled.jpeg\" \/>\n\t<meta property=\"og:image:width\" content=\"2560\" \/>\n\t<meta property=\"og:image:height\" content=\"1212\" \/>\n\t<meta property=\"og:image:type\" content=\"image\/jpeg\" \/>\n<meta name=\"twitter:card\" content=\"summary_large_image\" \/>\n<meta name=\"twitter:site\" content=\"@presbycol\" \/>\n<meta name=\"twitter:label1\" content=\"Est. reading time\" \/>\n\t<meta name=\"twitter:data1\" content=\"3 minutes\" \/>\n<script type=\"application\/ld+json\" class=\"yoast-schema-graph\">{\"@context\":\"https:\/\/schema.org\",\"@graph\":[{\"@type\":\"WebPage\",\"@id\":\"https:\/\/presbyteriancollege.ca\/fr\/programmes\/diplome-detudes-ministerielles\/\",\"url\":\"https:\/\/presbyteriancollege.ca\/fr\/programmes\/diplome-detudes-ministerielles\/\",\"name\":\"Dipl\u00f4me d'\u00e9tudes minist\u00e9rielles - The Presbyterian College, Montreal\",\"isPartOf\":{\"@id\":\"https:\/\/presbyteriancollege.ca\/#website\"},\"primaryImageOfPage\":{\"@id\":\"https:\/\/presbyteriancollege.ca\/fr\/programmes\/diplome-detudes-ministerielles\/#primaryimage\"},\"image\":{\"@id\":\"https:\/\/presbyteriancollege.ca\/fr\/programmes\/diplome-detudes-ministerielles\/#primaryimage\"},\"thumbnailUrl\":\"https:\/\/presbyteriancollege.ca\/wp-content\/uploads\/2021\/07\/Pres_299-scaled.jpeg\",\"datePublished\":\"2021-09-04T21:03:58+00:00\",\"dateModified\":\"2024-02-02T16:17:28+00:00\",\"description\":\"Vous avez une vision pour servir l'\u00e9glise et le quartier, et nous sommes l\u00e0 pour vous \u00e9quiper afin de r\u00e9aliser votre vision. Poursuivez votre Dipl\u00f4me de minist\u00e8re.\",\"breadcrumb\":{\"@id\":\"https:\/\/presbyteriancollege.ca\/fr\/programmes\/diplome-detudes-ministerielles\/#breadcrumb\"},\"inLanguage\":\"fr-FR\",\"potentialAction\":[{\"@type\":\"ReadAction\",\"target\":[\"https:\/\/presbyteriancollege.ca\/fr\/programmes\/diplome-detudes-ministerielles\/\"]}]},{\"@type\":\"ImageObject\",\"inLanguage\":\"fr-FR\",\"@id\":\"https:\/\/presbyteriancollege.ca\/fr\/programmes\/diplome-detudes-ministerielles\/#primaryimage\",\"url\":\"https:\/\/presbyteriancollege.ca\/wp-content\/uploads\/2021\/07\/Pres_299-scaled.jpeg\",\"contentUrl\":\"https:\/\/presbyteriancollege.ca\/wp-content\/uploads\/2021\/07\/Pres_299-scaled.jpeg\",\"width\":2560,\"height\":1212},{\"@type\":\"BreadcrumbList\",\"@id\":\"https:\/\/presbyteriancollege.ca\/fr\/programmes\/diplome-detudes-ministerielles\/#breadcrumb\",\"itemListElement\":[{\"@type\":\"ListItem\",\"position\":1,\"name\":\"Home\",\"item\":\"https:\/\/presbyteriancollege.ca\/fr\/\"},{\"@type\":\"ListItem\",\"position\":2,\"name\":\"Programmes\",\"item\":\"https:\/\/presbyteriancollege.ca\/fr\/programmes\/\"},{\"@type\":\"ListItem\",\"position\":3,\"name\":\"Dipl\u00f4me d&#8217;\u00e9tudes minist\u00e9rielles\"}]},{\"@type\":\"WebSite\",\"@id\":\"https:\/\/presbyteriancollege.ca\/#website\",\"url\":\"https:\/\/presbyteriancollege.ca\/\",\"name\":\"The Presbyterian College, Montreal\",\"description\":\"\",\"publisher\":{\"@id\":\"https:\/\/presbyteriancollege.ca\/#organization\"},\"potentialAction\":[{\"@type\":\"SearchAction\",\"target\":{\"@type\":\"EntryPoint\",\"urlTemplate\":\"https:\/\/presbyteriancollege.ca\/?s={search_term_string}\"},\"query-input\":{\"@type\":\"PropertyValueSpecification\",\"valueRequired\":true,\"valueName\":\"search_term_string\"}}],\"inLanguage\":\"fr-FR\"},{\"@type\":\"Organization\",\"@id\":\"https:\/\/presbyteriancollege.ca\/#organization\",\"name\":\"The Presbyterian College, Montreal\",\"url\":\"https:\/\/presbyteriancollege.ca\/\",\"logo\":{\"@type\":\"ImageObject\",\"inLanguage\":\"fr-FR\",\"@id\":\"https:\/\/presbyteriancollege.ca\/#\/schema\/logo\/image\/\",\"url\":\"https:\/\/presbyteriancollege.ca\/wordpress2021\/wp-content\/uploads\/2021\/05\/PC_logo_2021.png\",\"contentUrl\":\"https:\/\/presbyteriancollege.ca\/wordpress2021\/wp-content\/uploads\/2021\/05\/PC_logo_2021.png\",\"width\":2075,\"height\":545,\"caption\":\"The Presbyterian College, Montreal\"},\"image\":{\"@id\":\"https:\/\/presbyteriancollege.ca\/#\/schema\/logo\/image\/\"},\"sameAs\":[\"https:\/\/www.facebook.com\/PCleadershipcentre\",\"https:\/\/x.com\/presbycol\"]}]}<\/script>\n<!-- \/ Yoast SEO plugin. -->","yoast_head_json":{"title":"Dipl\u00f4me d'\u00e9tudes minist\u00e9rielles - The Presbyterian College, Montreal","description":"Vous avez une vision pour servir l'\u00e9glise et le quartier, et nous sommes l\u00e0 pour vous \u00e9quiper afin de r\u00e9aliser votre vision. Poursuivez votre Dipl\u00f4me de minist\u00e8re.","robots":{"index":"index","follow":"follow","max-snippet":"max-snippet:-1","max-image-preview":"max-image-preview:large","max-video-preview":"max-video-preview:-1"},"canonical":"https:\/\/presbyteriancollege.ca\/fr\/programmes\/diplome-detudes-ministerielles\/","og_locale":"fr_FR","og_type":"article","og_title":"Dipl\u00f4me d'\u00e9tudes minist\u00e9rielles - The Presbyterian College, Montreal","og_description":"Vous avez une vision pour servir l'\u00e9glise et le quartier, et nous sommes l\u00e0 pour vous \u00e9quiper afin de r\u00e9aliser votre vision. Poursuivez votre Dipl\u00f4me de minist\u00e8re.","og_url":"https:\/\/presbyteriancollege.ca\/fr\/programmes\/diplome-detudes-ministerielles\/","og_site_name":"The Presbyterian College, Montreal","article_publisher":"https:\/\/www.facebook.com\/PCleadershipcentre","article_modified_time":"2024-02-02T16:17:28+00:00","og_image":[{"width":2560,"height":1212,"url":"https:\/\/presbyteriancollege.ca\/wp-content\/uploads\/2021\/07\/Pres_299-scaled.jpeg","type":"image\/jpeg"}],"twitter_card":"summary_large_image","twitter_site":"@presbycol","twitter_misc":{"Est. reading time":"3 minutes"},"schema":{"@context":"https:\/\/schema.org","@graph":[{"@type":"WebPage","@id":"https:\/\/presbyteriancollege.ca\/fr\/programmes\/diplome-detudes-ministerielles\/","url":"https:\/\/presbyteriancollege.ca\/fr\/programmes\/diplome-detudes-ministerielles\/","name":"Dipl\u00f4me d'\u00e9tudes minist\u00e9rielles - The Presbyterian College, Montreal","isPartOf":{"@id":"https:\/\/presbyteriancollege.ca\/#website"},"primaryImageOfPage":{"@id":"https:\/\/presbyteriancollege.ca\/fr\/programmes\/diplome-detudes-ministerielles\/#primaryimage"},"image":{"@id":"https:\/\/presbyteriancollege.ca\/fr\/programmes\/diplome-detudes-ministerielles\/#primaryimage"},"thumbnailUrl":"https:\/\/presbyteriancollege.ca\/wp-content\/uploads\/2021\/07\/Pres_299-scaled.jpeg","datePublished":"2021-09-04T21:03:58+00:00","dateModified":"2024-02-02T16:17:28+00:00","description":"Vous avez une vision pour servir l'\u00e9glise et le quartier, et nous sommes l\u00e0 pour vous \u00e9quiper afin de r\u00e9aliser votre vision. Poursuivez votre Dipl\u00f4me de minist\u00e8re.","breadcrumb":{"@id":"https:\/\/presbyteriancollege.ca\/fr\/programmes\/diplome-detudes-ministerielles\/#breadcrumb"},"inLanguage":"fr-FR","potentialAction":[{"@type":"ReadAction","target":["https:\/\/presbyteriancollege.ca\/fr\/programmes\/diplome-detudes-ministerielles\/"]}]},{"@type":"ImageObject","inLanguage":"fr-FR","@id":"https:\/\/presbyteriancollege.ca\/fr\/programmes\/diplome-detudes-ministerielles\/#primaryimage","url":"https:\/\/presbyteriancollege.ca\/wp-content\/uploads\/2021\/07\/Pres_299-scaled.jpeg","contentUrl":"https:\/\/presbyteriancollege.ca\/wp-content\/uploads\/2021\/07\/Pres_299-scaled.jpeg","width":2560,"height":1212},{"@type":"BreadcrumbList","@id":"https:\/\/presbyteriancollege.ca\/fr\/programmes\/diplome-detudes-ministerielles\/#breadcrumb","itemListElement":[{"@type":"ListItem","position":1,"name":"Home","item":"https:\/\/presbyteriancollege.ca\/fr\/"},{"@type":"ListItem","position":2,"name":"Programmes","item":"https:\/\/presbyteriancollege.ca\/fr\/programmes\/"},{"@type":"ListItem","position":3,"name":"Dipl\u00f4me d&#8217;\u00e9tudes minist\u00e9rielles"}]},{"@type":"WebSite","@id":"https:\/\/presbyteriancollege.ca\/#website","url":"https:\/\/presbyteriancollege.ca\/","name":"The Presbyterian College, Montreal","description":"","publisher":{"@id":"https:\/\/presbyteriancollege.ca\/#organization"},"potentialAction":[{"@type":"SearchAction","target":{"@type":"EntryPoint","urlTemplate":"https:\/\/presbyteriancollege.ca\/?s={search_term_string}"},"query-input":{"@type":"PropertyValueSpecification","valueRequired":true,"valueName":"search_term_string"}}],"inLanguage":"fr-FR"},{"@type":"Organization","@id":"https:\/\/presbyteriancollege.ca\/#organization","name":"The Presbyterian College, Montreal","url":"https:\/\/presbyteriancollege.ca\/","logo":{"@type":"ImageObject","inLanguage":"fr-FR","@id":"https:\/\/presbyteriancollege.ca\/#\/schema\/logo\/image\/","url":"https:\/\/presbyteriancollege.ca\/wordpress2021\/wp-content\/uploads\/2021\/05\/PC_logo_2021.png","contentUrl":"https:\/\/presbyteriancollege.ca\/wordpress2021\/wp-content\/uploads\/2021\/05\/PC_logo_2021.png","width":2075,"height":545,"caption":"The Presbyterian College, Montreal"},"image":{"@id":"https:\/\/presbyteriancollege.ca\/#\/schema\/logo\/image\/"},"sameAs":["https:\/\/www.facebook.com\/PCleadershipcentre","https:\/\/x.com\/presbycol"]}]}},"_links":{"self":[{"href":"https:\/\/presbyteriancollege.ca\/fr\/wp-json\/wp\/v2\/pages\/13593","targetHints":{"allow":["GET"]}}],"collection":[{"href":"https:\/\/presbyteriancollege.ca\/fr\/wp-json\/wp\/v2\/pages"}],"about":[{"href":"https:\/\/presbyteriancollege.ca\/fr\/wp-json\/wp\/v2\/types\/page"}],"author":[{"embeddable":true,"href":"https:\/\/presbyteriancollege.ca\/fr\/wp-json\/wp\/v2\/users\/2"}],"replies":[{"embeddable":true,"href":"https:\/\/presbyteriancollege.ca\/fr\/wp-json\/wp\/v2\/comments?post=13593"}],"version-history":[{"count":0,"href":"https:\/\/presbyteriancollege.ca\/fr\/wp-json\/wp\/v2\/pages\/13593\/revisions"}],"up":[{"embeddable":true,"href":"https:\/\/presbyteriancollege.ca\/fr\/wp-json\/wp\/v2\/pages\/13137"}],"wp:featuredmedia":[{"embeddable":true,"href":"https:\/\/presbyteriancollege.ca\/fr\/wp-json\/wp\/v2\/media\/11787"}],"wp:attachment":[{"href":"https:\/\/presbyteriancollege.ca\/fr\/wp-json\/wp\/v2\/media?parent=13593"}],"curies":[{"name":"wp","href":"https:\/\/api.w.org\/{rel}","templated":true}]}}