{"id":13564,"date":"2021-06-22T17:08:05","date_gmt":"2021-06-22T21:08:05","guid":{"rendered":"https:\/\/presbyteriancollege.ca\/a-propos-de-nous\/personnel\/"},"modified":"2021-06-22T17:08:05","modified_gmt":"2021-06-22T21:08:05","slug":"personnel","status":"publish","type":"page","link":"https:\/\/presbyteriancollege.ca\/fr\/a-propos-de-nous\/personnel\/","title":{"rendered":"Personnel"},"content":{"rendered":"","protected":false},"excerpt":{"rendered":"","protected":false},"author":2,"featured_media":0,"parent":13107,"menu_order":0,"comment_status":"closed","ping_status":"closed","template":"","meta":{"episode_type":"","audio_file":"","cover_image":"","cover_image_id":"","duration":"","filesize":"","filesize_raw":"","date_recorded":"","explicit":"","block":"","footnotes":""},"class_list":["post-13564","page","type-page","status-publish","hentry"],"yoast_head":"<!-- This site is optimized with the Yoast SEO plugin v27.0 - https:\/\/yoast.com\/product\/yoast-seo-wordpress\/ -->\n<title>Personnel - The Presbyterian College, Montreal<\/title>\n<meta name=\"description\" content=\"Le personnel du Presbyterian College est une \u00e9quipe dynamique, chaleureuse et comp\u00e9tente. Ils sont pr\u00eats \u00e0 vous servir et \u00e0 r\u00e9pondre \u00e0 vos questions.\" \/>\n<meta name=\"robots\" content=\"index, follow, max-snippet:-1, max-image-preview:large, max-video-preview:-1\" \/>\n<link rel=\"canonical\" href=\"https:\/\/presbyteriancollege.ca\/fr\/a-propos-de-nous\/personnel\/\" \/>\n<meta property=\"og:locale\" content=\"fr_FR\" \/>\n<meta property=\"og:type\" content=\"article\" \/>\n<meta property=\"og:title\" content=\"Personnel - The Presbyterian College, Montreal\" \/>\n<meta property=\"og:description\" content=\"Le personnel du Presbyterian College est une \u00e9quipe dynamique, chaleureuse et comp\u00e9tente. Ils sont pr\u00eats \u00e0 vous servir et \u00e0 r\u00e9pondre \u00e0 vos questions.\" \/>\n<meta property=\"og:url\" content=\"https:\/\/presbyteriancollege.ca\/fr\/a-propos-de-nous\/personnel\/\" \/>\n<meta property=\"og:site_name\" content=\"The Presbyterian College, Montreal\" \/>\n<meta property=\"article:publisher\" content=\"https:\/\/www.facebook.com\/PCleadershipcentre\" \/>\n<meta name=\"twitter:card\" content=\"summary_large_image\" \/>\n<meta name=\"twitter:site\" content=\"@presbycol\" \/>\n<script type=\"application\/ld+json\" class=\"yoast-schema-graph\">{\"@context\":\"https:\/\/schema.org\",\"@graph\":[{\"@type\":\"WebPage\",\"@id\":\"https:\/\/presbyteriancollege.ca\/fr\/a-propos-de-nous\/personnel\/\",\"url\":\"https:\/\/presbyteriancollege.ca\/fr\/a-propos-de-nous\/personnel\/\",\"name\":\"Personnel - The Presbyterian College, Montreal\",\"isPartOf\":{\"@id\":\"https:\/\/presbyteriancollege.ca\/#website\"},\"datePublished\":\"2021-06-22T21:08:05+00:00\",\"description\":\"Le personnel du Presbyterian College est une \u00e9quipe dynamique, chaleureuse et comp\u00e9tente. Ils sont pr\u00eats \u00e0 vous servir et \u00e0 r\u00e9pondre \u00e0 vos questions.\",\"breadcrumb\":{\"@id\":\"https:\/\/presbyteriancollege.ca\/fr\/a-propos-de-nous\/personnel\/#breadcrumb\"},\"inLanguage\":\"fr-FR\",\"potentialAction\":[{\"@type\":\"ReadAction\",\"target\":[\"https:\/\/presbyteriancollege.ca\/fr\/a-propos-de-nous\/personnel\/\"]}]},{\"@type\":\"BreadcrumbList\",\"@id\":\"https:\/\/presbyteriancollege.ca\/fr\/a-propos-de-nous\/personnel\/#breadcrumb\",\"itemListElement\":[{\"@type\":\"ListItem\",\"position\":1,\"name\":\"Home\",\"item\":\"https:\/\/presbyteriancollege.ca\/fr\/\"},{\"@type\":\"ListItem\",\"position\":2,\"name\":\"\u00c0 propos\",\"item\":\"https:\/\/presbyteriancollege.ca\/fr\/a-propos-de-nous\/\"},{\"@type\":\"ListItem\",\"position\":3,\"name\":\"Personnel\"}]},{\"@type\":\"WebSite\",\"@id\":\"https:\/\/presbyteriancollege.ca\/#website\",\"url\":\"https:\/\/presbyteriancollege.ca\/\",\"name\":\"The Presbyterian College, Montreal\",\"description\":\"\",\"publisher\":{\"@id\":\"https:\/\/presbyteriancollege.ca\/#organization\"},\"potentialAction\":[{\"@type\":\"SearchAction\",\"target\":{\"@type\":\"EntryPoint\",\"urlTemplate\":\"https:\/\/presbyteriancollege.ca\/?s={search_term_string}\"},\"query-input\":{\"@type\":\"PropertyValueSpecification\",\"valueRequired\":true,\"valueName\":\"search_term_string\"}}],\"inLanguage\":\"fr-FR\"},{\"@type\":\"Organization\",\"@id\":\"https:\/\/presbyteriancollege.ca\/#organization\",\"name\":\"The Presbyterian College, Montreal\",\"url\":\"https:\/\/presbyteriancollege.ca\/\",\"logo\":{\"@type\":\"ImageObject\",\"inLanguage\":\"fr-FR\",\"@id\":\"https:\/\/presbyteriancollege.ca\/#\/schema\/logo\/image\/\",\"url\":\"https:\/\/presbyteriancollege.ca\/wordpress2021\/wp-content\/uploads\/2021\/05\/PC_logo_2021.png\",\"contentUrl\":\"https:\/\/presbyteriancollege.ca\/wordpress2021\/wp-content\/uploads\/2021\/05\/PC_logo_2021.png\",\"width\":2075,\"height\":545,\"caption\":\"The Presbyterian College, Montreal\"},\"image\":{\"@id\":\"https:\/\/presbyteriancollege.ca\/#\/schema\/logo\/image\/\"},\"sameAs\":[\"https:\/\/www.facebook.com\/PCleadershipcentre\",\"https:\/\/x.com\/presbycol\"]}]}<\/script>\n<!-- \/ Yoast SEO plugin. -->","yoast_head_json":{"title":"Personnel - The Presbyterian College, Montreal","description":"Le personnel du Presbyterian College est une \u00e9quipe dynamique, chaleureuse et comp\u00e9tente. Ils sont pr\u00eats \u00e0 vous servir et \u00e0 r\u00e9pondre \u00e0 vos questions.","robots":{"index":"index","follow":"follow","max-snippet":"max-snippet:-1","max-image-preview":"max-image-preview:large","max-video-preview":"max-video-preview:-1"},"canonical":"https:\/\/presbyteriancollege.ca\/fr\/a-propos-de-nous\/personnel\/","og_locale":"fr_FR","og_type":"article","og_title":"Personnel - The Presbyterian College, Montreal","og_description":"Le personnel du Presbyterian College est une \u00e9quipe dynamique, chaleureuse et comp\u00e9tente. Ils sont pr\u00eats \u00e0 vous servir et \u00e0 r\u00e9pondre \u00e0 vos questions.","og_url":"https:\/\/presbyteriancollege.ca\/fr\/a-propos-de-nous\/personnel\/","og_site_name":"The Presbyterian College, Montreal","article_publisher":"https:\/\/www.facebook.com\/PCleadershipcentre","twitter_card":"summary_large_image","twitter_site":"@presbycol","schema":{"@context":"https:\/\/schema.org","@graph":[{"@type":"WebPage","@id":"https:\/\/presbyteriancollege.ca\/fr\/a-propos-de-nous\/personnel\/","url":"https:\/\/presbyteriancollege.ca\/fr\/a-propos-de-nous\/personnel\/","name":"Personnel - The Presbyterian College, Montreal","isPartOf":{"@id":"https:\/\/presbyteriancollege.ca\/#website"},"datePublished":"2021-06-22T21:08:05+00:00","description":"Le personnel du Presbyterian College est une \u00e9quipe dynamique, chaleureuse et comp\u00e9tente. Ils sont pr\u00eats \u00e0 vous servir et \u00e0 r\u00e9pondre \u00e0 vos questions.","breadcrumb":{"@id":"https:\/\/presbyteriancollege.ca\/fr\/a-propos-de-nous\/personnel\/#breadcrumb"},"inLanguage":"fr-FR","potentialAction":[{"@type":"ReadAction","target":["https:\/\/presbyteriancollege.ca\/fr\/a-propos-de-nous\/personnel\/"]}]},{"@type":"BreadcrumbList","@id":"https:\/\/presbyteriancollege.ca\/fr\/a-propos-de-nous\/personnel\/#breadcrumb","itemListElement":[{"@type":"ListItem","position":1,"name":"Home","item":"https:\/\/presbyteriancollege.ca\/fr\/"},{"@type":"ListItem","position":2,"name":"\u00c0 propos","item":"https:\/\/presbyteriancollege.ca\/fr\/a-propos-de-nous\/"},{"@type":"ListItem","position":3,"name":"Personnel"}]},{"@type":"WebSite","@id":"https:\/\/presbyteriancollege.ca\/#website","url":"https:\/\/presbyteriancollege.ca\/","name":"The Presbyterian College, Montreal","description":"","publisher":{"@id":"https:\/\/presbyteriancollege.ca\/#organization"},"potentialAction":[{"@type":"SearchAction","target":{"@type":"EntryPoint","urlTemplate":"https:\/\/presbyteriancollege.ca\/?s={search_term_string}"},"query-input":{"@type":"PropertyValueSpecification","valueRequired":true,"valueName":"search_term_string"}}],"inLanguage":"fr-FR"},{"@type":"Organization","@id":"https:\/\/presbyteriancollege.ca\/#organization","name":"The Presbyterian College, Montreal","url":"https:\/\/presbyteriancollege.ca\/","logo":{"@type":"ImageObject","inLanguage":"fr-FR","@id":"https:\/\/presbyteriancollege.ca\/#\/schema\/logo\/image\/","url":"https:\/\/presbyteriancollege.ca\/wordpress2021\/wp-content\/uploads\/2021\/05\/PC_logo_2021.png","contentUrl":"https:\/\/presbyteriancollege.ca\/wordpress2021\/wp-content\/uploads\/2021\/05\/PC_logo_2021.png","width":2075,"height":545,"caption":"The Presbyterian College, Montreal"},"image":{"@id":"https:\/\/presbyteriancollege.ca\/#\/schema\/logo\/image\/"},"sameAs":["https:\/\/www.facebook.com\/PCleadershipcentre","https:\/\/x.com\/presbycol"]}]}},"_links":{"self":[{"href":"https:\/\/presbyteriancollege.ca\/fr\/wp-json\/wp\/v2\/pages\/13564","targetHints":{"allow":["GET"]}}],"collection":[{"href":"https:\/\/presbyteriancollege.ca\/fr\/wp-json\/wp\/v2\/pages"}],"about":[{"href":"https:\/\/presbyteriancollege.ca\/fr\/wp-json\/wp\/v2\/types\/page"}],"author":[{"embeddable":true,"href":"https:\/\/presbyteriancollege.ca\/fr\/wp-json\/wp\/v2\/users\/2"}],"replies":[{"embeddable":true,"href":"https:\/\/presbyteriancollege.ca\/fr\/wp-json\/wp\/v2\/comments?post=13564"}],"version-history":[{"count":0,"href":"https:\/\/presbyteriancollege.ca\/fr\/wp-json\/wp\/v2\/pages\/13564\/revisions"}],"up":[{"embeddable":true,"href":"https:\/\/presbyteriancollege.ca\/fr\/wp-json\/wp\/v2\/pages\/13107"}],"wp:attachment":[{"href":"https:\/\/presbyteriancollege.ca\/fr\/wp-json\/wp\/v2\/media?parent=13564"}],"curies":[{"name":"wp","href":"https:\/\/api.w.org\/{rel}","templated":true}]}}