{"id":13561,"date":"2021-09-05T20:28:42","date_gmt":"2021-09-06T00:28:42","guid":{"rendered":"https:\/\/presbyteriancollege.ca\/bulletin-dinformation\/"},"modified":"2024-11-18T10:55:41","modified_gmt":"2024-11-18T15:55:41","slug":"bulletin-dinformation","status":"publish","type":"page","link":"https:\/\/presbyteriancollege.ca\/fr\/bulletin-dinformation\/","title":{"rendered":"Bulletin d&#8217;information"},"content":{"rendered":"\n<p>Le bulletin d&#8217;information du Coll\u00e8ge presbyt\u00e9rien est publi\u00e9 deux fois par an, au printemps et \u00e0 l&#8217;automne. Il se passe beaucoup de choses dans la vie du coll\u00e8ge, et la lettre d&#8217;information est un moyen de partager quelques-uns de ces moments avec nos amis et nos sympathisants. Consultez les bulletins d&#8217;information pr\u00e9c\u00e9dents, ci-dessous ! (Disponible uniquement en anglais pour le moment).<\/p>\n\n\n\n<p>Si vous avez une id\u00e9e pour un article \u00e0 publier dans le bulletin d&#8217;information ou si vous souhaitez r\u00e9agir \u00e0 un article que vous avez lu, faites-le nous savoir \u00e0 l&#8217;adresse suivante <a href=\"mailto:communications@pcmtl.ca\">communications@pcmtl.ca<\/a>. Nous serons heureux de vous entendre ! <\/p>\n\n\n\n<div data-wp-interactive=\"core\/file\" class=\"wp-block-file\"><object data-wp-bind--hidden=\"!state.hasPdfPreview\" hidden class=\"wp-block-file__embed\" data=\"https:\/\/presbyteriancollege.ca\/wp-content\/uploads\/2024\/11\/Presbyterian-College-Newsletter-2024-2-FR-1-1.pdf\" type=\"application\/pdf\" style=\"width:100%;height:600px\" aria-label=\"Embed of Presbyterian-College-Newsletter-2024-2-FR-1-1.\"><\/object><a id=\"wp-block-file--media-304f610d-395a-4f5a-902e-989707aca9a7\" href=\"https:\/\/presbyteriancollege.ca\/wp-content\/uploads\/2024\/11\/Presbyterian-College-Newsletter-2024-2-FR-1-1.pdf\">Presbyterian-College-Newsletter-2024-2-FR-1-1<\/a><a href=\"https:\/\/presbyteriancollege.ca\/wp-content\/uploads\/2024\/11\/Presbyterian-College-Newsletter-2024-2-FR-1-1.pdf\" class=\"wp-block-file__button wp-element-button\" download aria-describedby=\"wp-block-file--media-304f610d-395a-4f5a-902e-989707aca9a7\">Download<\/a><\/div>\n\n\n\n<div data-wp-interactive=\"core\/file\" class=\"wp-block-file\"><object data-wp-bind--hidden=\"!state.hasPdfPreview\" hidden class=\"wp-block-file__embed\" data=\"https:\/\/presbyteriancollege.ca\/wp-content\/uploads\/2024\/10\/Presbyterian-College-Newsletter-2024-1-FR-1-1.pdf\" type=\"application\/pdf\" style=\"width:100%;height:600px\" aria-label=\"Embed of Presbyterian-College-Newsletter-2024-1-FR-1-1.\"><\/object><a id=\"wp-block-file--media-eb0621a8-967a-4ca8-84b5-7f3893b68a6d\" href=\"https:\/\/presbyteriancollege.ca\/wp-content\/uploads\/2024\/10\/Presbyterian-College-Newsletter-2024-1-FR-1-1.pdf\">Presbyterian-College-Newsletter-2024-1-FR-1-1<\/a><a href=\"https:\/\/presbyteriancollege.ca\/wp-content\/uploads\/2024\/10\/Presbyterian-College-Newsletter-2024-1-FR-1-1.pdf\" class=\"wp-block-file__button wp-element-button\" download aria-describedby=\"wp-block-file--media-eb0621a8-967a-4ca8-84b5-7f3893b68a6d\">Download<\/a><\/div>\n","protected":false},"excerpt":{"rendered":"<p>Le bulletin d&#8217;information du Coll\u00e8ge presbyt\u00e9rien est publi\u00e9 deux fois par an, au printemps et \u00e0 l&#8217;automne. Il se passe beaucoup de choses dans la vie du coll\u00e8ge, et la [&hellip;]<\/p>\n","protected":false},"author":2,"featured_media":0,"parent":0,"menu_order":0,"comment_status":"closed","ping_status":"closed","template":"","meta":{"episode_type":"","audio_file":"","podmotor_file_id":"","podmotor_episode_id":"","cover_image":"","cover_image_id":"","duration":"","filesize":"","filesize_raw":"","date_recorded":"","explicit":"","block":"","footnotes":""},"class_list":["post-13561","page","type-page","status-publish","hentry"],"yoast_head":"<!-- This site is optimized with the Yoast SEO plugin v27.4 - https:\/\/yoast.com\/product\/yoast-seo-wordpress\/ -->\n<title>Bulletin d&#039;information - The Presbyterian College, Montreal<\/title>\n<meta name=\"description\" content=\"Il se passe beaucoup de choses au Coll\u00e8ge presbyt\u00e9rien ! Notre lettre d&#039;information ne pr\u00e9sente que quelques \u00e9v\u00e9nements ou faits marquants. Publi\u00e9 au printemps et \u00e0 l&#039;automne.\" \/>\n<meta name=\"robots\" content=\"index, follow, max-snippet:-1, max-image-preview:large, max-video-preview:-1\" \/>\n<link rel=\"canonical\" href=\"https:\/\/presbyteriancollege.ca\/fr\/bulletin-dinformation\/\" \/>\n<meta property=\"og:locale\" content=\"fr_FR\" \/>\n<meta property=\"og:type\" content=\"article\" \/>\n<meta property=\"og:title\" content=\"Bulletin d&#039;information - The Presbyterian College, Montreal\" \/>\n<meta property=\"og:description\" content=\"Il se passe beaucoup de choses au Coll\u00e8ge presbyt\u00e9rien ! Notre lettre d&#039;information ne pr\u00e9sente que quelques \u00e9v\u00e9nements ou faits marquants. Publi\u00e9 au printemps et \u00e0 l&#039;automne.\" \/>\n<meta property=\"og:url\" content=\"https:\/\/presbyteriancollege.ca\/fr\/bulletin-dinformation\/\" \/>\n<meta property=\"og:site_name\" content=\"The Presbyterian College, Montreal\" \/>\n<meta property=\"article:publisher\" content=\"https:\/\/www.facebook.com\/PCleadershipcentre\" \/>\n<meta property=\"article:modified_time\" content=\"2024-11-18T15:55:41+00:00\" \/>\n<meta name=\"twitter:card\" content=\"summary_large_image\" \/>\n<meta name=\"twitter:site\" content=\"@presbycol\" \/>\n<meta name=\"twitter:label1\" content=\"Est. reading time\" \/>\n\t<meta name=\"twitter:data1\" content=\"1 minute\" \/>\n<script type=\"application\/ld+json\" class=\"yoast-schema-graph\">{\"@context\":\"https:\\\/\\\/schema.org\",\"@graph\":[{\"@type\":\"WebPage\",\"@id\":\"https:\\\/\\\/presbyteriancollege.ca\\\/fr\\\/bulletin-dinformation\\\/\",\"url\":\"https:\\\/\\\/presbyteriancollege.ca\\\/fr\\\/bulletin-dinformation\\\/\",\"name\":\"Bulletin d'information - The Presbyterian College, Montreal\",\"isPartOf\":{\"@id\":\"https:\\\/\\\/presbyteriancollege.ca\\\/#website\"},\"datePublished\":\"2021-09-06T00:28:42+00:00\",\"dateModified\":\"2024-11-18T15:55:41+00:00\",\"description\":\"Il se passe beaucoup de choses au Coll\u00e8ge presbyt\u00e9rien ! Notre lettre d'information ne pr\u00e9sente que quelques \u00e9v\u00e9nements ou faits marquants. Publi\u00e9 au printemps et \u00e0 l'automne.\",\"breadcrumb\":{\"@id\":\"https:\\\/\\\/presbyteriancollege.ca\\\/fr\\\/bulletin-dinformation\\\/#breadcrumb\"},\"inLanguage\":\"fr-FR\",\"potentialAction\":[{\"@type\":\"ReadAction\",\"target\":[\"https:\\\/\\\/presbyteriancollege.ca\\\/fr\\\/bulletin-dinformation\\\/\"]}]},{\"@type\":\"BreadcrumbList\",\"@id\":\"https:\\\/\\\/presbyteriancollege.ca\\\/fr\\\/bulletin-dinformation\\\/#breadcrumb\",\"itemListElement\":[{\"@type\":\"ListItem\",\"position\":1,\"name\":\"Home\",\"item\":\"https:\\\/\\\/presbyteriancollege.ca\\\/fr\\\/\"},{\"@type\":\"ListItem\",\"position\":2,\"name\":\"Bulletin d&#8217;information\"}]},{\"@type\":\"WebSite\",\"@id\":\"https:\\\/\\\/presbyteriancollege.ca\\\/#website\",\"url\":\"https:\\\/\\\/presbyteriancollege.ca\\\/\",\"name\":\"The Presbyterian College, Montreal\",\"description\":\"\",\"publisher\":{\"@id\":\"https:\\\/\\\/presbyteriancollege.ca\\\/#organization\"},\"potentialAction\":[{\"@type\":\"SearchAction\",\"target\":{\"@type\":\"EntryPoint\",\"urlTemplate\":\"https:\\\/\\\/presbyteriancollege.ca\\\/?s={search_term_string}\"},\"query-input\":{\"@type\":\"PropertyValueSpecification\",\"valueRequired\":true,\"valueName\":\"search_term_string\"}}],\"inLanguage\":\"fr-FR\"},{\"@type\":\"Organization\",\"@id\":\"https:\\\/\\\/presbyteriancollege.ca\\\/#organization\",\"name\":\"The Presbyterian College, Montreal\",\"url\":\"https:\\\/\\\/presbyteriancollege.ca\\\/\",\"logo\":{\"@type\":\"ImageObject\",\"inLanguage\":\"fr-FR\",\"@id\":\"https:\\\/\\\/presbyteriancollege.ca\\\/#\\\/schema\\\/logo\\\/image\\\/\",\"url\":\"https:\\\/\\\/presbyteriancollege.ca\\\/wordpress2021\\\/wp-content\\\/uploads\\\/2021\\\/05\\\/PC_logo_2021.png\",\"contentUrl\":\"https:\\\/\\\/presbyteriancollege.ca\\\/wordpress2021\\\/wp-content\\\/uploads\\\/2021\\\/05\\\/PC_logo_2021.png\",\"width\":2075,\"height\":545,\"caption\":\"The Presbyterian College, Montreal\"},\"image\":{\"@id\":\"https:\\\/\\\/presbyteriancollege.ca\\\/#\\\/schema\\\/logo\\\/image\\\/\"},\"sameAs\":[\"https:\\\/\\\/www.facebook.com\\\/PCleadershipcentre\",\"https:\\\/\\\/x.com\\\/presbycol\"]}]}<\/script>\n<!-- \/ Yoast SEO plugin. -->","yoast_head_json":{"title":"Bulletin d'information - The Presbyterian College, Montreal","description":"Il se passe beaucoup de choses au Coll\u00e8ge presbyt\u00e9rien ! Notre lettre d'information ne pr\u00e9sente que quelques \u00e9v\u00e9nements ou faits marquants. Publi\u00e9 au printemps et \u00e0 l'automne.","robots":{"index":"index","follow":"follow","max-snippet":"max-snippet:-1","max-image-preview":"max-image-preview:large","max-video-preview":"max-video-preview:-1"},"canonical":"https:\/\/presbyteriancollege.ca\/fr\/bulletin-dinformation\/","og_locale":"fr_FR","og_type":"article","og_title":"Bulletin d'information - The Presbyterian College, Montreal","og_description":"Il se passe beaucoup de choses au Coll\u00e8ge presbyt\u00e9rien ! Notre lettre d'information ne pr\u00e9sente que quelques \u00e9v\u00e9nements ou faits marquants. Publi\u00e9 au printemps et \u00e0 l'automne.","og_url":"https:\/\/presbyteriancollege.ca\/fr\/bulletin-dinformation\/","og_site_name":"The Presbyterian College, Montreal","article_publisher":"https:\/\/www.facebook.com\/PCleadershipcentre","article_modified_time":"2024-11-18T15:55:41+00:00","twitter_card":"summary_large_image","twitter_site":"@presbycol","twitter_misc":{"Est. reading time":"1 minute"},"schema":{"@context":"https:\/\/schema.org","@graph":[{"@type":"WebPage","@id":"https:\/\/presbyteriancollege.ca\/fr\/bulletin-dinformation\/","url":"https:\/\/presbyteriancollege.ca\/fr\/bulletin-dinformation\/","name":"Bulletin d'information - The Presbyterian College, Montreal","isPartOf":{"@id":"https:\/\/presbyteriancollege.ca\/#website"},"datePublished":"2021-09-06T00:28:42+00:00","dateModified":"2024-11-18T15:55:41+00:00","description":"Il se passe beaucoup de choses au Coll\u00e8ge presbyt\u00e9rien ! Notre lettre d'information ne pr\u00e9sente que quelques \u00e9v\u00e9nements ou faits marquants. Publi\u00e9 au printemps et \u00e0 l'automne.","breadcrumb":{"@id":"https:\/\/presbyteriancollege.ca\/fr\/bulletin-dinformation\/#breadcrumb"},"inLanguage":"fr-FR","potentialAction":[{"@type":"ReadAction","target":["https:\/\/presbyteriancollege.ca\/fr\/bulletin-dinformation\/"]}]},{"@type":"BreadcrumbList","@id":"https:\/\/presbyteriancollege.ca\/fr\/bulletin-dinformation\/#breadcrumb","itemListElement":[{"@type":"ListItem","position":1,"name":"Home","item":"https:\/\/presbyteriancollege.ca\/fr\/"},{"@type":"ListItem","position":2,"name":"Bulletin d&#8217;information"}]},{"@type":"WebSite","@id":"https:\/\/presbyteriancollege.ca\/#website","url":"https:\/\/presbyteriancollege.ca\/","name":"The Presbyterian College, Montreal","description":"","publisher":{"@id":"https:\/\/presbyteriancollege.ca\/#organization"},"potentialAction":[{"@type":"SearchAction","target":{"@type":"EntryPoint","urlTemplate":"https:\/\/presbyteriancollege.ca\/?s={search_term_string}"},"query-input":{"@type":"PropertyValueSpecification","valueRequired":true,"valueName":"search_term_string"}}],"inLanguage":"fr-FR"},{"@type":"Organization","@id":"https:\/\/presbyteriancollege.ca\/#organization","name":"The Presbyterian College, Montreal","url":"https:\/\/presbyteriancollege.ca\/","logo":{"@type":"ImageObject","inLanguage":"fr-FR","@id":"https:\/\/presbyteriancollege.ca\/#\/schema\/logo\/image\/","url":"https:\/\/presbyteriancollege.ca\/wordpress2021\/wp-content\/uploads\/2021\/05\/PC_logo_2021.png","contentUrl":"https:\/\/presbyteriancollege.ca\/wordpress2021\/wp-content\/uploads\/2021\/05\/PC_logo_2021.png","width":2075,"height":545,"caption":"The Presbyterian College, Montreal"},"image":{"@id":"https:\/\/presbyteriancollege.ca\/#\/schema\/logo\/image\/"},"sameAs":["https:\/\/www.facebook.com\/PCleadershipcentre","https:\/\/x.com\/presbycol"]}]}},"_links":{"self":[{"href":"https:\/\/presbyteriancollege.ca\/fr\/wp-json\/wp\/v2\/pages\/13561","targetHints":{"allow":["GET"]}}],"collection":[{"href":"https:\/\/presbyteriancollege.ca\/fr\/wp-json\/wp\/v2\/pages"}],"about":[{"href":"https:\/\/presbyteriancollege.ca\/fr\/wp-json\/wp\/v2\/types\/page"}],"author":[{"embeddable":true,"href":"https:\/\/presbyteriancollege.ca\/fr\/wp-json\/wp\/v2\/users\/2"}],"replies":[{"embeddable":true,"href":"https:\/\/presbyteriancollege.ca\/fr\/wp-json\/wp\/v2\/comments?post=13561"}],"version-history":[{"count":0,"href":"https:\/\/presbyteriancollege.ca\/fr\/wp-json\/wp\/v2\/pages\/13561\/revisions"}],"wp:attachment":[{"href":"https:\/\/presbyteriancollege.ca\/fr\/wp-json\/wp\/v2\/media?parent=13561"}],"curies":[{"name":"wp","href":"https:\/\/api.w.org\/{rel}","templated":true}]}}