{"id":13535,"date":"2021-10-06T21:13:33","date_gmt":"2021-10-07T01:13:33","guid":{"rendered":"https:\/\/presbyteriancollege.ca\/anciens-eleves\/"},"modified":"2024-01-31T11:14:14","modified_gmt":"2024-01-31T16:14:14","slug":"anciens-eleves","status":"publish","type":"page","link":"https:\/\/presbyteriancollege.ca\/fr\/anciens-eleves\/","title":{"rendered":"Anciens \u00e9l\u00e8ves"},"content":{"rendered":"\n<p>Les anciens \u00e9l\u00e8ves du Presbyterian College forment une communaut\u00e9 talentueuse et dynamique. Ils ont quitt\u00e9 le coll\u00e8ge pour servir l&#8217;\u00c9glise de diverses et belles mani\u00e8res. Par le biais du minist\u00e8re pastoral, de la direction de congr\u00e9gations, de l&#8217;engagement communautaire, du service d&#8217;aum\u00f4nerie et d&#8217;autres formes diverses, ils ont apport\u00e9 la bonne nouvelle et la joie du Christ \u00e0 d&#8217;autres personnes. Nous sommes reconnaissants au coll\u00e8ge d&#8217;\u00eatre une communaut\u00e9 de ces dipl\u00f4m\u00e9s\/anciens \u00e9l\u00e8ves, qui ont \u00e9tudi\u00e9 avec nous pendant de nombreuses d\u00e9cennies. Pour plus de d\u00e9tails sur les anciens \u00e9l\u00e8ves, consultez <a href=\"https:\/\/presbyteriancollege.ca\/fr\/liste-des-anciens-eleves\/\" target=\"_blank\" rel=\"noreferrer noopener\"><span style=\"text-decoration: underline;\">la liste ici<\/span><\/a>. Pour en savoir plus sur notre histoire, cliquez<a href=\"https:\/\/presbyteriancollege.ca\/fr\/a-propos-de-nous\/mission-et-histoire\/\" target=\"_blank\" rel=\"noreferrer noopener\">ici<\/a>. <\/p>\n\n<p>Comme vous le verrez, notre dipl\u00f4m\u00e9 le plus c\u00e9l\u00e8bre est le <a href=\"https:\/\/naismithbasketballfoundation.com\/james-naismith-life\/\" target=\"_blank\" rel=\"noreferrer noopener\">Dr James Naismith<\/a>, l&#8217;inventeur du basket-ball ! &#8220;Bien que James ait obtenu des bourses d&#8217;\u00e9tudes en th\u00e9ologie, il a constern\u00e9 ses coll\u00e8gues et ses professeurs en continuant \u00e0 s&#8217;impliquer dans l&#8217;athl\u00e9tisme.&#8221; Cela ne nous d\u00e9sole pas, car nous savons bien que Dieu se sert de nous pour b\u00e9nir les autres \u00e0 travers toute la vari\u00e9t\u00e9 des dons qui nous sont faits !<\/p>\n\n<p>Les dipl\u00f4m\u00e9s du coll\u00e8ge deviennent automatiquement membres de la Graduates&#8217; Society. Gr\u00e2ce \u00e0 cette communaut\u00e9 permanente, les dipl\u00f4m\u00e9s forment une communaut\u00e9 permanente. Par le biais de leurs cotisations, les membres contribuent \u00e0 la vie de l&#8217;universit\u00e9 et soutiennent\/encouragent les nouveaux dipl\u00f4m\u00e9s. <\/p>\n\n<p><\/p>\n<div class=\"wp-block-image\">\n<figure class=\"aligncenter size-full\"><img loading=\"lazy\" decoding=\"async\" width=\"666\" height=\"416\" src=\"https:\/\/presbyteriancollege.ca\/wp-content\/uploads\/2023\/01\/IMG_7649-Edit-1-edited.jpg\" alt=\"Les anciens &#xE9;l&#xE8;ves quittent le coll&#xE8;ge pour servir de diverses mani&#xE8;res.\" class=\"wp-image-10814\" srcset=\"https:\/\/presbyteriancollege.ca\/wp-content\/uploads\/2023\/01\/IMG_7649-Edit-1-edited.jpg 666w, https:\/\/presbyteriancollege.ca\/wp-content\/uploads\/2023\/01\/IMG_7649-Edit-1-edited-300x187.jpg 300w\" sizes=\"auto, (max-width: 666px) 100vw, 666px\" \/><\/figure>\n<\/div>","protected":false},"excerpt":{"rendered":"<p>Les anciens \u00e9l\u00e8ves du Presbyterian College forment une communaut\u00e9 talentueuse et dynamique. Ils ont quitt\u00e9 le coll\u00e8ge pour servir l&#8217;\u00c9glise de diverses et belles mani\u00e8res. Par le biais du minist\u00e8re [&hellip;]<\/p>\n","protected":false},"author":2,"featured_media":0,"parent":0,"menu_order":0,"comment_status":"closed","ping_status":"closed","template":"","meta":{"episode_type":"","audio_file":"","podmotor_file_id":"","podmotor_episode_id":"","cover_image":"","cover_image_id":"","duration":"","filesize":"","filesize_raw":"","date_recorded":"","explicit":"","block":"","footnotes":""},"class_list":["post-13535","page","type-page","status-publish","hentry"],"yoast_head":"<!-- This site is optimized with the Yoast SEO plugin v27.4 - https:\/\/yoast.com\/product\/yoast-seo-wordpress\/ -->\n<title>Anciens \u00e9l\u00e8ves - The Presbyterian College, Montreal<\/title>\n<meta name=\"description\" content=\"Nous sommes reconnaissants envers ceux qui ont obtenu leur dipl\u00f4me au cours des derni\u00e8res d\u00e9cennies - nos anciens \u00e9l\u00e8ves. Ils ont servi l&#039;\u00e9glise et les quartiers de mani\u00e8re cr\u00e9ative.\" \/>\n<meta name=\"robots\" content=\"index, follow, max-snippet:-1, max-image-preview:large, max-video-preview:-1\" \/>\n<link rel=\"canonical\" href=\"https:\/\/presbyteriancollege.ca\/fr\/anciens-eleves\/\" \/>\n<meta property=\"og:locale\" content=\"fr_FR\" \/>\n<meta property=\"og:type\" content=\"article\" \/>\n<meta property=\"og:title\" content=\"Anciens \u00e9l\u00e8ves - The Presbyterian College, Montreal\" \/>\n<meta property=\"og:description\" content=\"Nous sommes reconnaissants envers ceux qui ont obtenu leur dipl\u00f4me au cours des derni\u00e8res d\u00e9cennies - nos anciens \u00e9l\u00e8ves. Ils ont servi l&#039;\u00e9glise et les quartiers de mani\u00e8re cr\u00e9ative.\" \/>\n<meta property=\"og:url\" content=\"https:\/\/presbyteriancollege.ca\/fr\/anciens-eleves\/\" \/>\n<meta property=\"og:site_name\" content=\"The Presbyterian College, Montreal\" \/>\n<meta property=\"article:publisher\" content=\"https:\/\/www.facebook.com\/PCleadershipcentre\" \/>\n<meta property=\"article:modified_time\" content=\"2024-01-31T16:14:14+00:00\" \/>\n<meta property=\"og:image\" content=\"https:\/\/presbyteriancollege.ca\/wp-content\/uploads\/2023\/01\/IMG_7649-Edit-1-edited.jpg\" \/>\n<meta name=\"twitter:card\" content=\"summary_large_image\" \/>\n<meta name=\"twitter:site\" content=\"@presbycol\" \/>\n<meta name=\"twitter:label1\" content=\"Est. reading time\" \/>\n\t<meta name=\"twitter:data1\" content=\"1 minute\" \/>\n<script type=\"application\/ld+json\" class=\"yoast-schema-graph\">{\"@context\":\"https:\\\/\\\/schema.org\",\"@graph\":[{\"@type\":\"WebPage\",\"@id\":\"https:\\\/\\\/presbyteriancollege.ca\\\/fr\\\/anciens-eleves\\\/\",\"url\":\"https:\\\/\\\/presbyteriancollege.ca\\\/fr\\\/anciens-eleves\\\/\",\"name\":\"Anciens \u00e9l\u00e8ves - The Presbyterian College, Montreal\",\"isPartOf\":{\"@id\":\"https:\\\/\\\/presbyteriancollege.ca\\\/#website\"},\"primaryImageOfPage\":{\"@id\":\"https:\\\/\\\/presbyteriancollege.ca\\\/fr\\\/anciens-eleves\\\/#primaryimage\"},\"image\":{\"@id\":\"https:\\\/\\\/presbyteriancollege.ca\\\/fr\\\/anciens-eleves\\\/#primaryimage\"},\"thumbnailUrl\":\"https:\\\/\\\/presbyteriancollege.ca\\\/wp-content\\\/uploads\\\/2023\\\/01\\\/IMG_7649-Edit-1-edited.jpg\",\"datePublished\":\"2021-10-07T01:13:33+00:00\",\"dateModified\":\"2024-01-31T16:14:14+00:00\",\"description\":\"Nous sommes reconnaissants envers ceux qui ont obtenu leur dipl\u00f4me au cours des derni\u00e8res d\u00e9cennies - nos anciens \u00e9l\u00e8ves. Ils ont servi l'\u00e9glise et les quartiers de mani\u00e8re cr\u00e9ative.\",\"breadcrumb\":{\"@id\":\"https:\\\/\\\/presbyteriancollege.ca\\\/fr\\\/anciens-eleves\\\/#breadcrumb\"},\"inLanguage\":\"fr-FR\",\"potentialAction\":[{\"@type\":\"ReadAction\",\"target\":[\"https:\\\/\\\/presbyteriancollege.ca\\\/fr\\\/anciens-eleves\\\/\"]}]},{\"@type\":\"ImageObject\",\"inLanguage\":\"fr-FR\",\"@id\":\"https:\\\/\\\/presbyteriancollege.ca\\\/fr\\\/anciens-eleves\\\/#primaryimage\",\"url\":\"https:\\\/\\\/presbyteriancollege.ca\\\/wp-content\\\/uploads\\\/2023\\\/01\\\/IMG_7649-Edit-1-edited.jpg\",\"contentUrl\":\"https:\\\/\\\/presbyteriancollege.ca\\\/wp-content\\\/uploads\\\/2023\\\/01\\\/IMG_7649-Edit-1-edited.jpg\"},{\"@type\":\"BreadcrumbList\",\"@id\":\"https:\\\/\\\/presbyteriancollege.ca\\\/fr\\\/anciens-eleves\\\/#breadcrumb\",\"itemListElement\":[{\"@type\":\"ListItem\",\"position\":1,\"name\":\"Home\",\"item\":\"https:\\\/\\\/presbyteriancollege.ca\\\/fr\\\/\"},{\"@type\":\"ListItem\",\"position\":2,\"name\":\"Anciens \u00e9l\u00e8ves\"}]},{\"@type\":\"WebSite\",\"@id\":\"https:\\\/\\\/presbyteriancollege.ca\\\/#website\",\"url\":\"https:\\\/\\\/presbyteriancollege.ca\\\/\",\"name\":\"The Presbyterian College, Montreal\",\"description\":\"\",\"publisher\":{\"@id\":\"https:\\\/\\\/presbyteriancollege.ca\\\/#organization\"},\"potentialAction\":[{\"@type\":\"SearchAction\",\"target\":{\"@type\":\"EntryPoint\",\"urlTemplate\":\"https:\\\/\\\/presbyteriancollege.ca\\\/?s={search_term_string}\"},\"query-input\":{\"@type\":\"PropertyValueSpecification\",\"valueRequired\":true,\"valueName\":\"search_term_string\"}}],\"inLanguage\":\"fr-FR\"},{\"@type\":\"Organization\",\"@id\":\"https:\\\/\\\/presbyteriancollege.ca\\\/#organization\",\"name\":\"The Presbyterian College, Montreal\",\"url\":\"https:\\\/\\\/presbyteriancollege.ca\\\/\",\"logo\":{\"@type\":\"ImageObject\",\"inLanguage\":\"fr-FR\",\"@id\":\"https:\\\/\\\/presbyteriancollege.ca\\\/#\\\/schema\\\/logo\\\/image\\\/\",\"url\":\"https:\\\/\\\/presbyteriancollege.ca\\\/wordpress2021\\\/wp-content\\\/uploads\\\/2021\\\/05\\\/PC_logo_2021.png\",\"contentUrl\":\"https:\\\/\\\/presbyteriancollege.ca\\\/wordpress2021\\\/wp-content\\\/uploads\\\/2021\\\/05\\\/PC_logo_2021.png\",\"width\":2075,\"height\":545,\"caption\":\"The Presbyterian College, Montreal\"},\"image\":{\"@id\":\"https:\\\/\\\/presbyteriancollege.ca\\\/#\\\/schema\\\/logo\\\/image\\\/\"},\"sameAs\":[\"https:\\\/\\\/www.facebook.com\\\/PCleadershipcentre\",\"https:\\\/\\\/x.com\\\/presbycol\"]}]}<\/script>\n<!-- \/ Yoast SEO plugin. -->","yoast_head_json":{"title":"Anciens \u00e9l\u00e8ves - The Presbyterian College, Montreal","description":"Nous sommes reconnaissants envers ceux qui ont obtenu leur dipl\u00f4me au cours des derni\u00e8res d\u00e9cennies - nos anciens \u00e9l\u00e8ves. Ils ont servi l'\u00e9glise et les quartiers de mani\u00e8re cr\u00e9ative.","robots":{"index":"index","follow":"follow","max-snippet":"max-snippet:-1","max-image-preview":"max-image-preview:large","max-video-preview":"max-video-preview:-1"},"canonical":"https:\/\/presbyteriancollege.ca\/fr\/anciens-eleves\/","og_locale":"fr_FR","og_type":"article","og_title":"Anciens \u00e9l\u00e8ves - The Presbyterian College, Montreal","og_description":"Nous sommes reconnaissants envers ceux qui ont obtenu leur dipl\u00f4me au cours des derni\u00e8res d\u00e9cennies - nos anciens \u00e9l\u00e8ves. Ils ont servi l'\u00e9glise et les quartiers de mani\u00e8re cr\u00e9ative.","og_url":"https:\/\/presbyteriancollege.ca\/fr\/anciens-eleves\/","og_site_name":"The Presbyterian College, Montreal","article_publisher":"https:\/\/www.facebook.com\/PCleadershipcentre","article_modified_time":"2024-01-31T16:14:14+00:00","og_image":[{"url":"https:\/\/presbyteriancollege.ca\/wp-content\/uploads\/2023\/01\/IMG_7649-Edit-1-edited.jpg","type":"","width":"","height":""}],"twitter_card":"summary_large_image","twitter_site":"@presbycol","twitter_misc":{"Est. reading time":"1 minute"},"schema":{"@context":"https:\/\/schema.org","@graph":[{"@type":"WebPage","@id":"https:\/\/presbyteriancollege.ca\/fr\/anciens-eleves\/","url":"https:\/\/presbyteriancollege.ca\/fr\/anciens-eleves\/","name":"Anciens \u00e9l\u00e8ves - The Presbyterian College, Montreal","isPartOf":{"@id":"https:\/\/presbyteriancollege.ca\/#website"},"primaryImageOfPage":{"@id":"https:\/\/presbyteriancollege.ca\/fr\/anciens-eleves\/#primaryimage"},"image":{"@id":"https:\/\/presbyteriancollege.ca\/fr\/anciens-eleves\/#primaryimage"},"thumbnailUrl":"https:\/\/presbyteriancollege.ca\/wp-content\/uploads\/2023\/01\/IMG_7649-Edit-1-edited.jpg","datePublished":"2021-10-07T01:13:33+00:00","dateModified":"2024-01-31T16:14:14+00:00","description":"Nous sommes reconnaissants envers ceux qui ont obtenu leur dipl\u00f4me au cours des derni\u00e8res d\u00e9cennies - nos anciens \u00e9l\u00e8ves. Ils ont servi l'\u00e9glise et les quartiers de mani\u00e8re cr\u00e9ative.","breadcrumb":{"@id":"https:\/\/presbyteriancollege.ca\/fr\/anciens-eleves\/#breadcrumb"},"inLanguage":"fr-FR","potentialAction":[{"@type":"ReadAction","target":["https:\/\/presbyteriancollege.ca\/fr\/anciens-eleves\/"]}]},{"@type":"ImageObject","inLanguage":"fr-FR","@id":"https:\/\/presbyteriancollege.ca\/fr\/anciens-eleves\/#primaryimage","url":"https:\/\/presbyteriancollege.ca\/wp-content\/uploads\/2023\/01\/IMG_7649-Edit-1-edited.jpg","contentUrl":"https:\/\/presbyteriancollege.ca\/wp-content\/uploads\/2023\/01\/IMG_7649-Edit-1-edited.jpg"},{"@type":"BreadcrumbList","@id":"https:\/\/presbyteriancollege.ca\/fr\/anciens-eleves\/#breadcrumb","itemListElement":[{"@type":"ListItem","position":1,"name":"Home","item":"https:\/\/presbyteriancollege.ca\/fr\/"},{"@type":"ListItem","position":2,"name":"Anciens \u00e9l\u00e8ves"}]},{"@type":"WebSite","@id":"https:\/\/presbyteriancollege.ca\/#website","url":"https:\/\/presbyteriancollege.ca\/","name":"The Presbyterian College, Montreal","description":"","publisher":{"@id":"https:\/\/presbyteriancollege.ca\/#organization"},"potentialAction":[{"@type":"SearchAction","target":{"@type":"EntryPoint","urlTemplate":"https:\/\/presbyteriancollege.ca\/?s={search_term_string}"},"query-input":{"@type":"PropertyValueSpecification","valueRequired":true,"valueName":"search_term_string"}}],"inLanguage":"fr-FR"},{"@type":"Organization","@id":"https:\/\/presbyteriancollege.ca\/#organization","name":"The Presbyterian College, Montreal","url":"https:\/\/presbyteriancollege.ca\/","logo":{"@type":"ImageObject","inLanguage":"fr-FR","@id":"https:\/\/presbyteriancollege.ca\/#\/schema\/logo\/image\/","url":"https:\/\/presbyteriancollege.ca\/wordpress2021\/wp-content\/uploads\/2021\/05\/PC_logo_2021.png","contentUrl":"https:\/\/presbyteriancollege.ca\/wordpress2021\/wp-content\/uploads\/2021\/05\/PC_logo_2021.png","width":2075,"height":545,"caption":"The Presbyterian College, Montreal"},"image":{"@id":"https:\/\/presbyteriancollege.ca\/#\/schema\/logo\/image\/"},"sameAs":["https:\/\/www.facebook.com\/PCleadershipcentre","https:\/\/x.com\/presbycol"]}]}},"_links":{"self":[{"href":"https:\/\/presbyteriancollege.ca\/fr\/wp-json\/wp\/v2\/pages\/13535","targetHints":{"allow":["GET"]}}],"collection":[{"href":"https:\/\/presbyteriancollege.ca\/fr\/wp-json\/wp\/v2\/pages"}],"about":[{"href":"https:\/\/presbyteriancollege.ca\/fr\/wp-json\/wp\/v2\/types\/page"}],"author":[{"embeddable":true,"href":"https:\/\/presbyteriancollege.ca\/fr\/wp-json\/wp\/v2\/users\/2"}],"replies":[{"embeddable":true,"href":"https:\/\/presbyteriancollege.ca\/fr\/wp-json\/wp\/v2\/comments?post=13535"}],"version-history":[{"count":0,"href":"https:\/\/presbyteriancollege.ca\/fr\/wp-json\/wp\/v2\/pages\/13535\/revisions"}],"wp:attachment":[{"href":"https:\/\/presbyteriancollege.ca\/fr\/wp-json\/wp\/v2\/media?parent=13535"}],"curies":[{"name":"wp","href":"https:\/\/api.w.org\/{rel}","templated":true}]}}