{"id":13275,"date":"2021-09-04T17:18:46","date_gmt":"2021-09-04T21:18:46","guid":{"rendered":"https:\/\/presbyteriancollege.ca\/programmes\/maitrise-en-etude-theologique-programme-francais\/"},"modified":"2025-04-14T10:51:41","modified_gmt":"2025-04-14T14:51:41","slug":"maitrise-en-etude-theologique-programme-francais","status":"publish","type":"page","link":"https:\/\/presbyteriancollege.ca\/fr\/programmes\/maitrise-en-etude-theologique-programme-francais\/","title":{"rendered":"Maitrise en \u00c9tude Th\u00e9ologique (Programme fran\u00e7ais)"},"content":{"rendered":"\n<p>\u00c0 partir de septembre 2019, le Presbyterian College propose le Ma\u00eftrise en \u00c9tudes Th\u00e9ologiques (th\u00e9ologie pratique) en tant que nouveau programme. Ce programme propose plus pr\u00e9cis\u00e9ment une maitrise de 45 cr\u00e9dits en \u00c9tudes Th\u00e9ologiques avec une emphase particuli\u00e8re en Th\u00e9ologie Pratique.  Au terme de cette formation, le dipl\u00f4me sera dispens\u00e9 par Le Coll\u00e8ge Presbyt\u00e9rien selon sa charte amend\u00e9e en 2010 par l\u2019Assembl\u00e9e Nationale.<\/p>\n\n<p><strong>Aper\u00e7u du Programme<\/strong><\/p>\n\n<ul class=\"wp-block-list\">\n<li>Accr\u00e9dit\u00e9 par l&#8217;Association des \u00e9coles de th\u00e9ologie (ATS)<\/li>\n\n\n\n<li>Programme avanc\u00e9 de 45 cr\u00e9dits en th\u00e9ologie pratique<\/li>\n\n\n\n<li>Programme de 2 ans, en supposant des \u00e9tudes \u00e0 temps plein<\/li>\n\n\n\n<li>Le programme n&#8217;est actuellement disponible qu&#8217;\u00e0 temps partiel.<\/li>\n\n\n\n<li>Conditions d&#8217;admission: dipl\u00f4me de premier cycle en th\u00e9ologie<\/li>\n<\/ul>\n\n<p><strong>Objectifs du Coll\u00e8ge Presbyt\u00e9rien de Mont\u00e9al pour le MTS<\/strong><\/p>\n\n<p>Le coll\u00e8ge d\u00e9sire \u00e9duquer des hommes et des femmes et les d\u00e9ployer de mani\u00e8re \u00e0 ce qu&#8217;ils soient des leaders chr\u00e9tiens efficaces afin que la communaut\u00e9 chr\u00e9tienne joue un plus grand r\u00f4le dans la mission globale. Ils veulent former une nouvelle g\u00e9n\u00e9ration afin qu\u2019il y ait:<\/p>\n\n<ul class=\"wp-block-list\">\n<li>Un nombre croissant de pasteurs ayant une capacit\u00e9 spirituelle de r\u00e9flexion en vue de l\u2019\u00e9tablissement de congr\u00e9gations \u00e0 caract\u00e8re missionnaire<\/li>\n\n\n\n<li>Un nombre croissant de fondateurs et d\u2019implanteurs d\u2019\u00e9glises qualifi\u00e9s en mission francophone<\/li>\n\n\n\n<li>Un nombre croissant de praticiens outill\u00e9s en contextualisation<\/li>\n\n\n\n<li>Un nouvel ensemble d\u2019articles sur les questions de th\u00e9ologie pratique, r\u00e9dig\u00e9s, revus et publi\u00e9s par les pairs francophones, et non traduits d\u2019une autre langue<\/li>\n<\/ul>\n\n<figure class=\"wp-block-image size-full\"><img loading=\"lazy\" decoding=\"async\" width=\"953\" height=\"332\" src=\"https:\/\/presbyteriancollege.ca\/wp-content\/uploads\/2024\/05\/DSC04593-Medium.jpeg\" alt=\"\" class=\"wp-image-14026\" srcset=\"https:\/\/presbyteriancollege.ca\/wp-content\/uploads\/2024\/05\/DSC04593-Medium.jpeg 953w, https:\/\/presbyteriancollege.ca\/wp-content\/uploads\/2024\/05\/DSC04593-Medium-300x105.jpeg 300w, https:\/\/presbyteriancollege.ca\/wp-content\/uploads\/2024\/05\/DSC04593-Medium-768x268.jpeg 768w\" sizes=\"auto, (max-width: 953px) 100vw, 953px\" \/><\/figure>\n\n<p><strong>Crit\u00e8res d\u2019admission<\/strong><\/p>\n\n<p>Les candidats doivent d\u00e9tenir un dipl\u00f4me universitaire en th\u00e9ologie d\u2019une universit\u00e9 publique accr\u00e9dit\u00e9e ou d\u2019un \u00e9tablissement d\u2019enseignement accr\u00e9dit\u00e9 par l\u2019ATS, et avoir obtenu une moyenne pond\u00e9r\u00e9e cumulative d\u2019au moins 2,7. Les \u00e9tudiants seront choisis en fonction de leur bagage universitaire, mais ils devront aussi montrer qu\u2019ils poss\u00e8dent la comp\u00e9tence spirituelle et th\u00e9ologique n\u00e9cessaire pour suivre une formation pratique de deuxi\u00e8me cycle en vue d\u2019une vocation de minist\u00e8re chr\u00e9tien. Pour poser votre candidature au programme, <a href=\"https:\/\/presbyteriancollege.ca\/fr\/admission\/sinscrire\/\" target=\"_blank\" rel=\"noreferrer noopener\">cliquez ici.<\/a><\/p>\n\n<p><strong>Le Programme<\/strong><\/p>\n\n<p>Les cours suivants composent le programme de la Maitrise en \u00c9tude Th\u00e9ologique (Th\u00e9ologie Pratique) :<\/p>\n\n<ul class=\"wp-block-list\">\n<li>THP 6000 (6 cr\u00e9dits) &#8211; Orientation \u00e0 la th\u00e9ologie pratique<\/li>\n\n\n\n<li>THP 6010 (3 cr\u00e9dits) \u2014 S\u00e9minaires d\u2019exploration &#8211; S\u00e9cularit\u00e9<\/li>\n\n\n\n<li>THP 6020 (3 cr\u00e9dits) &#8211; S\u00e9minaires d&#8217;exploration &#8211; M\u00e9thodes de recherche<\/li>\n\n\n\n<li>THP 6200 (3 cr\u00e9dits) \u2014 Stage d\u2019observation (contexte eccl\u00e9sial ou communautaire)<\/li>\n\n\n\n<li>THP 6210 (6 cr\u00e9dits) \u2014 Stage d\u2019intervention (activit\u00e9 pastorale)<\/li>\n\n\n\n<li>THP 6300 (3 cr\u00e9dits) &#8211; M\u00e9thodes interpr\u00e9tatives en \u00e9tudes bibliques 1<\/li>\n\n\n\n<li>THP 6310 (3 cr\u00e9dits) &#8211; M\u00e9thodes interpr\u00e9tatives en \u00e9tudes bibliques 2<\/li>\n\n\n\n<li>THP 6400 (3 cr\u00e9dits) \u2014 \u00c9change interculturel missiologique<\/li>\n\n\n\n<li>THP 6500 (9 cr\u00e9dits) \u2014 Essai d\u2019int\u00e9gration<\/li>\n\n\n\n<li>THP 6600\/10 (6 cr\u00e9dits) \u2014 Sujets sp\u00e9ciaux<\/li>\n<\/ul>\n\n<p><strong>Communaut\u00e9 et louange.<\/strong><\/p>\n\n<p>Vous \u00eates les bienvenus dans la communaut\u00e9 d&#8217;adoration et de louange du Coll\u00e8ge presbyt\u00e9rien pendant que vous \u00e9tudiez. Plus d&#8217;informations <a href=\"https:\/\/presbyteriancollege.ca\/fr\/la-vie-communautaire\/\" target=\"_blank\" rel=\"noreferrer noopener\">ici<\/a>.<\/p>\n","protected":false},"excerpt":{"rendered":"<p>\u00c0 partir de septembre 2019, le Presbyterian College propose le Ma\u00eftrise en \u00c9tudes Th\u00e9ologiques (th\u00e9ologie pratique) en tant que nouveau programme. Ce programme propose plus pr\u00e9cis\u00e9ment une maitrise de 45 [&hellip;]<\/p>\n","protected":false},"author":2,"featured_media":11787,"parent":13137,"menu_order":1,"comment_status":"closed","ping_status":"closed","template":"","meta":{"episode_type":"","audio_file":"","cover_image":"","cover_image_id":"","duration":"","filesize":"","filesize_raw":"","date_recorded":"","explicit":"","block":"","footnotes":""},"class_list":["post-13275","page","type-page","status-publish","has-post-thumbnail","hentry"],"yoast_head":"<!-- This site is optimized with the Yoast SEO plugin v27.0 - https:\/\/yoast.com\/product\/yoast-seo-wordpress\/ -->\n<title>Maitrise en \u00c9tude Th\u00e9ologique (Programme fran\u00e7ais) - The Presbyterian College, Montreal<\/title>\n<meta name=\"description\" content=\"Poursuivez ce dipl\u00f4me avanc\u00e9 en th\u00e9ologie, pour votre formation en tant que leader en mission. Le Maitrise en \u00c9tude Th\u00e9ologique.\" \/>\n<meta name=\"robots\" content=\"index, follow, max-snippet:-1, max-image-preview:large, max-video-preview:-1\" \/>\n<link rel=\"canonical\" href=\"https:\/\/presbyteriancollege.ca\/fr\/programmes\/maitrise-en-etude-theologique-programme-francais\/\" \/>\n<meta property=\"og:locale\" content=\"fr_FR\" \/>\n<meta property=\"og:type\" content=\"article\" \/>\n<meta property=\"og:title\" content=\"Maitrise en \u00c9tude Th\u00e9ologique (Programme fran\u00e7ais) - The Presbyterian College, Montreal\" \/>\n<meta property=\"og:description\" content=\"Poursuivez ce dipl\u00f4me avanc\u00e9 en th\u00e9ologie, pour votre formation en tant que leader en mission. Le Maitrise en \u00c9tude Th\u00e9ologique.\" \/>\n<meta property=\"og:url\" content=\"https:\/\/presbyteriancollege.ca\/fr\/programmes\/maitrise-en-etude-theologique-programme-francais\/\" \/>\n<meta property=\"og:site_name\" content=\"The Presbyterian College, Montreal\" \/>\n<meta property=\"article:publisher\" content=\"https:\/\/www.facebook.com\/PCleadershipcentre\" \/>\n<meta property=\"article:modified_time\" content=\"2025-04-14T14:51:41+00:00\" \/>\n<meta property=\"og:image\" content=\"https:\/\/presbyteriancollege.ca\/wp-content\/uploads\/2021\/07\/Pres_299-scaled.jpeg\" \/>\n\t<meta property=\"og:image:width\" content=\"2560\" \/>\n\t<meta property=\"og:image:height\" content=\"1212\" \/>\n\t<meta property=\"og:image:type\" content=\"image\/jpeg\" \/>\n<meta name=\"twitter:card\" content=\"summary_large_image\" \/>\n<meta name=\"twitter:site\" content=\"@presbycol\" \/>\n<meta name=\"twitter:label1\" content=\"Est. reading time\" \/>\n\t<meta name=\"twitter:data1\" content=\"3 minutes\" \/>\n<script type=\"application\/ld+json\" class=\"yoast-schema-graph\">{\"@context\":\"https:\/\/schema.org\",\"@graph\":[{\"@type\":\"WebPage\",\"@id\":\"https:\/\/presbyteriancollege.ca\/fr\/programmes\/maitrise-en-etude-theologique-programme-francais\/\",\"url\":\"https:\/\/presbyteriancollege.ca\/fr\/programmes\/maitrise-en-etude-theologique-programme-francais\/\",\"name\":\"Maitrise en \u00c9tude Th\u00e9ologique (Programme fran\u00e7ais) - The Presbyterian College, Montreal\",\"isPartOf\":{\"@id\":\"https:\/\/presbyteriancollege.ca\/#website\"},\"primaryImageOfPage\":{\"@id\":\"https:\/\/presbyteriancollege.ca\/fr\/programmes\/maitrise-en-etude-theologique-programme-francais\/#primaryimage\"},\"image\":{\"@id\":\"https:\/\/presbyteriancollege.ca\/fr\/programmes\/maitrise-en-etude-theologique-programme-francais\/#primaryimage\"},\"thumbnailUrl\":\"https:\/\/presbyteriancollege.ca\/wp-content\/uploads\/2021\/07\/Pres_299-scaled.jpeg\",\"datePublished\":\"2021-09-04T21:18:46+00:00\",\"dateModified\":\"2025-04-14T14:51:41+00:00\",\"description\":\"Poursuivez ce dipl\u00f4me avanc\u00e9 en th\u00e9ologie, pour votre formation en tant que leader en mission. Le Maitrise en \u00c9tude Th\u00e9ologique.\",\"breadcrumb\":{\"@id\":\"https:\/\/presbyteriancollege.ca\/fr\/programmes\/maitrise-en-etude-theologique-programme-francais\/#breadcrumb\"},\"inLanguage\":\"fr-FR\",\"potentialAction\":[{\"@type\":\"ReadAction\",\"target\":[\"https:\/\/presbyteriancollege.ca\/fr\/programmes\/maitrise-en-etude-theologique-programme-francais\/\"]}]},{\"@type\":\"ImageObject\",\"inLanguage\":\"fr-FR\",\"@id\":\"https:\/\/presbyteriancollege.ca\/fr\/programmes\/maitrise-en-etude-theologique-programme-francais\/#primaryimage\",\"url\":\"https:\/\/presbyteriancollege.ca\/wp-content\/uploads\/2021\/07\/Pres_299-scaled.jpeg\",\"contentUrl\":\"https:\/\/presbyteriancollege.ca\/wp-content\/uploads\/2021\/07\/Pres_299-scaled.jpeg\",\"width\":2560,\"height\":1212},{\"@type\":\"BreadcrumbList\",\"@id\":\"https:\/\/presbyteriancollege.ca\/fr\/programmes\/maitrise-en-etude-theologique-programme-francais\/#breadcrumb\",\"itemListElement\":[{\"@type\":\"ListItem\",\"position\":1,\"name\":\"Home\",\"item\":\"https:\/\/presbyteriancollege.ca\/fr\/\"},{\"@type\":\"ListItem\",\"position\":2,\"name\":\"Programmes\",\"item\":\"https:\/\/presbyteriancollege.ca\/fr\/programmes\/\"},{\"@type\":\"ListItem\",\"position\":3,\"name\":\"Maitrise en \u00c9tude Th\u00e9ologique (Programme fran\u00e7ais)\"}]},{\"@type\":\"WebSite\",\"@id\":\"https:\/\/presbyteriancollege.ca\/#website\",\"url\":\"https:\/\/presbyteriancollege.ca\/\",\"name\":\"The Presbyterian College, Montreal\",\"description\":\"\",\"publisher\":{\"@id\":\"https:\/\/presbyteriancollege.ca\/#organization\"},\"potentialAction\":[{\"@type\":\"SearchAction\",\"target\":{\"@type\":\"EntryPoint\",\"urlTemplate\":\"https:\/\/presbyteriancollege.ca\/?s={search_term_string}\"},\"query-input\":{\"@type\":\"PropertyValueSpecification\",\"valueRequired\":true,\"valueName\":\"search_term_string\"}}],\"inLanguage\":\"fr-FR\"},{\"@type\":\"Organization\",\"@id\":\"https:\/\/presbyteriancollege.ca\/#organization\",\"name\":\"The Presbyterian College, Montreal\",\"url\":\"https:\/\/presbyteriancollege.ca\/\",\"logo\":{\"@type\":\"ImageObject\",\"inLanguage\":\"fr-FR\",\"@id\":\"https:\/\/presbyteriancollege.ca\/#\/schema\/logo\/image\/\",\"url\":\"https:\/\/presbyteriancollege.ca\/wordpress2021\/wp-content\/uploads\/2021\/05\/PC_logo_2021.png\",\"contentUrl\":\"https:\/\/presbyteriancollege.ca\/wordpress2021\/wp-content\/uploads\/2021\/05\/PC_logo_2021.png\",\"width\":2075,\"height\":545,\"caption\":\"The Presbyterian College, Montreal\"},\"image\":{\"@id\":\"https:\/\/presbyteriancollege.ca\/#\/schema\/logo\/image\/\"},\"sameAs\":[\"https:\/\/www.facebook.com\/PCleadershipcentre\",\"https:\/\/x.com\/presbycol\"]}]}<\/script>\n<!-- \/ Yoast SEO plugin. -->","yoast_head_json":{"title":"Maitrise en \u00c9tude Th\u00e9ologique (Programme fran\u00e7ais) - The Presbyterian College, Montreal","description":"Poursuivez ce dipl\u00f4me avanc\u00e9 en th\u00e9ologie, pour votre formation en tant que leader en mission. Le Maitrise en \u00c9tude Th\u00e9ologique.","robots":{"index":"index","follow":"follow","max-snippet":"max-snippet:-1","max-image-preview":"max-image-preview:large","max-video-preview":"max-video-preview:-1"},"canonical":"https:\/\/presbyteriancollege.ca\/fr\/programmes\/maitrise-en-etude-theologique-programme-francais\/","og_locale":"fr_FR","og_type":"article","og_title":"Maitrise en \u00c9tude Th\u00e9ologique (Programme fran\u00e7ais) - The Presbyterian College, Montreal","og_description":"Poursuivez ce dipl\u00f4me avanc\u00e9 en th\u00e9ologie, pour votre formation en tant que leader en mission. Le Maitrise en \u00c9tude Th\u00e9ologique.","og_url":"https:\/\/presbyteriancollege.ca\/fr\/programmes\/maitrise-en-etude-theologique-programme-francais\/","og_site_name":"The Presbyterian College, Montreal","article_publisher":"https:\/\/www.facebook.com\/PCleadershipcentre","article_modified_time":"2025-04-14T14:51:41+00:00","og_image":[{"width":2560,"height":1212,"url":"https:\/\/presbyteriancollege.ca\/wp-content\/uploads\/2021\/07\/Pres_299-scaled.jpeg","type":"image\/jpeg"}],"twitter_card":"summary_large_image","twitter_site":"@presbycol","twitter_misc":{"Est. reading time":"3 minutes"},"schema":{"@context":"https:\/\/schema.org","@graph":[{"@type":"WebPage","@id":"https:\/\/presbyteriancollege.ca\/fr\/programmes\/maitrise-en-etude-theologique-programme-francais\/","url":"https:\/\/presbyteriancollege.ca\/fr\/programmes\/maitrise-en-etude-theologique-programme-francais\/","name":"Maitrise en \u00c9tude Th\u00e9ologique (Programme fran\u00e7ais) - The Presbyterian College, Montreal","isPartOf":{"@id":"https:\/\/presbyteriancollege.ca\/#website"},"primaryImageOfPage":{"@id":"https:\/\/presbyteriancollege.ca\/fr\/programmes\/maitrise-en-etude-theologique-programme-francais\/#primaryimage"},"image":{"@id":"https:\/\/presbyteriancollege.ca\/fr\/programmes\/maitrise-en-etude-theologique-programme-francais\/#primaryimage"},"thumbnailUrl":"https:\/\/presbyteriancollege.ca\/wp-content\/uploads\/2021\/07\/Pres_299-scaled.jpeg","datePublished":"2021-09-04T21:18:46+00:00","dateModified":"2025-04-14T14:51:41+00:00","description":"Poursuivez ce dipl\u00f4me avanc\u00e9 en th\u00e9ologie, pour votre formation en tant que leader en mission. Le Maitrise en \u00c9tude Th\u00e9ologique.","breadcrumb":{"@id":"https:\/\/presbyteriancollege.ca\/fr\/programmes\/maitrise-en-etude-theologique-programme-francais\/#breadcrumb"},"inLanguage":"fr-FR","potentialAction":[{"@type":"ReadAction","target":["https:\/\/presbyteriancollege.ca\/fr\/programmes\/maitrise-en-etude-theologique-programme-francais\/"]}]},{"@type":"ImageObject","inLanguage":"fr-FR","@id":"https:\/\/presbyteriancollege.ca\/fr\/programmes\/maitrise-en-etude-theologique-programme-francais\/#primaryimage","url":"https:\/\/presbyteriancollege.ca\/wp-content\/uploads\/2021\/07\/Pres_299-scaled.jpeg","contentUrl":"https:\/\/presbyteriancollege.ca\/wp-content\/uploads\/2021\/07\/Pres_299-scaled.jpeg","width":2560,"height":1212},{"@type":"BreadcrumbList","@id":"https:\/\/presbyteriancollege.ca\/fr\/programmes\/maitrise-en-etude-theologique-programme-francais\/#breadcrumb","itemListElement":[{"@type":"ListItem","position":1,"name":"Home","item":"https:\/\/presbyteriancollege.ca\/fr\/"},{"@type":"ListItem","position":2,"name":"Programmes","item":"https:\/\/presbyteriancollege.ca\/fr\/programmes\/"},{"@type":"ListItem","position":3,"name":"Maitrise en \u00c9tude Th\u00e9ologique (Programme fran\u00e7ais)"}]},{"@type":"WebSite","@id":"https:\/\/presbyteriancollege.ca\/#website","url":"https:\/\/presbyteriancollege.ca\/","name":"The Presbyterian College, Montreal","description":"","publisher":{"@id":"https:\/\/presbyteriancollege.ca\/#organization"},"potentialAction":[{"@type":"SearchAction","target":{"@type":"EntryPoint","urlTemplate":"https:\/\/presbyteriancollege.ca\/?s={search_term_string}"},"query-input":{"@type":"PropertyValueSpecification","valueRequired":true,"valueName":"search_term_string"}}],"inLanguage":"fr-FR"},{"@type":"Organization","@id":"https:\/\/presbyteriancollege.ca\/#organization","name":"The Presbyterian College, Montreal","url":"https:\/\/presbyteriancollege.ca\/","logo":{"@type":"ImageObject","inLanguage":"fr-FR","@id":"https:\/\/presbyteriancollege.ca\/#\/schema\/logo\/image\/","url":"https:\/\/presbyteriancollege.ca\/wordpress2021\/wp-content\/uploads\/2021\/05\/PC_logo_2021.png","contentUrl":"https:\/\/presbyteriancollege.ca\/wordpress2021\/wp-content\/uploads\/2021\/05\/PC_logo_2021.png","width":2075,"height":545,"caption":"The Presbyterian College, Montreal"},"image":{"@id":"https:\/\/presbyteriancollege.ca\/#\/schema\/logo\/image\/"},"sameAs":["https:\/\/www.facebook.com\/PCleadershipcentre","https:\/\/x.com\/presbycol"]}]}},"_links":{"self":[{"href":"https:\/\/presbyteriancollege.ca\/fr\/wp-json\/wp\/v2\/pages\/13275","targetHints":{"allow":["GET"]}}],"collection":[{"href":"https:\/\/presbyteriancollege.ca\/fr\/wp-json\/wp\/v2\/pages"}],"about":[{"href":"https:\/\/presbyteriancollege.ca\/fr\/wp-json\/wp\/v2\/types\/page"}],"author":[{"embeddable":true,"href":"https:\/\/presbyteriancollege.ca\/fr\/wp-json\/wp\/v2\/users\/2"}],"replies":[{"embeddable":true,"href":"https:\/\/presbyteriancollege.ca\/fr\/wp-json\/wp\/v2\/comments?post=13275"}],"version-history":[{"count":3,"href":"https:\/\/presbyteriancollege.ca\/fr\/wp-json\/wp\/v2\/pages\/13275\/revisions"}],"predecessor-version":[{"id":15714,"href":"https:\/\/presbyteriancollege.ca\/fr\/wp-json\/wp\/v2\/pages\/13275\/revisions\/15714"}],"up":[{"embeddable":true,"href":"https:\/\/presbyteriancollege.ca\/fr\/wp-json\/wp\/v2\/pages\/13137"}],"wp:featuredmedia":[{"embeddable":true,"href":"https:\/\/presbyteriancollege.ca\/fr\/wp-json\/wp\/v2\/media\/11787"}],"wp:attachment":[{"href":"https:\/\/presbyteriancollege.ca\/fr\/wp-json\/wp\/v2\/media?parent=13275"}],"curies":[{"name":"wp","href":"https:\/\/api.w.org\/{rel}","templated":true}]}}