{"id":13251,"date":"2021-10-07T14:45:38","date_gmt":"2021-10-07T18:45:38","guid":{"rendered":"https:\/\/presbyteriancollege.ca\/jesus-a-montreal-podcast\/"},"modified":"2024-01-31T11:31:03","modified_gmt":"2024-01-31T16:31:03","slug":"jesus-a-montreal-podcast","status":"publish","type":"page","link":"https:\/\/presbyteriancollege.ca\/fr\/jesus-a-montreal-podcast\/","title":{"rendered":"Podcast"},"content":{"rendered":"","protected":false},"excerpt":{"rendered":"","protected":false},"author":2,"featured_media":12039,"parent":0,"menu_order":0,"comment_status":"closed","ping_status":"closed","template":"","meta":{"episode_type":"","audio_file":"","cover_image":"","cover_image_id":"","duration":"","filesize":"","filesize_raw":"","date_recorded":"","explicit":"","block":"","footnotes":""},"class_list":["post-13251","page","type-page","status-publish","has-post-thumbnail","hentry"],"yoast_head":"<!-- This site is optimized with the Yoast SEO plugin v27.0 - https:\/\/yoast.com\/product\/yoast-seo-wordpress\/ -->\n<title>Podcast - The Presbyterian College, Montreal<\/title>\n<meta name=\"description\" content=\"Le podcast J\u00e9sus \u00e0 Montr\u00e9al a \u00e9t\u00e9 lanc\u00e9 \u00e0 l&#039;automne 2021. En conversation avec des disciples fid\u00e8les et cr\u00e9atifs de J\u00e9sus ressuscit\u00e9.\" \/>\n<meta name=\"robots\" content=\"index, follow, max-snippet:-1, max-image-preview:large, max-video-preview:-1\" \/>\n<link rel=\"canonical\" href=\"https:\/\/presbyteriancollege.ca\/fr\/jesus-a-montreal-podcast\/\" \/>\n<meta property=\"og:locale\" content=\"fr_FR\" \/>\n<meta property=\"og:type\" content=\"article\" \/>\n<meta property=\"og:title\" content=\"Podcast - The Presbyterian College, Montreal\" \/>\n<meta property=\"og:description\" content=\"Le podcast J\u00e9sus \u00e0 Montr\u00e9al a \u00e9t\u00e9 lanc\u00e9 \u00e0 l&#039;automne 2021. En conversation avec des disciples fid\u00e8les et cr\u00e9atifs de J\u00e9sus ressuscit\u00e9.\" \/>\n<meta property=\"og:url\" content=\"https:\/\/presbyteriancollege.ca\/fr\/jesus-a-montreal-podcast\/\" \/>\n<meta property=\"og:site_name\" content=\"The Presbyterian College, Montreal\" \/>\n<meta property=\"article:publisher\" content=\"https:\/\/www.facebook.com\/PCleadershipcentre\" \/>\n<meta property=\"article:modified_time\" content=\"2024-01-31T16:31:03+00:00\" \/>\n<meta property=\"og:image\" content=\"https:\/\/presbyteriancollege.ca\/wp-content\/uploads\/2022\/01\/Metro-Jesus-3000x3000-1-e1643770226849.png\" \/>\n\t<meta property=\"og:image:width\" content=\"300\" \/>\n\t<meta property=\"og:image:height\" content=\"300\" \/>\n\t<meta property=\"og:image:type\" content=\"image\/png\" \/>\n<meta name=\"twitter:card\" content=\"summary_large_image\" \/>\n<meta name=\"twitter:site\" content=\"@presbycol\" \/>\n<script type=\"application\/ld+json\" class=\"yoast-schema-graph\">{\"@context\":\"https:\/\/schema.org\",\"@graph\":[{\"@type\":\"WebPage\",\"@id\":\"https:\/\/presbyteriancollege.ca\/fr\/jesus-a-montreal-podcast\/\",\"url\":\"https:\/\/presbyteriancollege.ca\/fr\/jesus-a-montreal-podcast\/\",\"name\":\"Podcast - The Presbyterian College, Montreal\",\"isPartOf\":{\"@id\":\"https:\/\/presbyteriancollege.ca\/#website\"},\"primaryImageOfPage\":{\"@id\":\"https:\/\/presbyteriancollege.ca\/fr\/jesus-a-montreal-podcast\/#primaryimage\"},\"image\":{\"@id\":\"https:\/\/presbyteriancollege.ca\/fr\/jesus-a-montreal-podcast\/#primaryimage\"},\"thumbnailUrl\":\"https:\/\/presbyteriancollege.ca\/wp-content\/uploads\/2022\/01\/Metro-Jesus-3000x3000-1-e1643770226849.png\",\"datePublished\":\"2021-10-07T18:45:38+00:00\",\"dateModified\":\"2024-01-31T16:31:03+00:00\",\"description\":\"Le podcast J\u00e9sus \u00e0 Montr\u00e9al a \u00e9t\u00e9 lanc\u00e9 \u00e0 l'automne 2021. En conversation avec des disciples fid\u00e8les et cr\u00e9atifs de J\u00e9sus ressuscit\u00e9.\",\"breadcrumb\":{\"@id\":\"https:\/\/presbyteriancollege.ca\/fr\/jesus-a-montreal-podcast\/#breadcrumb\"},\"inLanguage\":\"fr-FR\",\"potentialAction\":[{\"@type\":\"ReadAction\",\"target\":[\"https:\/\/presbyteriancollege.ca\/fr\/jesus-a-montreal-podcast\/\"]}]},{\"@type\":\"ImageObject\",\"inLanguage\":\"fr-FR\",\"@id\":\"https:\/\/presbyteriancollege.ca\/fr\/jesus-a-montreal-podcast\/#primaryimage\",\"url\":\"https:\/\/presbyteriancollege.ca\/wp-content\/uploads\/2022\/01\/Metro-Jesus-3000x3000-1-e1643770226849.png\",\"contentUrl\":\"https:\/\/presbyteriancollege.ca\/wp-content\/uploads\/2022\/01\/Metro-Jesus-3000x3000-1-e1643770226849.png\",\"width\":300,\"height\":300},{\"@type\":\"BreadcrumbList\",\"@id\":\"https:\/\/presbyteriancollege.ca\/fr\/jesus-a-montreal-podcast\/#breadcrumb\",\"itemListElement\":[{\"@type\":\"ListItem\",\"position\":1,\"name\":\"Home\",\"item\":\"https:\/\/presbyteriancollege.ca\/fr\/\"},{\"@type\":\"ListItem\",\"position\":2,\"name\":\"Podcast\"}]},{\"@type\":\"WebSite\",\"@id\":\"https:\/\/presbyteriancollege.ca\/#website\",\"url\":\"https:\/\/presbyteriancollege.ca\/\",\"name\":\"The Presbyterian College, Montreal\",\"description\":\"\",\"publisher\":{\"@id\":\"https:\/\/presbyteriancollege.ca\/#organization\"},\"potentialAction\":[{\"@type\":\"SearchAction\",\"target\":{\"@type\":\"EntryPoint\",\"urlTemplate\":\"https:\/\/presbyteriancollege.ca\/?s={search_term_string}\"},\"query-input\":{\"@type\":\"PropertyValueSpecification\",\"valueRequired\":true,\"valueName\":\"search_term_string\"}}],\"inLanguage\":\"fr-FR\"},{\"@type\":\"Organization\",\"@id\":\"https:\/\/presbyteriancollege.ca\/#organization\",\"name\":\"The Presbyterian College, Montreal\",\"url\":\"https:\/\/presbyteriancollege.ca\/\",\"logo\":{\"@type\":\"ImageObject\",\"inLanguage\":\"fr-FR\",\"@id\":\"https:\/\/presbyteriancollege.ca\/#\/schema\/logo\/image\/\",\"url\":\"https:\/\/presbyteriancollege.ca\/wordpress2021\/wp-content\/uploads\/2021\/05\/PC_logo_2021.png\",\"contentUrl\":\"https:\/\/presbyteriancollege.ca\/wordpress2021\/wp-content\/uploads\/2021\/05\/PC_logo_2021.png\",\"width\":2075,\"height\":545,\"caption\":\"The Presbyterian College, Montreal\"},\"image\":{\"@id\":\"https:\/\/presbyteriancollege.ca\/#\/schema\/logo\/image\/\"},\"sameAs\":[\"https:\/\/www.facebook.com\/PCleadershipcentre\",\"https:\/\/x.com\/presbycol\"]}]}<\/script>\n<!-- \/ Yoast SEO plugin. -->","yoast_head_json":{"title":"Podcast - The Presbyterian College, Montreal","description":"Le podcast J\u00e9sus \u00e0 Montr\u00e9al a \u00e9t\u00e9 lanc\u00e9 \u00e0 l'automne 2021. En conversation avec des disciples fid\u00e8les et cr\u00e9atifs de J\u00e9sus ressuscit\u00e9.","robots":{"index":"index","follow":"follow","max-snippet":"max-snippet:-1","max-image-preview":"max-image-preview:large","max-video-preview":"max-video-preview:-1"},"canonical":"https:\/\/presbyteriancollege.ca\/fr\/jesus-a-montreal-podcast\/","og_locale":"fr_FR","og_type":"article","og_title":"Podcast - The Presbyterian College, Montreal","og_description":"Le podcast J\u00e9sus \u00e0 Montr\u00e9al a \u00e9t\u00e9 lanc\u00e9 \u00e0 l'automne 2021. En conversation avec des disciples fid\u00e8les et cr\u00e9atifs de J\u00e9sus ressuscit\u00e9.","og_url":"https:\/\/presbyteriancollege.ca\/fr\/jesus-a-montreal-podcast\/","og_site_name":"The Presbyterian College, Montreal","article_publisher":"https:\/\/www.facebook.com\/PCleadershipcentre","article_modified_time":"2024-01-31T16:31:03+00:00","og_image":[{"width":300,"height":300,"url":"https:\/\/presbyteriancollege.ca\/wp-content\/uploads\/2022\/01\/Metro-Jesus-3000x3000-1-e1643770226849.png","type":"image\/png"}],"twitter_card":"summary_large_image","twitter_site":"@presbycol","schema":{"@context":"https:\/\/schema.org","@graph":[{"@type":"WebPage","@id":"https:\/\/presbyteriancollege.ca\/fr\/jesus-a-montreal-podcast\/","url":"https:\/\/presbyteriancollege.ca\/fr\/jesus-a-montreal-podcast\/","name":"Podcast - The Presbyterian College, Montreal","isPartOf":{"@id":"https:\/\/presbyteriancollege.ca\/#website"},"primaryImageOfPage":{"@id":"https:\/\/presbyteriancollege.ca\/fr\/jesus-a-montreal-podcast\/#primaryimage"},"image":{"@id":"https:\/\/presbyteriancollege.ca\/fr\/jesus-a-montreal-podcast\/#primaryimage"},"thumbnailUrl":"https:\/\/presbyteriancollege.ca\/wp-content\/uploads\/2022\/01\/Metro-Jesus-3000x3000-1-e1643770226849.png","datePublished":"2021-10-07T18:45:38+00:00","dateModified":"2024-01-31T16:31:03+00:00","description":"Le podcast J\u00e9sus \u00e0 Montr\u00e9al a \u00e9t\u00e9 lanc\u00e9 \u00e0 l'automne 2021. En conversation avec des disciples fid\u00e8les et cr\u00e9atifs de J\u00e9sus ressuscit\u00e9.","breadcrumb":{"@id":"https:\/\/presbyteriancollege.ca\/fr\/jesus-a-montreal-podcast\/#breadcrumb"},"inLanguage":"fr-FR","potentialAction":[{"@type":"ReadAction","target":["https:\/\/presbyteriancollege.ca\/fr\/jesus-a-montreal-podcast\/"]}]},{"@type":"ImageObject","inLanguage":"fr-FR","@id":"https:\/\/presbyteriancollege.ca\/fr\/jesus-a-montreal-podcast\/#primaryimage","url":"https:\/\/presbyteriancollege.ca\/wp-content\/uploads\/2022\/01\/Metro-Jesus-3000x3000-1-e1643770226849.png","contentUrl":"https:\/\/presbyteriancollege.ca\/wp-content\/uploads\/2022\/01\/Metro-Jesus-3000x3000-1-e1643770226849.png","width":300,"height":300},{"@type":"BreadcrumbList","@id":"https:\/\/presbyteriancollege.ca\/fr\/jesus-a-montreal-podcast\/#breadcrumb","itemListElement":[{"@type":"ListItem","position":1,"name":"Home","item":"https:\/\/presbyteriancollege.ca\/fr\/"},{"@type":"ListItem","position":2,"name":"Podcast"}]},{"@type":"WebSite","@id":"https:\/\/presbyteriancollege.ca\/#website","url":"https:\/\/presbyteriancollege.ca\/","name":"The Presbyterian College, Montreal","description":"","publisher":{"@id":"https:\/\/presbyteriancollege.ca\/#organization"},"potentialAction":[{"@type":"SearchAction","target":{"@type":"EntryPoint","urlTemplate":"https:\/\/presbyteriancollege.ca\/?s={search_term_string}"},"query-input":{"@type":"PropertyValueSpecification","valueRequired":true,"valueName":"search_term_string"}}],"inLanguage":"fr-FR"},{"@type":"Organization","@id":"https:\/\/presbyteriancollege.ca\/#organization","name":"The Presbyterian College, Montreal","url":"https:\/\/presbyteriancollege.ca\/","logo":{"@type":"ImageObject","inLanguage":"fr-FR","@id":"https:\/\/presbyteriancollege.ca\/#\/schema\/logo\/image\/","url":"https:\/\/presbyteriancollege.ca\/wordpress2021\/wp-content\/uploads\/2021\/05\/PC_logo_2021.png","contentUrl":"https:\/\/presbyteriancollege.ca\/wordpress2021\/wp-content\/uploads\/2021\/05\/PC_logo_2021.png","width":2075,"height":545,"caption":"The Presbyterian College, Montreal"},"image":{"@id":"https:\/\/presbyteriancollege.ca\/#\/schema\/logo\/image\/"},"sameAs":["https:\/\/www.facebook.com\/PCleadershipcentre","https:\/\/x.com\/presbycol"]}]}},"_links":{"self":[{"href":"https:\/\/presbyteriancollege.ca\/fr\/wp-json\/wp\/v2\/pages\/13251","targetHints":{"allow":["GET"]}}],"collection":[{"href":"https:\/\/presbyteriancollege.ca\/fr\/wp-json\/wp\/v2\/pages"}],"about":[{"href":"https:\/\/presbyteriancollege.ca\/fr\/wp-json\/wp\/v2\/types\/page"}],"author":[{"embeddable":true,"href":"https:\/\/presbyteriancollege.ca\/fr\/wp-json\/wp\/v2\/users\/2"}],"replies":[{"embeddable":true,"href":"https:\/\/presbyteriancollege.ca\/fr\/wp-json\/wp\/v2\/comments?post=13251"}],"version-history":[{"count":0,"href":"https:\/\/presbyteriancollege.ca\/fr\/wp-json\/wp\/v2\/pages\/13251\/revisions"}],"wp:featuredmedia":[{"embeddable":true,"href":"https:\/\/presbyteriancollege.ca\/fr\/wp-json\/wp\/v2\/media\/12039"}],"wp:attachment":[{"href":"https:\/\/presbyteriancollege.ca\/fr\/wp-json\/wp\/v2\/media?parent=13251"}],"curies":[{"name":"wp","href":"https:\/\/api.w.org\/{rel}","templated":true}]}}