{"id":13194,"date":"2021-06-15T20:52:10","date_gmt":"2021-06-16T00:52:10","guid":{"rendered":"https:\/\/presbyteriancollege.ca\/a-propos-de-nous\/conseil-des-gouverneurs\/"},"modified":"2021-06-15T20:52:10","modified_gmt":"2021-06-16T00:52:10","slug":"conseil-des-gouverneurs","status":"publish","type":"page","link":"https:\/\/presbyteriancollege.ca\/fr\/a-propos-de-nous\/conseil-des-gouverneurs\/","title":{"rendered":"Conseil des gouverneurs"},"content":{"rendered":"","protected":false},"excerpt":{"rendered":"","protected":false},"author":2,"featured_media":11775,"parent":13107,"menu_order":0,"comment_status":"closed","ping_status":"closed","template":"","meta":{"episode_type":"","audio_file":"","podmotor_file_id":"","podmotor_episode_id":"","cover_image":"","cover_image_id":"","duration":"","filesize":"","filesize_raw":"","date_recorded":"","explicit":"","block":"","footnotes":""},"class_list":["post-13194","page","type-page","status-publish","has-post-thumbnail","hentry"],"yoast_head":"<!-- This site is optimized with the Yoast SEO plugin v27.4 - https:\/\/yoast.com\/product\/yoast-seo-wordpress\/ -->\n<title>Conseil des gouverneurs - The Presbyterian College, Montreal<\/title>\n<meta name=\"description\" content=\"Le conseil des gouverneurs du coll\u00e8ge est nomm\u00e9 par l&#039;\u00c9glise presbyt\u00e9rienne. Le conseil des gouverneurs exerce une surveillance g\u00e9n\u00e9rale sur le coll\u00e8ge.\" \/>\n<meta name=\"robots\" content=\"index, follow, max-snippet:-1, max-image-preview:large, max-video-preview:-1\" \/>\n<link rel=\"canonical\" href=\"https:\/\/presbyteriancollege.ca\/fr\/a-propos-de-nous\/conseil-des-gouverneurs\/\" \/>\n<meta property=\"og:locale\" content=\"fr_FR\" \/>\n<meta property=\"og:type\" content=\"article\" \/>\n<meta property=\"og:title\" content=\"Conseil des gouverneurs - The Presbyterian College, Montreal\" \/>\n<meta property=\"og:description\" content=\"Le conseil des gouverneurs du coll\u00e8ge est nomm\u00e9 par l&#039;\u00c9glise presbyt\u00e9rienne. Le conseil des gouverneurs exerce une surveillance g\u00e9n\u00e9rale sur le coll\u00e8ge.\" \/>\n<meta property=\"og:url\" content=\"https:\/\/presbyteriancollege.ca\/fr\/a-propos-de-nous\/conseil-des-gouverneurs\/\" \/>\n<meta property=\"og:site_name\" content=\"The Presbyterian College, Montreal\" \/>\n<meta property=\"article:publisher\" content=\"https:\/\/www.facebook.com\/PCleadershipcentre\" \/>\n<meta property=\"og:image\" content=\"https:\/\/presbyteriancollege.ca\/wp-content\/uploads\/2021\/06\/10980052_l-scaled-e1624388341344.jpg\" \/>\n\t<meta property=\"og:image:width\" content=\"1920\" \/>\n\t<meta property=\"og:image:height\" content=\"1280\" \/>\n\t<meta property=\"og:image:type\" content=\"image\/jpeg\" \/>\n<meta name=\"twitter:card\" content=\"summary_large_image\" \/>\n<meta name=\"twitter:site\" content=\"@presbycol\" \/>\n<script type=\"application\/ld+json\" class=\"yoast-schema-graph\">{\"@context\":\"https:\\\/\\\/schema.org\",\"@graph\":[{\"@type\":\"WebPage\",\"@id\":\"https:\\\/\\\/presbyteriancollege.ca\\\/fr\\\/a-propos-de-nous\\\/conseil-des-gouverneurs\\\/\",\"url\":\"https:\\\/\\\/presbyteriancollege.ca\\\/fr\\\/a-propos-de-nous\\\/conseil-des-gouverneurs\\\/\",\"name\":\"Conseil des gouverneurs - The Presbyterian College, Montreal\",\"isPartOf\":{\"@id\":\"https:\\\/\\\/presbyteriancollege.ca\\\/#website\"},\"primaryImageOfPage\":{\"@id\":\"https:\\\/\\\/presbyteriancollege.ca\\\/fr\\\/a-propos-de-nous\\\/conseil-des-gouverneurs\\\/#primaryimage\"},\"image\":{\"@id\":\"https:\\\/\\\/presbyteriancollege.ca\\\/fr\\\/a-propos-de-nous\\\/conseil-des-gouverneurs\\\/#primaryimage\"},\"thumbnailUrl\":\"https:\\\/\\\/presbyteriancollege.ca\\\/wp-content\\\/uploads\\\/2021\\\/06\\\/10980052_l-scaled-e1624388341344.jpg\",\"datePublished\":\"2021-06-16T00:52:10+00:00\",\"description\":\"Le conseil des gouverneurs du coll\u00e8ge est nomm\u00e9 par l'\u00c9glise presbyt\u00e9rienne. Le conseil des gouverneurs exerce une surveillance g\u00e9n\u00e9rale sur le coll\u00e8ge.\",\"breadcrumb\":{\"@id\":\"https:\\\/\\\/presbyteriancollege.ca\\\/fr\\\/a-propos-de-nous\\\/conseil-des-gouverneurs\\\/#breadcrumb\"},\"inLanguage\":\"fr-FR\",\"potentialAction\":[{\"@type\":\"ReadAction\",\"target\":[\"https:\\\/\\\/presbyteriancollege.ca\\\/fr\\\/a-propos-de-nous\\\/conseil-des-gouverneurs\\\/\"]}]},{\"@type\":\"ImageObject\",\"inLanguage\":\"fr-FR\",\"@id\":\"https:\\\/\\\/presbyteriancollege.ca\\\/fr\\\/a-propos-de-nous\\\/conseil-des-gouverneurs\\\/#primaryimage\",\"url\":\"https:\\\/\\\/presbyteriancollege.ca\\\/wp-content\\\/uploads\\\/2021\\\/06\\\/10980052_l-scaled-e1624388341344.jpg\",\"contentUrl\":\"https:\\\/\\\/presbyteriancollege.ca\\\/wp-content\\\/uploads\\\/2021\\\/06\\\/10980052_l-scaled-e1624388341344.jpg\",\"width\":1920,\"height\":1280,\"caption\":\"10980052 - meeting room with glass top table and armchairs and white board\"},{\"@type\":\"BreadcrumbList\",\"@id\":\"https:\\\/\\\/presbyteriancollege.ca\\\/fr\\\/a-propos-de-nous\\\/conseil-des-gouverneurs\\\/#breadcrumb\",\"itemListElement\":[{\"@type\":\"ListItem\",\"position\":1,\"name\":\"Home\",\"item\":\"https:\\\/\\\/presbyteriancollege.ca\\\/fr\\\/\"},{\"@type\":\"ListItem\",\"position\":2,\"name\":\"\u00c0 propos\",\"item\":\"https:\\\/\\\/presbyteriancollege.ca\\\/fr\\\/a-propos-de-nous\\\/\"},{\"@type\":\"ListItem\",\"position\":3,\"name\":\"Conseil des gouverneurs\"}]},{\"@type\":\"WebSite\",\"@id\":\"https:\\\/\\\/presbyteriancollege.ca\\\/#website\",\"url\":\"https:\\\/\\\/presbyteriancollege.ca\\\/\",\"name\":\"The Presbyterian College, Montreal\",\"description\":\"\",\"publisher\":{\"@id\":\"https:\\\/\\\/presbyteriancollege.ca\\\/#organization\"},\"potentialAction\":[{\"@type\":\"SearchAction\",\"target\":{\"@type\":\"EntryPoint\",\"urlTemplate\":\"https:\\\/\\\/presbyteriancollege.ca\\\/?s={search_term_string}\"},\"query-input\":{\"@type\":\"PropertyValueSpecification\",\"valueRequired\":true,\"valueName\":\"search_term_string\"}}],\"inLanguage\":\"fr-FR\"},{\"@type\":\"Organization\",\"@id\":\"https:\\\/\\\/presbyteriancollege.ca\\\/#organization\",\"name\":\"The Presbyterian College, Montreal\",\"url\":\"https:\\\/\\\/presbyteriancollege.ca\\\/\",\"logo\":{\"@type\":\"ImageObject\",\"inLanguage\":\"fr-FR\",\"@id\":\"https:\\\/\\\/presbyteriancollege.ca\\\/#\\\/schema\\\/logo\\\/image\\\/\",\"url\":\"https:\\\/\\\/presbyteriancollege.ca\\\/wordpress2021\\\/wp-content\\\/uploads\\\/2021\\\/05\\\/PC_logo_2021.png\",\"contentUrl\":\"https:\\\/\\\/presbyteriancollege.ca\\\/wordpress2021\\\/wp-content\\\/uploads\\\/2021\\\/05\\\/PC_logo_2021.png\",\"width\":2075,\"height\":545,\"caption\":\"The Presbyterian College, Montreal\"},\"image\":{\"@id\":\"https:\\\/\\\/presbyteriancollege.ca\\\/#\\\/schema\\\/logo\\\/image\\\/\"},\"sameAs\":[\"https:\\\/\\\/www.facebook.com\\\/PCleadershipcentre\",\"https:\\\/\\\/x.com\\\/presbycol\"]}]}<\/script>\n<!-- \/ Yoast SEO plugin. -->","yoast_head_json":{"title":"Conseil des gouverneurs - The Presbyterian College, Montreal","description":"Le conseil des gouverneurs du coll\u00e8ge est nomm\u00e9 par l'\u00c9glise presbyt\u00e9rienne. Le conseil des gouverneurs exerce une surveillance g\u00e9n\u00e9rale sur le coll\u00e8ge.","robots":{"index":"index","follow":"follow","max-snippet":"max-snippet:-1","max-image-preview":"max-image-preview:large","max-video-preview":"max-video-preview:-1"},"canonical":"https:\/\/presbyteriancollege.ca\/fr\/a-propos-de-nous\/conseil-des-gouverneurs\/","og_locale":"fr_FR","og_type":"article","og_title":"Conseil des gouverneurs - The Presbyterian College, Montreal","og_description":"Le conseil des gouverneurs du coll\u00e8ge est nomm\u00e9 par l'\u00c9glise presbyt\u00e9rienne. Le conseil des gouverneurs exerce une surveillance g\u00e9n\u00e9rale sur le coll\u00e8ge.","og_url":"https:\/\/presbyteriancollege.ca\/fr\/a-propos-de-nous\/conseil-des-gouverneurs\/","og_site_name":"The Presbyterian College, Montreal","article_publisher":"https:\/\/www.facebook.com\/PCleadershipcentre","og_image":[{"width":1920,"height":1280,"url":"https:\/\/presbyteriancollege.ca\/wp-content\/uploads\/2021\/06\/10980052_l-scaled-e1624388341344.jpg","type":"image\/jpeg"}],"twitter_card":"summary_large_image","twitter_site":"@presbycol","schema":{"@context":"https:\/\/schema.org","@graph":[{"@type":"WebPage","@id":"https:\/\/presbyteriancollege.ca\/fr\/a-propos-de-nous\/conseil-des-gouverneurs\/","url":"https:\/\/presbyteriancollege.ca\/fr\/a-propos-de-nous\/conseil-des-gouverneurs\/","name":"Conseil des gouverneurs - The Presbyterian College, Montreal","isPartOf":{"@id":"https:\/\/presbyteriancollege.ca\/#website"},"primaryImageOfPage":{"@id":"https:\/\/presbyteriancollege.ca\/fr\/a-propos-de-nous\/conseil-des-gouverneurs\/#primaryimage"},"image":{"@id":"https:\/\/presbyteriancollege.ca\/fr\/a-propos-de-nous\/conseil-des-gouverneurs\/#primaryimage"},"thumbnailUrl":"https:\/\/presbyteriancollege.ca\/wp-content\/uploads\/2021\/06\/10980052_l-scaled-e1624388341344.jpg","datePublished":"2021-06-16T00:52:10+00:00","description":"Le conseil des gouverneurs du coll\u00e8ge est nomm\u00e9 par l'\u00c9glise presbyt\u00e9rienne. Le conseil des gouverneurs exerce une surveillance g\u00e9n\u00e9rale sur le coll\u00e8ge.","breadcrumb":{"@id":"https:\/\/presbyteriancollege.ca\/fr\/a-propos-de-nous\/conseil-des-gouverneurs\/#breadcrumb"},"inLanguage":"fr-FR","potentialAction":[{"@type":"ReadAction","target":["https:\/\/presbyteriancollege.ca\/fr\/a-propos-de-nous\/conseil-des-gouverneurs\/"]}]},{"@type":"ImageObject","inLanguage":"fr-FR","@id":"https:\/\/presbyteriancollege.ca\/fr\/a-propos-de-nous\/conseil-des-gouverneurs\/#primaryimage","url":"https:\/\/presbyteriancollege.ca\/wp-content\/uploads\/2021\/06\/10980052_l-scaled-e1624388341344.jpg","contentUrl":"https:\/\/presbyteriancollege.ca\/wp-content\/uploads\/2021\/06\/10980052_l-scaled-e1624388341344.jpg","width":1920,"height":1280,"caption":"10980052 - meeting room with glass top table and armchairs and white board"},{"@type":"BreadcrumbList","@id":"https:\/\/presbyteriancollege.ca\/fr\/a-propos-de-nous\/conseil-des-gouverneurs\/#breadcrumb","itemListElement":[{"@type":"ListItem","position":1,"name":"Home","item":"https:\/\/presbyteriancollege.ca\/fr\/"},{"@type":"ListItem","position":2,"name":"\u00c0 propos","item":"https:\/\/presbyteriancollege.ca\/fr\/a-propos-de-nous\/"},{"@type":"ListItem","position":3,"name":"Conseil des gouverneurs"}]},{"@type":"WebSite","@id":"https:\/\/presbyteriancollege.ca\/#website","url":"https:\/\/presbyteriancollege.ca\/","name":"The Presbyterian College, Montreal","description":"","publisher":{"@id":"https:\/\/presbyteriancollege.ca\/#organization"},"potentialAction":[{"@type":"SearchAction","target":{"@type":"EntryPoint","urlTemplate":"https:\/\/presbyteriancollege.ca\/?s={search_term_string}"},"query-input":{"@type":"PropertyValueSpecification","valueRequired":true,"valueName":"search_term_string"}}],"inLanguage":"fr-FR"},{"@type":"Organization","@id":"https:\/\/presbyteriancollege.ca\/#organization","name":"The Presbyterian College, Montreal","url":"https:\/\/presbyteriancollege.ca\/","logo":{"@type":"ImageObject","inLanguage":"fr-FR","@id":"https:\/\/presbyteriancollege.ca\/#\/schema\/logo\/image\/","url":"https:\/\/presbyteriancollege.ca\/wordpress2021\/wp-content\/uploads\/2021\/05\/PC_logo_2021.png","contentUrl":"https:\/\/presbyteriancollege.ca\/wordpress2021\/wp-content\/uploads\/2021\/05\/PC_logo_2021.png","width":2075,"height":545,"caption":"The Presbyterian College, Montreal"},"image":{"@id":"https:\/\/presbyteriancollege.ca\/#\/schema\/logo\/image\/"},"sameAs":["https:\/\/www.facebook.com\/PCleadershipcentre","https:\/\/x.com\/presbycol"]}]}},"_links":{"self":[{"href":"https:\/\/presbyteriancollege.ca\/fr\/wp-json\/wp\/v2\/pages\/13194","targetHints":{"allow":["GET"]}}],"collection":[{"href":"https:\/\/presbyteriancollege.ca\/fr\/wp-json\/wp\/v2\/pages"}],"about":[{"href":"https:\/\/presbyteriancollege.ca\/fr\/wp-json\/wp\/v2\/types\/page"}],"author":[{"embeddable":true,"href":"https:\/\/presbyteriancollege.ca\/fr\/wp-json\/wp\/v2\/users\/2"}],"replies":[{"embeddable":true,"href":"https:\/\/presbyteriancollege.ca\/fr\/wp-json\/wp\/v2\/comments?post=13194"}],"version-history":[{"count":0,"href":"https:\/\/presbyteriancollege.ca\/fr\/wp-json\/wp\/v2\/pages\/13194\/revisions"}],"up":[{"embeddable":true,"href":"https:\/\/presbyteriancollege.ca\/fr\/wp-json\/wp\/v2\/pages\/13107"}],"wp:featuredmedia":[{"embeddable":true,"href":"https:\/\/presbyteriancollege.ca\/fr\/wp-json\/wp\/v2\/media\/11775"}],"wp:attachment":[{"href":"https:\/\/presbyteriancollege.ca\/fr\/wp-json\/wp\/v2\/media?parent=13194"}],"curies":[{"name":"wp","href":"https:\/\/api.w.org\/{rel}","templated":true}]}}