{"id":13174,"date":"2021-07-07T18:24:17","date_gmt":"2021-07-07T22:24:17","guid":{"rendered":"https:\/\/presbyteriancollege.ca\/admission\/frais-de-scolarite\/"},"modified":"2024-05-06T06:56:18","modified_gmt":"2024-05-06T10:56:18","slug":"frais-de-scolarite","status":"publish","type":"page","link":"https:\/\/presbyteriancollege.ca\/fr\/admission\/frais-de-scolarite\/","title":{"rendered":"Frais de scolarit\u00e9"},"content":{"rendered":"\n<p><br\/>Au Coll\u00e8ge presbyt\u00e9rien, nous savons que l&#8217;endettement des \u00e9tudiants est une pr\u00e9occupation majeure. C&#8217;est pourquoi le Coll\u00e8ge maintient les frais de scolarit\u00e9 \u00e0 un niveau aussi abordable que possible, tout en offrant des bourses d&#8217;\u00e9tudes. Le Qu\u00e9bec propose des frais de scolarit\u00e9 parmi les plus bas du Canada, tout en offrant d&#8217;excellentes possibilit\u00e9s d&#8217;\u00e9ducation aux \u00e9tudiants.<\/p>\n\n<p>Pour les \u00e9tudiants \u00e9trangers, nos tarifs sont parmi les plus comp\u00e9titifs d&#8217;Am\u00e9rique du Nord. Tous les \u00e9tudiants inscrits aux programmes de McGill en tant qu&#8217;\u00e9tudiants affili\u00e9s (BTh, STM) paient leurs frais de scolarit\u00e9 au Coll\u00e8ge presbyt\u00e9rien plut\u00f4t qu&#8217;\u00e0 l&#8217;universit\u00e9.<\/p>\n\n<p>Pour plus d&#8217;informations sur les diff\u00e9rents programmes acad\u00e9miques du coll\u00e8ge, <a href=\"https:\/\/presbyteriancollege.ca\/fr\/programmes\/\" target=\"_blank\" rel=\"noreferrer noopener\">cliquez ici<\/a>. Pour conna\u00eetre les avantages d&#8217;\u00e9tudier avec nous, <a href=\"https:\/\/presbyteriancollege.ca\/admission\/theology-in-montreal\/\">cliquez ici<\/a>.<\/p>\n\n<p><em>Le Presbyterian College se r\u00e9serve le droit d&#8217;apporter des modifications annuelles aux frais de scolarit\u00e9 ou \u00e0 d&#8217;autres frais, communiqu\u00e9es le plus t\u00f4t possible aux \u00e9tudiants. (Les augmentations annuelles sont g\u00e9n\u00e9ralement de l&#8217;ordre de 2 \u00e0 5 %).<\/em><\/p>\n","protected":false},"excerpt":{"rendered":"<p>Au Coll\u00e8ge presbyt\u00e9rien, nous savons que l&#8217;endettement des \u00e9tudiants est une pr\u00e9occupation majeure. C&#8217;est pourquoi le Coll\u00e8ge maintient les frais de scolarit\u00e9 \u00e0 un niveau aussi abordable que possible, tout [&hellip;]<\/p>\n","protected":false},"author":2,"featured_media":11836,"parent":13139,"menu_order":0,"comment_status":"closed","ping_status":"closed","template":"","meta":{"episode_type":"","audio_file":"","podmotor_file_id":"","podmotor_episode_id":"","cover_image":"","cover_image_id":"","duration":"","filesize":"","filesize_raw":"","date_recorded":"","explicit":"","block":"","footnotes":""},"class_list":["post-13174","page","type-page","status-publish","has-post-thumbnail","hentry"],"yoast_head":"<!-- This site is optimized with the Yoast SEO plugin v27.4 - https:\/\/yoast.com\/product\/yoast-seo-wordpress\/ -->\n<title>Frais de scolarit\u00e9 - The Presbyterian College, Montreal<\/title>\n<meta name=\"description\" content=\"Le Coll\u00e8ge maintient les frais de scolarit\u00e9 \u00e0 un niveau aussi abordable que possible, tout en offrant des bourses. Parmi les frais les plus bas d&#039;Am\u00e9rique du Nord.\" \/>\n<meta name=\"robots\" content=\"index, follow, max-snippet:-1, max-image-preview:large, max-video-preview:-1\" \/>\n<link rel=\"canonical\" href=\"https:\/\/presbyteriancollege.ca\/fr\/admission\/frais-de-scolarite\/\" \/>\n<meta property=\"og:locale\" content=\"fr_FR\" \/>\n<meta property=\"og:type\" content=\"article\" \/>\n<meta property=\"og:title\" content=\"Frais de scolarit\u00e9 - The Presbyterian College, Montreal\" \/>\n<meta property=\"og:description\" content=\"Le Coll\u00e8ge maintient les frais de scolarit\u00e9 \u00e0 un niveau aussi abordable que possible, tout en offrant des bourses. Parmi les frais les plus bas d&#039;Am\u00e9rique du Nord.\" \/>\n<meta property=\"og:url\" content=\"https:\/\/presbyteriancollege.ca\/fr\/admission\/frais-de-scolarite\/\" \/>\n<meta property=\"og:site_name\" content=\"The Presbyterian College, Montreal\" \/>\n<meta property=\"article:publisher\" content=\"https:\/\/www.facebook.com\/PCleadershipcentre\" \/>\n<meta property=\"article:modified_time\" content=\"2024-05-06T10:56:18+00:00\" \/>\n<meta property=\"og:image\" content=\"https:\/\/presbyteriancollege.ca\/wp-content\/uploads\/2021\/07\/Admissions-scaled.jpg\" \/>\n\t<meta property=\"og:image:width\" content=\"2560\" \/>\n\t<meta property=\"og:image:height\" content=\"1340\" \/>\n\t<meta property=\"og:image:type\" content=\"image\/jpeg\" \/>\n<meta name=\"twitter:card\" content=\"summary_large_image\" \/>\n<meta name=\"twitter:site\" content=\"@presbycol\" \/>\n<meta name=\"twitter:label1\" content=\"Est. reading time\" \/>\n\t<meta name=\"twitter:data1\" content=\"1 minute\" \/>\n<script type=\"application\/ld+json\" class=\"yoast-schema-graph\">{\"@context\":\"https:\\\/\\\/schema.org\",\"@graph\":[{\"@type\":\"WebPage\",\"@id\":\"https:\\\/\\\/presbyteriancollege.ca\\\/fr\\\/admission\\\/frais-de-scolarite\\\/\",\"url\":\"https:\\\/\\\/presbyteriancollege.ca\\\/fr\\\/admission\\\/frais-de-scolarite\\\/\",\"name\":\"Frais de scolarit\u00e9 - The Presbyterian College, Montreal\",\"isPartOf\":{\"@id\":\"https:\\\/\\\/presbyteriancollege.ca\\\/#website\"},\"primaryImageOfPage\":{\"@id\":\"https:\\\/\\\/presbyteriancollege.ca\\\/fr\\\/admission\\\/frais-de-scolarite\\\/#primaryimage\"},\"image\":{\"@id\":\"https:\\\/\\\/presbyteriancollege.ca\\\/fr\\\/admission\\\/frais-de-scolarite\\\/#primaryimage\"},\"thumbnailUrl\":\"https:\\\/\\\/presbyteriancollege.ca\\\/wp-content\\\/uploads\\\/2021\\\/07\\\/Admissions-scaled.jpg\",\"datePublished\":\"2021-07-07T22:24:17+00:00\",\"dateModified\":\"2024-05-06T10:56:18+00:00\",\"description\":\"Le Coll\u00e8ge maintient les frais de scolarit\u00e9 \u00e0 un niveau aussi abordable que possible, tout en offrant des bourses. Parmi les frais les plus bas d'Am\u00e9rique du Nord.\",\"breadcrumb\":{\"@id\":\"https:\\\/\\\/presbyteriancollege.ca\\\/fr\\\/admission\\\/frais-de-scolarite\\\/#breadcrumb\"},\"inLanguage\":\"fr-FR\",\"potentialAction\":[{\"@type\":\"ReadAction\",\"target\":[\"https:\\\/\\\/presbyteriancollege.ca\\\/fr\\\/admission\\\/frais-de-scolarite\\\/\"]}]},{\"@type\":\"ImageObject\",\"inLanguage\":\"fr-FR\",\"@id\":\"https:\\\/\\\/presbyteriancollege.ca\\\/fr\\\/admission\\\/frais-de-scolarite\\\/#primaryimage\",\"url\":\"https:\\\/\\\/presbyteriancollege.ca\\\/wp-content\\\/uploads\\\/2021\\\/07\\\/Admissions-scaled.jpg\",\"contentUrl\":\"https:\\\/\\\/presbyteriancollege.ca\\\/wp-content\\\/uploads\\\/2021\\\/07\\\/Admissions-scaled.jpg\",\"width\":2560,\"height\":1340},{\"@type\":\"BreadcrumbList\",\"@id\":\"https:\\\/\\\/presbyteriancollege.ca\\\/fr\\\/admission\\\/frais-de-scolarite\\\/#breadcrumb\",\"itemListElement\":[{\"@type\":\"ListItem\",\"position\":1,\"name\":\"Home\",\"item\":\"https:\\\/\\\/presbyteriancollege.ca\\\/fr\\\/\"},{\"@type\":\"ListItem\",\"position\":2,\"name\":\"Admission\",\"item\":\"https:\\\/\\\/presbyteriancollege.ca\\\/fr\\\/admission\\\/\"},{\"@type\":\"ListItem\",\"position\":3,\"name\":\"Frais de scolarit\u00e9\"}]},{\"@type\":\"WebSite\",\"@id\":\"https:\\\/\\\/presbyteriancollege.ca\\\/#website\",\"url\":\"https:\\\/\\\/presbyteriancollege.ca\\\/\",\"name\":\"The Presbyterian College, Montreal\",\"description\":\"\",\"publisher\":{\"@id\":\"https:\\\/\\\/presbyteriancollege.ca\\\/#organization\"},\"potentialAction\":[{\"@type\":\"SearchAction\",\"target\":{\"@type\":\"EntryPoint\",\"urlTemplate\":\"https:\\\/\\\/presbyteriancollege.ca\\\/?s={search_term_string}\"},\"query-input\":{\"@type\":\"PropertyValueSpecification\",\"valueRequired\":true,\"valueName\":\"search_term_string\"}}],\"inLanguage\":\"fr-FR\"},{\"@type\":\"Organization\",\"@id\":\"https:\\\/\\\/presbyteriancollege.ca\\\/#organization\",\"name\":\"The Presbyterian College, Montreal\",\"url\":\"https:\\\/\\\/presbyteriancollege.ca\\\/\",\"logo\":{\"@type\":\"ImageObject\",\"inLanguage\":\"fr-FR\",\"@id\":\"https:\\\/\\\/presbyteriancollege.ca\\\/#\\\/schema\\\/logo\\\/image\\\/\",\"url\":\"https:\\\/\\\/presbyteriancollege.ca\\\/wordpress2021\\\/wp-content\\\/uploads\\\/2021\\\/05\\\/PC_logo_2021.png\",\"contentUrl\":\"https:\\\/\\\/presbyteriancollege.ca\\\/wordpress2021\\\/wp-content\\\/uploads\\\/2021\\\/05\\\/PC_logo_2021.png\",\"width\":2075,\"height\":545,\"caption\":\"The Presbyterian College, Montreal\"},\"image\":{\"@id\":\"https:\\\/\\\/presbyteriancollege.ca\\\/#\\\/schema\\\/logo\\\/image\\\/\"},\"sameAs\":[\"https:\\\/\\\/www.facebook.com\\\/PCleadershipcentre\",\"https:\\\/\\\/x.com\\\/presbycol\"]}]}<\/script>\n<!-- \/ Yoast SEO plugin. -->","yoast_head_json":{"title":"Frais de scolarit\u00e9 - The Presbyterian College, Montreal","description":"Le Coll\u00e8ge maintient les frais de scolarit\u00e9 \u00e0 un niveau aussi abordable que possible, tout en offrant des bourses. Parmi les frais les plus bas d'Am\u00e9rique du Nord.","robots":{"index":"index","follow":"follow","max-snippet":"max-snippet:-1","max-image-preview":"max-image-preview:large","max-video-preview":"max-video-preview:-1"},"canonical":"https:\/\/presbyteriancollege.ca\/fr\/admission\/frais-de-scolarite\/","og_locale":"fr_FR","og_type":"article","og_title":"Frais de scolarit\u00e9 - The Presbyterian College, Montreal","og_description":"Le Coll\u00e8ge maintient les frais de scolarit\u00e9 \u00e0 un niveau aussi abordable que possible, tout en offrant des bourses. Parmi les frais les plus bas d'Am\u00e9rique du Nord.","og_url":"https:\/\/presbyteriancollege.ca\/fr\/admission\/frais-de-scolarite\/","og_site_name":"The Presbyterian College, Montreal","article_publisher":"https:\/\/www.facebook.com\/PCleadershipcentre","article_modified_time":"2024-05-06T10:56:18+00:00","og_image":[{"width":2560,"height":1340,"url":"https:\/\/presbyteriancollege.ca\/wp-content\/uploads\/2021\/07\/Admissions-scaled.jpg","type":"image\/jpeg"}],"twitter_card":"summary_large_image","twitter_site":"@presbycol","twitter_misc":{"Est. reading time":"1 minute"},"schema":{"@context":"https:\/\/schema.org","@graph":[{"@type":"WebPage","@id":"https:\/\/presbyteriancollege.ca\/fr\/admission\/frais-de-scolarite\/","url":"https:\/\/presbyteriancollege.ca\/fr\/admission\/frais-de-scolarite\/","name":"Frais de scolarit\u00e9 - The Presbyterian College, Montreal","isPartOf":{"@id":"https:\/\/presbyteriancollege.ca\/#website"},"primaryImageOfPage":{"@id":"https:\/\/presbyteriancollege.ca\/fr\/admission\/frais-de-scolarite\/#primaryimage"},"image":{"@id":"https:\/\/presbyteriancollege.ca\/fr\/admission\/frais-de-scolarite\/#primaryimage"},"thumbnailUrl":"https:\/\/presbyteriancollege.ca\/wp-content\/uploads\/2021\/07\/Admissions-scaled.jpg","datePublished":"2021-07-07T22:24:17+00:00","dateModified":"2024-05-06T10:56:18+00:00","description":"Le Coll\u00e8ge maintient les frais de scolarit\u00e9 \u00e0 un niveau aussi abordable que possible, tout en offrant des bourses. Parmi les frais les plus bas d'Am\u00e9rique du Nord.","breadcrumb":{"@id":"https:\/\/presbyteriancollege.ca\/fr\/admission\/frais-de-scolarite\/#breadcrumb"},"inLanguage":"fr-FR","potentialAction":[{"@type":"ReadAction","target":["https:\/\/presbyteriancollege.ca\/fr\/admission\/frais-de-scolarite\/"]}]},{"@type":"ImageObject","inLanguage":"fr-FR","@id":"https:\/\/presbyteriancollege.ca\/fr\/admission\/frais-de-scolarite\/#primaryimage","url":"https:\/\/presbyteriancollege.ca\/wp-content\/uploads\/2021\/07\/Admissions-scaled.jpg","contentUrl":"https:\/\/presbyteriancollege.ca\/wp-content\/uploads\/2021\/07\/Admissions-scaled.jpg","width":2560,"height":1340},{"@type":"BreadcrumbList","@id":"https:\/\/presbyteriancollege.ca\/fr\/admission\/frais-de-scolarite\/#breadcrumb","itemListElement":[{"@type":"ListItem","position":1,"name":"Home","item":"https:\/\/presbyteriancollege.ca\/fr\/"},{"@type":"ListItem","position":2,"name":"Admission","item":"https:\/\/presbyteriancollege.ca\/fr\/admission\/"},{"@type":"ListItem","position":3,"name":"Frais de scolarit\u00e9"}]},{"@type":"WebSite","@id":"https:\/\/presbyteriancollege.ca\/#website","url":"https:\/\/presbyteriancollege.ca\/","name":"The Presbyterian College, Montreal","description":"","publisher":{"@id":"https:\/\/presbyteriancollege.ca\/#organization"},"potentialAction":[{"@type":"SearchAction","target":{"@type":"EntryPoint","urlTemplate":"https:\/\/presbyteriancollege.ca\/?s={search_term_string}"},"query-input":{"@type":"PropertyValueSpecification","valueRequired":true,"valueName":"search_term_string"}}],"inLanguage":"fr-FR"},{"@type":"Organization","@id":"https:\/\/presbyteriancollege.ca\/#organization","name":"The Presbyterian College, Montreal","url":"https:\/\/presbyteriancollege.ca\/","logo":{"@type":"ImageObject","inLanguage":"fr-FR","@id":"https:\/\/presbyteriancollege.ca\/#\/schema\/logo\/image\/","url":"https:\/\/presbyteriancollege.ca\/wordpress2021\/wp-content\/uploads\/2021\/05\/PC_logo_2021.png","contentUrl":"https:\/\/presbyteriancollege.ca\/wordpress2021\/wp-content\/uploads\/2021\/05\/PC_logo_2021.png","width":2075,"height":545,"caption":"The Presbyterian College, Montreal"},"image":{"@id":"https:\/\/presbyteriancollege.ca\/#\/schema\/logo\/image\/"},"sameAs":["https:\/\/www.facebook.com\/PCleadershipcentre","https:\/\/x.com\/presbycol"]}]}},"_links":{"self":[{"href":"https:\/\/presbyteriancollege.ca\/fr\/wp-json\/wp\/v2\/pages\/13174","targetHints":{"allow":["GET"]}}],"collection":[{"href":"https:\/\/presbyteriancollege.ca\/fr\/wp-json\/wp\/v2\/pages"}],"about":[{"href":"https:\/\/presbyteriancollege.ca\/fr\/wp-json\/wp\/v2\/types\/page"}],"author":[{"embeddable":true,"href":"https:\/\/presbyteriancollege.ca\/fr\/wp-json\/wp\/v2\/users\/2"}],"replies":[{"embeddable":true,"href":"https:\/\/presbyteriancollege.ca\/fr\/wp-json\/wp\/v2\/comments?post=13174"}],"version-history":[{"count":0,"href":"https:\/\/presbyteriancollege.ca\/fr\/wp-json\/wp\/v2\/pages\/13174\/revisions"}],"up":[{"embeddable":true,"href":"https:\/\/presbyteriancollege.ca\/fr\/wp-json\/wp\/v2\/pages\/13139"}],"wp:featuredmedia":[{"embeddable":true,"href":"https:\/\/presbyteriancollege.ca\/fr\/wp-json\/wp\/v2\/media\/11836"}],"wp:attachment":[{"href":"https:\/\/presbyteriancollege.ca\/fr\/wp-json\/wp\/v2\/media?parent=13174"}],"curies":[{"name":"wp","href":"https:\/\/api.w.org\/{rel}","templated":true}]}}