{"id":13148,"date":"2018-08-15T10:59:38","date_gmt":"2018-08-15T14:59:38","guid":{"rendered":"https:\/\/presbyteriancollege.ca\/a-propos-de-nous\/politiques\/"},"modified":"2024-02-20T04:30:18","modified_gmt":"2024-02-20T09:30:18","slug":"politiques","status":"publish","type":"page","link":"https:\/\/presbyteriancollege.ca\/fr\/a-propos-de-nous\/politiques\/","title":{"rendered":"Politiques"},"content":{"rendered":"","protected":false},"excerpt":{"rendered":"","protected":false},"author":2,"featured_media":0,"parent":13107,"menu_order":0,"comment_status":"closed","ping_status":"closed","template":"","meta":{"episode_type":"","audio_file":"","podmotor_file_id":"","podmotor_episode_id":"","cover_image":"","cover_image_id":"","duration":"","filesize":"","filesize_raw":"","date_recorded":"","explicit":"","block":"","footnotes":""},"class_list":["post-13148","page","type-page","status-publish","hentry"],"yoast_head":"<!-- This site is optimized with the Yoast SEO plugin v27.4 - https:\/\/yoast.com\/product\/yoast-seo-wordpress\/ -->\n<title>Politiques - The Presbyterian College, Montreal<\/title>\n<meta name=\"description\" content=\"Notre programme et notre vie commune sont fa\u00e7onn\u00e9s par les politiques du coll\u00e8ge. Cette page rassemble toutes les politiques du coll\u00e8ge pour votre information.\" \/>\n<meta name=\"robots\" content=\"index, follow, max-snippet:-1, max-image-preview:large, max-video-preview:-1\" \/>\n<link rel=\"canonical\" href=\"https:\/\/presbyteriancollege.ca\/fr\/a-propos-de-nous\/politiques\/\" \/>\n<meta property=\"og:locale\" content=\"fr_FR\" \/>\n<meta property=\"og:type\" content=\"article\" \/>\n<meta property=\"og:title\" content=\"Politiques - The Presbyterian College, Montreal\" \/>\n<meta property=\"og:description\" content=\"Notre programme et notre vie commune sont fa\u00e7onn\u00e9s par les politiques du coll\u00e8ge. Cette page rassemble toutes les politiques du coll\u00e8ge pour votre information.\" \/>\n<meta property=\"og:url\" content=\"https:\/\/presbyteriancollege.ca\/fr\/a-propos-de-nous\/politiques\/\" \/>\n<meta property=\"og:site_name\" content=\"The Presbyterian College, Montreal\" \/>\n<meta property=\"article:publisher\" content=\"https:\/\/www.facebook.com\/PCleadershipcentre\" \/>\n<meta property=\"article:modified_time\" content=\"2024-02-20T09:30:18+00:00\" \/>\n<meta name=\"twitter:card\" content=\"summary_large_image\" \/>\n<meta name=\"twitter:site\" content=\"@presbycol\" \/>\n<script type=\"application\/ld+json\" class=\"yoast-schema-graph\">{\"@context\":\"https:\\\/\\\/schema.org\",\"@graph\":[{\"@type\":\"WebPage\",\"@id\":\"https:\\\/\\\/presbyteriancollege.ca\\\/fr\\\/a-propos-de-nous\\\/politiques\\\/\",\"url\":\"https:\\\/\\\/presbyteriancollege.ca\\\/fr\\\/a-propos-de-nous\\\/politiques\\\/\",\"name\":\"Politiques - The Presbyterian College, Montreal\",\"isPartOf\":{\"@id\":\"https:\\\/\\\/presbyteriancollege.ca\\\/#website\"},\"datePublished\":\"2018-08-15T14:59:38+00:00\",\"dateModified\":\"2024-02-20T09:30:18+00:00\",\"description\":\"Notre programme et notre vie commune sont fa\u00e7onn\u00e9s par les politiques du coll\u00e8ge. Cette page rassemble toutes les politiques du coll\u00e8ge pour votre information.\",\"breadcrumb\":{\"@id\":\"https:\\\/\\\/presbyteriancollege.ca\\\/fr\\\/a-propos-de-nous\\\/politiques\\\/#breadcrumb\"},\"inLanguage\":\"fr-FR\",\"potentialAction\":[{\"@type\":\"ReadAction\",\"target\":[\"https:\\\/\\\/presbyteriancollege.ca\\\/fr\\\/a-propos-de-nous\\\/politiques\\\/\"]}]},{\"@type\":\"BreadcrumbList\",\"@id\":\"https:\\\/\\\/presbyteriancollege.ca\\\/fr\\\/a-propos-de-nous\\\/politiques\\\/#breadcrumb\",\"itemListElement\":[{\"@type\":\"ListItem\",\"position\":1,\"name\":\"Home\",\"item\":\"https:\\\/\\\/presbyteriancollege.ca\\\/fr\\\/\"},{\"@type\":\"ListItem\",\"position\":2,\"name\":\"\u00c0 propos\",\"item\":\"https:\\\/\\\/presbyteriancollege.ca\\\/fr\\\/a-propos-de-nous\\\/\"},{\"@type\":\"ListItem\",\"position\":3,\"name\":\"Politiques\"}]},{\"@type\":\"WebSite\",\"@id\":\"https:\\\/\\\/presbyteriancollege.ca\\\/#website\",\"url\":\"https:\\\/\\\/presbyteriancollege.ca\\\/\",\"name\":\"The Presbyterian College, Montreal\",\"description\":\"\",\"publisher\":{\"@id\":\"https:\\\/\\\/presbyteriancollege.ca\\\/#organization\"},\"potentialAction\":[{\"@type\":\"SearchAction\",\"target\":{\"@type\":\"EntryPoint\",\"urlTemplate\":\"https:\\\/\\\/presbyteriancollege.ca\\\/?s={search_term_string}\"},\"query-input\":{\"@type\":\"PropertyValueSpecification\",\"valueRequired\":true,\"valueName\":\"search_term_string\"}}],\"inLanguage\":\"fr-FR\"},{\"@type\":\"Organization\",\"@id\":\"https:\\\/\\\/presbyteriancollege.ca\\\/#organization\",\"name\":\"The Presbyterian College, Montreal\",\"url\":\"https:\\\/\\\/presbyteriancollege.ca\\\/\",\"logo\":{\"@type\":\"ImageObject\",\"inLanguage\":\"fr-FR\",\"@id\":\"https:\\\/\\\/presbyteriancollege.ca\\\/#\\\/schema\\\/logo\\\/image\\\/\",\"url\":\"https:\\\/\\\/presbyteriancollege.ca\\\/wordpress2021\\\/wp-content\\\/uploads\\\/2021\\\/05\\\/PC_logo_2021.png\",\"contentUrl\":\"https:\\\/\\\/presbyteriancollege.ca\\\/wordpress2021\\\/wp-content\\\/uploads\\\/2021\\\/05\\\/PC_logo_2021.png\",\"width\":2075,\"height\":545,\"caption\":\"The Presbyterian College, Montreal\"},\"image\":{\"@id\":\"https:\\\/\\\/presbyteriancollege.ca\\\/#\\\/schema\\\/logo\\\/image\\\/\"},\"sameAs\":[\"https:\\\/\\\/www.facebook.com\\\/PCleadershipcentre\",\"https:\\\/\\\/x.com\\\/presbycol\"]}]}<\/script>\n<!-- \/ Yoast SEO plugin. -->","yoast_head_json":{"title":"Politiques - The Presbyterian College, Montreal","description":"Notre programme et notre vie commune sont fa\u00e7onn\u00e9s par les politiques du coll\u00e8ge. Cette page rassemble toutes les politiques du coll\u00e8ge pour votre information.","robots":{"index":"index","follow":"follow","max-snippet":"max-snippet:-1","max-image-preview":"max-image-preview:large","max-video-preview":"max-video-preview:-1"},"canonical":"https:\/\/presbyteriancollege.ca\/fr\/a-propos-de-nous\/politiques\/","og_locale":"fr_FR","og_type":"article","og_title":"Politiques - The Presbyterian College, Montreal","og_description":"Notre programme et notre vie commune sont fa\u00e7onn\u00e9s par les politiques du coll\u00e8ge. Cette page rassemble toutes les politiques du coll\u00e8ge pour votre information.","og_url":"https:\/\/presbyteriancollege.ca\/fr\/a-propos-de-nous\/politiques\/","og_site_name":"The Presbyterian College, Montreal","article_publisher":"https:\/\/www.facebook.com\/PCleadershipcentre","article_modified_time":"2024-02-20T09:30:18+00:00","twitter_card":"summary_large_image","twitter_site":"@presbycol","schema":{"@context":"https:\/\/schema.org","@graph":[{"@type":"WebPage","@id":"https:\/\/presbyteriancollege.ca\/fr\/a-propos-de-nous\/politiques\/","url":"https:\/\/presbyteriancollege.ca\/fr\/a-propos-de-nous\/politiques\/","name":"Politiques - The Presbyterian College, Montreal","isPartOf":{"@id":"https:\/\/presbyteriancollege.ca\/#website"},"datePublished":"2018-08-15T14:59:38+00:00","dateModified":"2024-02-20T09:30:18+00:00","description":"Notre programme et notre vie commune sont fa\u00e7onn\u00e9s par les politiques du coll\u00e8ge. Cette page rassemble toutes les politiques du coll\u00e8ge pour votre information.","breadcrumb":{"@id":"https:\/\/presbyteriancollege.ca\/fr\/a-propos-de-nous\/politiques\/#breadcrumb"},"inLanguage":"fr-FR","potentialAction":[{"@type":"ReadAction","target":["https:\/\/presbyteriancollege.ca\/fr\/a-propos-de-nous\/politiques\/"]}]},{"@type":"BreadcrumbList","@id":"https:\/\/presbyteriancollege.ca\/fr\/a-propos-de-nous\/politiques\/#breadcrumb","itemListElement":[{"@type":"ListItem","position":1,"name":"Home","item":"https:\/\/presbyteriancollege.ca\/fr\/"},{"@type":"ListItem","position":2,"name":"\u00c0 propos","item":"https:\/\/presbyteriancollege.ca\/fr\/a-propos-de-nous\/"},{"@type":"ListItem","position":3,"name":"Politiques"}]},{"@type":"WebSite","@id":"https:\/\/presbyteriancollege.ca\/#website","url":"https:\/\/presbyteriancollege.ca\/","name":"The Presbyterian College, Montreal","description":"","publisher":{"@id":"https:\/\/presbyteriancollege.ca\/#organization"},"potentialAction":[{"@type":"SearchAction","target":{"@type":"EntryPoint","urlTemplate":"https:\/\/presbyteriancollege.ca\/?s={search_term_string}"},"query-input":{"@type":"PropertyValueSpecification","valueRequired":true,"valueName":"search_term_string"}}],"inLanguage":"fr-FR"},{"@type":"Organization","@id":"https:\/\/presbyteriancollege.ca\/#organization","name":"The Presbyterian College, Montreal","url":"https:\/\/presbyteriancollege.ca\/","logo":{"@type":"ImageObject","inLanguage":"fr-FR","@id":"https:\/\/presbyteriancollege.ca\/#\/schema\/logo\/image\/","url":"https:\/\/presbyteriancollege.ca\/wordpress2021\/wp-content\/uploads\/2021\/05\/PC_logo_2021.png","contentUrl":"https:\/\/presbyteriancollege.ca\/wordpress2021\/wp-content\/uploads\/2021\/05\/PC_logo_2021.png","width":2075,"height":545,"caption":"The Presbyterian College, Montreal"},"image":{"@id":"https:\/\/presbyteriancollege.ca\/#\/schema\/logo\/image\/"},"sameAs":["https:\/\/www.facebook.com\/PCleadershipcentre","https:\/\/x.com\/presbycol"]}]}},"_links":{"self":[{"href":"https:\/\/presbyteriancollege.ca\/fr\/wp-json\/wp\/v2\/pages\/13148","targetHints":{"allow":["GET"]}}],"collection":[{"href":"https:\/\/presbyteriancollege.ca\/fr\/wp-json\/wp\/v2\/pages"}],"about":[{"href":"https:\/\/presbyteriancollege.ca\/fr\/wp-json\/wp\/v2\/types\/page"}],"author":[{"embeddable":true,"href":"https:\/\/presbyteriancollege.ca\/fr\/wp-json\/wp\/v2\/users\/2"}],"replies":[{"embeddable":true,"href":"https:\/\/presbyteriancollege.ca\/fr\/wp-json\/wp\/v2\/comments?post=13148"}],"version-history":[{"count":0,"href":"https:\/\/presbyteriancollege.ca\/fr\/wp-json\/wp\/v2\/pages\/13148\/revisions"}],"up":[{"embeddable":true,"href":"https:\/\/presbyteriancollege.ca\/fr\/wp-json\/wp\/v2\/pages\/13107"}],"wp:attachment":[{"href":"https:\/\/presbyteriancollege.ca\/fr\/wp-json\/wp\/v2\/media?parent=13148"}],"curies":[{"name":"wp","href":"https:\/\/api.w.org\/{rel}","templated":true}]}}