{"id":13146,"date":"2021-06-25T21:41:07","date_gmt":"2021-06-26T01:41:07","guid":{"rendered":"https:\/\/presbyteriancollege.ca\/la-vie-communautaire\/"},"modified":"2024-01-23T12:02:20","modified_gmt":"2024-01-23T17:02:20","slug":"la-vie-communautaire","status":"publish","type":"page","link":"https:\/\/presbyteriancollege.ca\/fr\/la-vie-communautaire\/","title":{"rendered":"La vie communautaire"},"content":{"rendered":"\n<h4 class=\"wp-block-heading\"><strong>La vie communautaire au CP<\/strong><\/h4>\n\n<p>Le Coll\u00e8ge presbyt\u00e9rien est une communaut\u00e9 de culte, d\u2019\u00e9tudes et d\u2019amiti\u00e9. Nous cherchons \u00e0 former une communaut\u00e9 chr\u00e9tienne authentique. Une communaut\u00e9 qui veille \u00e0 l\u2019approfondissement des relations \u00e0 mesure que nous grandissons et apprenons ensemble. \u00c0 une \u00e9poque o\u00f9 l\u2019individualisme domine, nous tentons d\u2019incarner quelque chose de diff\u00e9rent : une vie communautaire qui se veut l\u2019expression du Corps du Christ.<\/p>\n\n<p>Il y a une vari\u00e9t\u00e9 de fa\u00e7ons de nourrir de profondes relations au Coll\u00e8ge. Voyez en d\u00e9tail comment notre vie communautaire s\u2019articule. Ou explorez comment on vit \u00e0 Montr\u00e9al en <strong><a href=\"https:\/\/presbyteriancollege.ca\/wordpress2021\/community\/living-in-montreal\/\">cliquant ici<\/a><\/strong>. <\/p>\n","protected":false},"excerpt":{"rendered":"<p>La vie communautaire au CP Le Coll\u00e8ge presbyt\u00e9rien est une communaut\u00e9 de culte, d\u2019\u00e9tudes et d\u2019amiti\u00e9. Nous cherchons \u00e0 former une communaut\u00e9 chr\u00e9tienne authentique. Une communaut\u00e9 qui veille \u00e0 l\u2019approfondissement [&hellip;]<\/p>\n","protected":false},"author":2,"featured_media":0,"parent":0,"menu_order":0,"comment_status":"closed","ping_status":"closed","template":"","meta":{"episode_type":"","audio_file":"","podmotor_file_id":"","podmotor_episode_id":"","cover_image":"","cover_image_id":"","duration":"","filesize":"","filesize_raw":"","date_recorded":"","explicit":"","block":"","footnotes":""},"class_list":["post-13146","page","type-page","status-publish","hentry"],"yoast_head":"<!-- This site is optimized with the Yoast SEO plugin v27.4 - https:\/\/yoast.com\/product\/yoast-seo-wordpress\/ -->\n<title>La vie communautaire - The Presbyterian College, Montreal<\/title>\n<meta name=\"description\" content=\"La vie communautaire est au c\u0153ur du Presbyterian College. En savoir plus sur notre programme de chapelles, nos d\u00e9jeuners communautaires et notre retraite annuelle.\" \/>\n<meta name=\"robots\" content=\"index, follow, max-snippet:-1, max-image-preview:large, max-video-preview:-1\" \/>\n<link rel=\"canonical\" href=\"https:\/\/presbyteriancollege.ca\/fr\/la-vie-communautaire\/\" \/>\n<meta property=\"og:locale\" content=\"fr_FR\" \/>\n<meta property=\"og:type\" content=\"article\" \/>\n<meta property=\"og:title\" content=\"La vie communautaire - The Presbyterian College, Montreal\" \/>\n<meta property=\"og:description\" content=\"La vie communautaire est au c\u0153ur du Presbyterian College. En savoir plus sur notre programme de chapelles, nos d\u00e9jeuners communautaires et notre retraite annuelle.\" \/>\n<meta property=\"og:url\" content=\"https:\/\/presbyteriancollege.ca\/fr\/la-vie-communautaire\/\" \/>\n<meta property=\"og:site_name\" content=\"The Presbyterian College, Montreal\" \/>\n<meta property=\"article:publisher\" content=\"https:\/\/www.facebook.com\/PCleadershipcentre\" \/>\n<meta property=\"article:modified_time\" content=\"2024-01-23T17:02:20+00:00\" \/>\n<meta name=\"twitter:card\" content=\"summary_large_image\" \/>\n<meta name=\"twitter:site\" content=\"@presbycol\" \/>\n<meta name=\"twitter:label1\" content=\"Est. reading time\" \/>\n\t<meta name=\"twitter:data1\" content=\"1 minute\" \/>\n<script type=\"application\/ld+json\" class=\"yoast-schema-graph\">{\"@context\":\"https:\\\/\\\/schema.org\",\"@graph\":[{\"@type\":\"WebPage\",\"@id\":\"https:\\\/\\\/presbyteriancollege.ca\\\/fr\\\/la-vie-communautaire\\\/\",\"url\":\"https:\\\/\\\/presbyteriancollege.ca\\\/fr\\\/la-vie-communautaire\\\/\",\"name\":\"La vie communautaire - The Presbyterian College, Montreal\",\"isPartOf\":{\"@id\":\"https:\\\/\\\/presbyteriancollege.ca\\\/#website\"},\"datePublished\":\"2021-06-26T01:41:07+00:00\",\"dateModified\":\"2024-01-23T17:02:20+00:00\",\"description\":\"La vie communautaire est au c\u0153ur du Presbyterian College. En savoir plus sur notre programme de chapelles, nos d\u00e9jeuners communautaires et notre retraite annuelle.\",\"breadcrumb\":{\"@id\":\"https:\\\/\\\/presbyteriancollege.ca\\\/fr\\\/la-vie-communautaire\\\/#breadcrumb\"},\"inLanguage\":\"fr-FR\",\"potentialAction\":[{\"@type\":\"ReadAction\",\"target\":[\"https:\\\/\\\/presbyteriancollege.ca\\\/fr\\\/la-vie-communautaire\\\/\"]}]},{\"@type\":\"BreadcrumbList\",\"@id\":\"https:\\\/\\\/presbyteriancollege.ca\\\/fr\\\/la-vie-communautaire\\\/#breadcrumb\",\"itemListElement\":[{\"@type\":\"ListItem\",\"position\":1,\"name\":\"Home\",\"item\":\"https:\\\/\\\/presbyteriancollege.ca\\\/fr\\\/\"},{\"@type\":\"ListItem\",\"position\":2,\"name\":\"La vie communautaire\"}]},{\"@type\":\"WebSite\",\"@id\":\"https:\\\/\\\/presbyteriancollege.ca\\\/#website\",\"url\":\"https:\\\/\\\/presbyteriancollege.ca\\\/\",\"name\":\"The Presbyterian College, Montreal\",\"description\":\"\",\"publisher\":{\"@id\":\"https:\\\/\\\/presbyteriancollege.ca\\\/#organization\"},\"potentialAction\":[{\"@type\":\"SearchAction\",\"target\":{\"@type\":\"EntryPoint\",\"urlTemplate\":\"https:\\\/\\\/presbyteriancollege.ca\\\/?s={search_term_string}\"},\"query-input\":{\"@type\":\"PropertyValueSpecification\",\"valueRequired\":true,\"valueName\":\"search_term_string\"}}],\"inLanguage\":\"fr-FR\"},{\"@type\":\"Organization\",\"@id\":\"https:\\\/\\\/presbyteriancollege.ca\\\/#organization\",\"name\":\"The Presbyterian College, Montreal\",\"url\":\"https:\\\/\\\/presbyteriancollege.ca\\\/\",\"logo\":{\"@type\":\"ImageObject\",\"inLanguage\":\"fr-FR\",\"@id\":\"https:\\\/\\\/presbyteriancollege.ca\\\/#\\\/schema\\\/logo\\\/image\\\/\",\"url\":\"https:\\\/\\\/presbyteriancollege.ca\\\/wordpress2021\\\/wp-content\\\/uploads\\\/2021\\\/05\\\/PC_logo_2021.png\",\"contentUrl\":\"https:\\\/\\\/presbyteriancollege.ca\\\/wordpress2021\\\/wp-content\\\/uploads\\\/2021\\\/05\\\/PC_logo_2021.png\",\"width\":2075,\"height\":545,\"caption\":\"The Presbyterian College, Montreal\"},\"image\":{\"@id\":\"https:\\\/\\\/presbyteriancollege.ca\\\/#\\\/schema\\\/logo\\\/image\\\/\"},\"sameAs\":[\"https:\\\/\\\/www.facebook.com\\\/PCleadershipcentre\",\"https:\\\/\\\/x.com\\\/presbycol\"]}]}<\/script>\n<!-- \/ Yoast SEO plugin. -->","yoast_head_json":{"title":"La vie communautaire - The Presbyterian College, Montreal","description":"La vie communautaire est au c\u0153ur du Presbyterian College. En savoir plus sur notre programme de chapelles, nos d\u00e9jeuners communautaires et notre retraite annuelle.","robots":{"index":"index","follow":"follow","max-snippet":"max-snippet:-1","max-image-preview":"max-image-preview:large","max-video-preview":"max-video-preview:-1"},"canonical":"https:\/\/presbyteriancollege.ca\/fr\/la-vie-communautaire\/","og_locale":"fr_FR","og_type":"article","og_title":"La vie communautaire - The Presbyterian College, Montreal","og_description":"La vie communautaire est au c\u0153ur du Presbyterian College. En savoir plus sur notre programme de chapelles, nos d\u00e9jeuners communautaires et notre retraite annuelle.","og_url":"https:\/\/presbyteriancollege.ca\/fr\/la-vie-communautaire\/","og_site_name":"The Presbyterian College, Montreal","article_publisher":"https:\/\/www.facebook.com\/PCleadershipcentre","article_modified_time":"2024-01-23T17:02:20+00:00","twitter_card":"summary_large_image","twitter_site":"@presbycol","twitter_misc":{"Est. reading time":"1 minute"},"schema":{"@context":"https:\/\/schema.org","@graph":[{"@type":"WebPage","@id":"https:\/\/presbyteriancollege.ca\/fr\/la-vie-communautaire\/","url":"https:\/\/presbyteriancollege.ca\/fr\/la-vie-communautaire\/","name":"La vie communautaire - The Presbyterian College, Montreal","isPartOf":{"@id":"https:\/\/presbyteriancollege.ca\/#website"},"datePublished":"2021-06-26T01:41:07+00:00","dateModified":"2024-01-23T17:02:20+00:00","description":"La vie communautaire est au c\u0153ur du Presbyterian College. En savoir plus sur notre programme de chapelles, nos d\u00e9jeuners communautaires et notre retraite annuelle.","breadcrumb":{"@id":"https:\/\/presbyteriancollege.ca\/fr\/la-vie-communautaire\/#breadcrumb"},"inLanguage":"fr-FR","potentialAction":[{"@type":"ReadAction","target":["https:\/\/presbyteriancollege.ca\/fr\/la-vie-communautaire\/"]}]},{"@type":"BreadcrumbList","@id":"https:\/\/presbyteriancollege.ca\/fr\/la-vie-communautaire\/#breadcrumb","itemListElement":[{"@type":"ListItem","position":1,"name":"Home","item":"https:\/\/presbyteriancollege.ca\/fr\/"},{"@type":"ListItem","position":2,"name":"La vie communautaire"}]},{"@type":"WebSite","@id":"https:\/\/presbyteriancollege.ca\/#website","url":"https:\/\/presbyteriancollege.ca\/","name":"The Presbyterian College, Montreal","description":"","publisher":{"@id":"https:\/\/presbyteriancollege.ca\/#organization"},"potentialAction":[{"@type":"SearchAction","target":{"@type":"EntryPoint","urlTemplate":"https:\/\/presbyteriancollege.ca\/?s={search_term_string}"},"query-input":{"@type":"PropertyValueSpecification","valueRequired":true,"valueName":"search_term_string"}}],"inLanguage":"fr-FR"},{"@type":"Organization","@id":"https:\/\/presbyteriancollege.ca\/#organization","name":"The Presbyterian College, Montreal","url":"https:\/\/presbyteriancollege.ca\/","logo":{"@type":"ImageObject","inLanguage":"fr-FR","@id":"https:\/\/presbyteriancollege.ca\/#\/schema\/logo\/image\/","url":"https:\/\/presbyteriancollege.ca\/wordpress2021\/wp-content\/uploads\/2021\/05\/PC_logo_2021.png","contentUrl":"https:\/\/presbyteriancollege.ca\/wordpress2021\/wp-content\/uploads\/2021\/05\/PC_logo_2021.png","width":2075,"height":545,"caption":"The Presbyterian College, Montreal"},"image":{"@id":"https:\/\/presbyteriancollege.ca\/#\/schema\/logo\/image\/"},"sameAs":["https:\/\/www.facebook.com\/PCleadershipcentre","https:\/\/x.com\/presbycol"]}]}},"_links":{"self":[{"href":"https:\/\/presbyteriancollege.ca\/fr\/wp-json\/wp\/v2\/pages\/13146","targetHints":{"allow":["GET"]}}],"collection":[{"href":"https:\/\/presbyteriancollege.ca\/fr\/wp-json\/wp\/v2\/pages"}],"about":[{"href":"https:\/\/presbyteriancollege.ca\/fr\/wp-json\/wp\/v2\/types\/page"}],"author":[{"embeddable":true,"href":"https:\/\/presbyteriancollege.ca\/fr\/wp-json\/wp\/v2\/users\/2"}],"replies":[{"embeddable":true,"href":"https:\/\/presbyteriancollege.ca\/fr\/wp-json\/wp\/v2\/comments?post=13146"}],"version-history":[{"count":0,"href":"https:\/\/presbyteriancollege.ca\/fr\/wp-json\/wp\/v2\/pages\/13146\/revisions"}],"wp:attachment":[{"href":"https:\/\/presbyteriancollege.ca\/fr\/wp-json\/wp\/v2\/media?parent=13146"}],"curies":[{"name":"wp","href":"https:\/\/api.w.org\/{rel}","templated":true}]}}