{"id":13127,"date":"2018-08-11T18:35:26","date_gmt":"2018-08-11T22:35:26","guid":{"rendered":"https:\/\/presbyteriancollege.ca\/a-propos-de-nous\/faculte\/"},"modified":"2024-02-02T15:19:39","modified_gmt":"2024-02-02T20:19:39","slug":"faculte","status":"publish","type":"page","link":"https:\/\/presbyteriancollege.ca\/fr\/a-propos-de-nous\/faculte\/","title":{"rendered":"Facult\u00e9"},"content":{"rendered":"","protected":false},"excerpt":{"rendered":"","protected":false},"author":2,"featured_media":11767,"parent":13107,"menu_order":0,"comment_status":"closed","ping_status":"closed","template":"","meta":{"episode_type":"","audio_file":"","podmotor_file_id":"","podmotor_episode_id":"","cover_image":"","cover_image_id":"","duration":"","filesize":"","filesize_raw":"","date_recorded":"","explicit":"","block":"","footnotes":""},"class_list":["post-13127","page","type-page","status-publish","has-post-thumbnail","hentry"],"yoast_head":"<!-- This site is optimized with the Yoast SEO plugin v27.4 - https:\/\/yoast.com\/product\/yoast-seo-wordpress\/ -->\n<title>Facult\u00e9 - The Presbyterian College, Montreal<\/title>\n<meta name=\"description\" content=\"D\u00e9couvrez les membres du corps professoral du Presbyterian College, ainsi que les membres du corps professoral affili\u00e9s \u00e0 des institutions partenaires.\" \/>\n<meta name=\"robots\" content=\"index, follow, max-snippet:-1, max-image-preview:large, max-video-preview:-1\" \/>\n<link rel=\"canonical\" href=\"https:\/\/presbyteriancollege.ca\/fr\/a-propos-de-nous\/faculte\/\" \/>\n<meta property=\"og:locale\" content=\"fr_FR\" \/>\n<meta property=\"og:type\" content=\"article\" \/>\n<meta property=\"og:title\" content=\"Facult\u00e9 - The Presbyterian College, Montreal\" \/>\n<meta property=\"og:description\" content=\"D\u00e9couvrez les membres du corps professoral du Presbyterian College, ainsi que les membres du corps professoral affili\u00e9s \u00e0 des institutions partenaires.\" \/>\n<meta property=\"og:url\" content=\"https:\/\/presbyteriancollege.ca\/fr\/a-propos-de-nous\/faculte\/\" \/>\n<meta property=\"og:site_name\" content=\"The Presbyterian College, Montreal\" \/>\n<meta property=\"article:publisher\" content=\"https:\/\/www.facebook.com\/PCleadershipcentre\" \/>\n<meta property=\"article:modified_time\" content=\"2024-02-02T20:19:39+00:00\" \/>\n<meta property=\"og:image\" content=\"https:\/\/presbyteriancollege.ca\/wp-content\/uploads\/2021\/06\/MGL6089-Version-2-scaled.jpg\" \/>\n\t<meta property=\"og:image:width\" content=\"2560\" \/>\n\t<meta property=\"og:image:height\" content=\"1932\" \/>\n\t<meta property=\"og:image:type\" content=\"image\/jpeg\" \/>\n<meta name=\"twitter:card\" content=\"summary_large_image\" \/>\n<meta name=\"twitter:site\" content=\"@presbycol\" \/>\n<script type=\"application\/ld+json\" class=\"yoast-schema-graph\">{\"@context\":\"https:\\\/\\\/schema.org\",\"@graph\":[{\"@type\":\"WebPage\",\"@id\":\"https:\\\/\\\/presbyteriancollege.ca\\\/fr\\\/a-propos-de-nous\\\/faculte\\\/\",\"url\":\"https:\\\/\\\/presbyteriancollege.ca\\\/fr\\\/a-propos-de-nous\\\/faculte\\\/\",\"name\":\"Facult\u00e9 - The Presbyterian College, Montreal\",\"isPartOf\":{\"@id\":\"https:\\\/\\\/presbyteriancollege.ca\\\/#website\"},\"primaryImageOfPage\":{\"@id\":\"https:\\\/\\\/presbyteriancollege.ca\\\/fr\\\/a-propos-de-nous\\\/faculte\\\/#primaryimage\"},\"image\":{\"@id\":\"https:\\\/\\\/presbyteriancollege.ca\\\/fr\\\/a-propos-de-nous\\\/faculte\\\/#primaryimage\"},\"thumbnailUrl\":\"https:\\\/\\\/presbyteriancollege.ca\\\/wp-content\\\/uploads\\\/2021\\\/06\\\/MGL6089-Version-2-scaled.jpg\",\"datePublished\":\"2018-08-11T22:35:26+00:00\",\"dateModified\":\"2024-02-02T20:19:39+00:00\",\"description\":\"D\u00e9couvrez les membres du corps professoral du Presbyterian College, ainsi que les membres du corps professoral affili\u00e9s \u00e0 des institutions partenaires.\",\"breadcrumb\":{\"@id\":\"https:\\\/\\\/presbyteriancollege.ca\\\/fr\\\/a-propos-de-nous\\\/faculte\\\/#breadcrumb\"},\"inLanguage\":\"fr-FR\",\"potentialAction\":[{\"@type\":\"ReadAction\",\"target\":[\"https:\\\/\\\/presbyteriancollege.ca\\\/fr\\\/a-propos-de-nous\\\/faculte\\\/\"]}]},{\"@type\":\"ImageObject\",\"inLanguage\":\"fr-FR\",\"@id\":\"https:\\\/\\\/presbyteriancollege.ca\\\/fr\\\/a-propos-de-nous\\\/faculte\\\/#primaryimage\",\"url\":\"https:\\\/\\\/presbyteriancollege.ca\\\/wp-content\\\/uploads\\\/2021\\\/06\\\/MGL6089-Version-2-scaled.jpg\",\"contentUrl\":\"https:\\\/\\\/presbyteriancollege.ca\\\/wp-content\\\/uploads\\\/2021\\\/06\\\/MGL6089-Version-2-scaled.jpg\",\"width\":2560,\"height\":1932},{\"@type\":\"BreadcrumbList\",\"@id\":\"https:\\\/\\\/presbyteriancollege.ca\\\/fr\\\/a-propos-de-nous\\\/faculte\\\/#breadcrumb\",\"itemListElement\":[{\"@type\":\"ListItem\",\"position\":1,\"name\":\"Home\",\"item\":\"https:\\\/\\\/presbyteriancollege.ca\\\/fr\\\/\"},{\"@type\":\"ListItem\",\"position\":2,\"name\":\"\u00c0 propos\",\"item\":\"https:\\\/\\\/presbyteriancollege.ca\\\/fr\\\/a-propos-de-nous\\\/\"},{\"@type\":\"ListItem\",\"position\":3,\"name\":\"Facult\u00e9\"}]},{\"@type\":\"WebSite\",\"@id\":\"https:\\\/\\\/presbyteriancollege.ca\\\/#website\",\"url\":\"https:\\\/\\\/presbyteriancollege.ca\\\/\",\"name\":\"The Presbyterian College, Montreal\",\"description\":\"\",\"publisher\":{\"@id\":\"https:\\\/\\\/presbyteriancollege.ca\\\/#organization\"},\"potentialAction\":[{\"@type\":\"SearchAction\",\"target\":{\"@type\":\"EntryPoint\",\"urlTemplate\":\"https:\\\/\\\/presbyteriancollege.ca\\\/?s={search_term_string}\"},\"query-input\":{\"@type\":\"PropertyValueSpecification\",\"valueRequired\":true,\"valueName\":\"search_term_string\"}}],\"inLanguage\":\"fr-FR\"},{\"@type\":\"Organization\",\"@id\":\"https:\\\/\\\/presbyteriancollege.ca\\\/#organization\",\"name\":\"The Presbyterian College, Montreal\",\"url\":\"https:\\\/\\\/presbyteriancollege.ca\\\/\",\"logo\":{\"@type\":\"ImageObject\",\"inLanguage\":\"fr-FR\",\"@id\":\"https:\\\/\\\/presbyteriancollege.ca\\\/#\\\/schema\\\/logo\\\/image\\\/\",\"url\":\"https:\\\/\\\/presbyteriancollege.ca\\\/wordpress2021\\\/wp-content\\\/uploads\\\/2021\\\/05\\\/PC_logo_2021.png\",\"contentUrl\":\"https:\\\/\\\/presbyteriancollege.ca\\\/wordpress2021\\\/wp-content\\\/uploads\\\/2021\\\/05\\\/PC_logo_2021.png\",\"width\":2075,\"height\":545,\"caption\":\"The Presbyterian College, Montreal\"},\"image\":{\"@id\":\"https:\\\/\\\/presbyteriancollege.ca\\\/#\\\/schema\\\/logo\\\/image\\\/\"},\"sameAs\":[\"https:\\\/\\\/www.facebook.com\\\/PCleadershipcentre\",\"https:\\\/\\\/x.com\\\/presbycol\"]}]}<\/script>\n<!-- \/ Yoast SEO plugin. -->","yoast_head_json":{"title":"Facult\u00e9 - The Presbyterian College, Montreal","description":"D\u00e9couvrez les membres du corps professoral du Presbyterian College, ainsi que les membres du corps professoral affili\u00e9s \u00e0 des institutions partenaires.","robots":{"index":"index","follow":"follow","max-snippet":"max-snippet:-1","max-image-preview":"max-image-preview:large","max-video-preview":"max-video-preview:-1"},"canonical":"https:\/\/presbyteriancollege.ca\/fr\/a-propos-de-nous\/faculte\/","og_locale":"fr_FR","og_type":"article","og_title":"Facult\u00e9 - The Presbyterian College, Montreal","og_description":"D\u00e9couvrez les membres du corps professoral du Presbyterian College, ainsi que les membres du corps professoral affili\u00e9s \u00e0 des institutions partenaires.","og_url":"https:\/\/presbyteriancollege.ca\/fr\/a-propos-de-nous\/faculte\/","og_site_name":"The Presbyterian College, Montreal","article_publisher":"https:\/\/www.facebook.com\/PCleadershipcentre","article_modified_time":"2024-02-02T20:19:39+00:00","og_image":[{"width":2560,"height":1932,"url":"https:\/\/presbyteriancollege.ca\/wp-content\/uploads\/2021\/06\/MGL6089-Version-2-scaled.jpg","type":"image\/jpeg"}],"twitter_card":"summary_large_image","twitter_site":"@presbycol","schema":{"@context":"https:\/\/schema.org","@graph":[{"@type":"WebPage","@id":"https:\/\/presbyteriancollege.ca\/fr\/a-propos-de-nous\/faculte\/","url":"https:\/\/presbyteriancollege.ca\/fr\/a-propos-de-nous\/faculte\/","name":"Facult\u00e9 - The Presbyterian College, Montreal","isPartOf":{"@id":"https:\/\/presbyteriancollege.ca\/#website"},"primaryImageOfPage":{"@id":"https:\/\/presbyteriancollege.ca\/fr\/a-propos-de-nous\/faculte\/#primaryimage"},"image":{"@id":"https:\/\/presbyteriancollege.ca\/fr\/a-propos-de-nous\/faculte\/#primaryimage"},"thumbnailUrl":"https:\/\/presbyteriancollege.ca\/wp-content\/uploads\/2021\/06\/MGL6089-Version-2-scaled.jpg","datePublished":"2018-08-11T22:35:26+00:00","dateModified":"2024-02-02T20:19:39+00:00","description":"D\u00e9couvrez les membres du corps professoral du Presbyterian College, ainsi que les membres du corps professoral affili\u00e9s \u00e0 des institutions partenaires.","breadcrumb":{"@id":"https:\/\/presbyteriancollege.ca\/fr\/a-propos-de-nous\/faculte\/#breadcrumb"},"inLanguage":"fr-FR","potentialAction":[{"@type":"ReadAction","target":["https:\/\/presbyteriancollege.ca\/fr\/a-propos-de-nous\/faculte\/"]}]},{"@type":"ImageObject","inLanguage":"fr-FR","@id":"https:\/\/presbyteriancollege.ca\/fr\/a-propos-de-nous\/faculte\/#primaryimage","url":"https:\/\/presbyteriancollege.ca\/wp-content\/uploads\/2021\/06\/MGL6089-Version-2-scaled.jpg","contentUrl":"https:\/\/presbyteriancollege.ca\/wp-content\/uploads\/2021\/06\/MGL6089-Version-2-scaled.jpg","width":2560,"height":1932},{"@type":"BreadcrumbList","@id":"https:\/\/presbyteriancollege.ca\/fr\/a-propos-de-nous\/faculte\/#breadcrumb","itemListElement":[{"@type":"ListItem","position":1,"name":"Home","item":"https:\/\/presbyteriancollege.ca\/fr\/"},{"@type":"ListItem","position":2,"name":"\u00c0 propos","item":"https:\/\/presbyteriancollege.ca\/fr\/a-propos-de-nous\/"},{"@type":"ListItem","position":3,"name":"Facult\u00e9"}]},{"@type":"WebSite","@id":"https:\/\/presbyteriancollege.ca\/#website","url":"https:\/\/presbyteriancollege.ca\/","name":"The Presbyterian College, Montreal","description":"","publisher":{"@id":"https:\/\/presbyteriancollege.ca\/#organization"},"potentialAction":[{"@type":"SearchAction","target":{"@type":"EntryPoint","urlTemplate":"https:\/\/presbyteriancollege.ca\/?s={search_term_string}"},"query-input":{"@type":"PropertyValueSpecification","valueRequired":true,"valueName":"search_term_string"}}],"inLanguage":"fr-FR"},{"@type":"Organization","@id":"https:\/\/presbyteriancollege.ca\/#organization","name":"The Presbyterian College, Montreal","url":"https:\/\/presbyteriancollege.ca\/","logo":{"@type":"ImageObject","inLanguage":"fr-FR","@id":"https:\/\/presbyteriancollege.ca\/#\/schema\/logo\/image\/","url":"https:\/\/presbyteriancollege.ca\/wordpress2021\/wp-content\/uploads\/2021\/05\/PC_logo_2021.png","contentUrl":"https:\/\/presbyteriancollege.ca\/wordpress2021\/wp-content\/uploads\/2021\/05\/PC_logo_2021.png","width":2075,"height":545,"caption":"The Presbyterian College, Montreal"},"image":{"@id":"https:\/\/presbyteriancollege.ca\/#\/schema\/logo\/image\/"},"sameAs":["https:\/\/www.facebook.com\/PCleadershipcentre","https:\/\/x.com\/presbycol"]}]}},"_links":{"self":[{"href":"https:\/\/presbyteriancollege.ca\/fr\/wp-json\/wp\/v2\/pages\/13127","targetHints":{"allow":["GET"]}}],"collection":[{"href":"https:\/\/presbyteriancollege.ca\/fr\/wp-json\/wp\/v2\/pages"}],"about":[{"href":"https:\/\/presbyteriancollege.ca\/fr\/wp-json\/wp\/v2\/types\/page"}],"author":[{"embeddable":true,"href":"https:\/\/presbyteriancollege.ca\/fr\/wp-json\/wp\/v2\/users\/2"}],"replies":[{"embeddable":true,"href":"https:\/\/presbyteriancollege.ca\/fr\/wp-json\/wp\/v2\/comments?post=13127"}],"version-history":[{"count":0,"href":"https:\/\/presbyteriancollege.ca\/fr\/wp-json\/wp\/v2\/pages\/13127\/revisions"}],"up":[{"embeddable":true,"href":"https:\/\/presbyteriancollege.ca\/fr\/wp-json\/wp\/v2\/pages\/13107"}],"wp:featuredmedia":[{"embeddable":true,"href":"https:\/\/presbyteriancollege.ca\/fr\/wp-json\/wp\/v2\/media\/11767"}],"wp:attachment":[{"href":"https:\/\/presbyteriancollege.ca\/fr\/wp-json\/wp\/v2\/media?parent=13127"}],"curies":[{"name":"wp","href":"https:\/\/api.w.org\/{rel}","templated":true}]}}