{"id":13123,"date":"2021-06-15T19:38:38","date_gmt":"2021-06-15T23:38:38","guid":{"rendered":"https:\/\/presbyteriancollege.ca\/etudes-de-theologie\/"},"modified":"2024-01-22T22:55:43","modified_gmt":"2024-01-23T03:55:43","slug":"etudes-de-theologie","status":"publish","type":"page","link":"https:\/\/presbyteriancollege.ca\/fr\/admission\/etudes-de-theologie\/","title":{"rendered":"\u00c9tudes de th\u00e9ologie"},"content":{"rendered":"\n<h1 class=\"wp-block-heading\">S\u00e9minaire \u00e0 Montr\u00e9al<\/h1>\n\n<p>Vous avez la vision de servir l&#8217;\u00e9glise et votre communaut\u00e9 &#8211; de rendre la Bonne Nouvelle r\u00e9elle dans la vie des autres. Le Presbyterian College est l\u00e0 pour vous soutenir, vous \u00e9quiper et vous encourager dans la poursuite de cette vision \u00e0 travers les \u00e9tudes de s\u00e9minaire. <\/p>\n\n<p>Gr\u00e2ce aux \u00e9tudes universitaires, \u00e0 la formation professionnelle et aux pratiques spirituelles, \u00eatre \u00e9quip\u00e9 et transform\u00e9 au service du Christ.<\/p>\n\n<p>En \u00e9tudiant la th\u00e9ologie avec nous \u00e0 Montr\u00e9al, vous vous concentrerez sur la mission de Dieu dans le monde. Nous croyons que notre t\u00e2che est de former et d&#8217;\u00e9duquer des responsables qui, \u00e0 leur tour, formeront et \u00e9duqueront le peuple de Dieu en vue d&#8217;un culte et d&#8217;un t\u00e9moignage authentiques. Nos \u00e9tudiants savent bien que le minist\u00e8re ne se r\u00e9sume pas \u00e0 ce que nous savons, mais \u00e0 ce que nous sommes. Nous voulons \u00eatre et former des dirigeants cr\u00e9dibles, dont la foi et les actions sont int\u00e8gres. Des vies de joie dans le service.<\/p>\n","protected":false},"excerpt":{"rendered":"<p>S\u00e9minaire \u00e0 Montr\u00e9al Vous avez la vision de servir l&#8217;\u00e9glise et votre communaut\u00e9 &#8211; de rendre la Bonne Nouvelle r\u00e9elle dans la vie des autres. Le Presbyterian College est l\u00e0 [&hellip;]<\/p>\n","protected":false},"author":2,"featured_media":0,"parent":13139,"menu_order":0,"comment_status":"closed","ping_status":"closed","template":"","meta":{"episode_type":"","audio_file":"","podmotor_file_id":"","podmotor_episode_id":"","cover_image":"","cover_image_id":"","duration":"","filesize":"","filesize_raw":"","date_recorded":"","explicit":"","block":"","footnotes":""},"class_list":["post-13123","page","type-page","status-publish","hentry"],"yoast_head":"<!-- This site is optimized with the Yoast SEO plugin v27.4 - https:\/\/yoast.com\/product\/yoast-seo-wordpress\/ -->\n<title>\u00c9tudes de th\u00e9ologie - The Presbyterian College, Montreal<\/title>\n<meta name=\"description\" content=\"Pour des \u00e9tudes de s\u00e9minaire au Canada, pensez \u00e0 The Presbyterian College. Nous nous engageons \u00e0 former des leaders transformationnels.\" \/>\n<meta name=\"robots\" content=\"index, follow, max-snippet:-1, max-image-preview:large, max-video-preview:-1\" \/>\n<link rel=\"canonical\" href=\"https:\/\/presbyteriancollege.ca\/fr\/etudes-de-theologie\/\" \/>\n<meta property=\"og:locale\" content=\"fr_FR\" \/>\n<meta property=\"og:type\" content=\"article\" \/>\n<meta property=\"og:title\" content=\"\u00c9tudes de th\u00e9ologie - The Presbyterian College, Montreal\" \/>\n<meta property=\"og:description\" content=\"Pour des \u00e9tudes de s\u00e9minaire au Canada, pensez \u00e0 The Presbyterian College. Nous nous engageons \u00e0 former des leaders transformationnels.\" \/>\n<meta property=\"og:url\" content=\"https:\/\/presbyteriancollege.ca\/fr\/etudes-de-theologie\/\" \/>\n<meta property=\"og:site_name\" content=\"The Presbyterian College, Montreal\" \/>\n<meta property=\"article:publisher\" content=\"https:\/\/www.facebook.com\/PCleadershipcentre\" \/>\n<meta property=\"article:modified_time\" content=\"2024-01-23T03:55:43+00:00\" \/>\n<meta name=\"twitter:card\" content=\"summary_large_image\" \/>\n<meta name=\"twitter:site\" content=\"@presbycol\" \/>\n<meta name=\"twitter:label1\" content=\"Est. reading time\" \/>\n\t<meta name=\"twitter:data1\" content=\"1 minute\" \/>\n<script type=\"application\/ld+json\" class=\"yoast-schema-graph\">{\"@context\":\"https:\\\/\\\/schema.org\",\"@graph\":[{\"@type\":\"WebPage\",\"@id\":\"https:\\\/\\\/presbyteriancollege.ca\\\/fr\\\/etudes-de-theologie\\\/\",\"url\":\"https:\\\/\\\/presbyteriancollege.ca\\\/fr\\\/etudes-de-theologie\\\/\",\"name\":\"\u00c9tudes de th\u00e9ologie - The Presbyterian College, Montreal\",\"isPartOf\":{\"@id\":\"https:\\\/\\\/presbyteriancollege.ca\\\/#website\"},\"datePublished\":\"2021-06-15T23:38:38+00:00\",\"dateModified\":\"2024-01-23T03:55:43+00:00\",\"description\":\"Pour des \u00e9tudes de s\u00e9minaire au Canada, pensez \u00e0 The Presbyterian College. Nous nous engageons \u00e0 former des leaders transformationnels.\",\"breadcrumb\":{\"@id\":\"https:\\\/\\\/presbyteriancollege.ca\\\/fr\\\/etudes-de-theologie\\\/#breadcrumb\"},\"inLanguage\":\"fr-FR\",\"potentialAction\":[{\"@type\":\"ReadAction\",\"target\":[\"https:\\\/\\\/presbyteriancollege.ca\\\/fr\\\/etudes-de-theologie\\\/\"]}]},{\"@type\":\"BreadcrumbList\",\"@id\":\"https:\\\/\\\/presbyteriancollege.ca\\\/fr\\\/etudes-de-theologie\\\/#breadcrumb\",\"itemListElement\":[{\"@type\":\"ListItem\",\"position\":1,\"name\":\"Home\",\"item\":\"https:\\\/\\\/presbyteriancollege.ca\\\/fr\\\/\"},{\"@type\":\"ListItem\",\"position\":2,\"name\":\"\u00c9tudes de th\u00e9ologie\"}]},{\"@type\":\"WebSite\",\"@id\":\"https:\\\/\\\/presbyteriancollege.ca\\\/#website\",\"url\":\"https:\\\/\\\/presbyteriancollege.ca\\\/\",\"name\":\"The Presbyterian College, Montreal\",\"description\":\"\",\"publisher\":{\"@id\":\"https:\\\/\\\/presbyteriancollege.ca\\\/#organization\"},\"potentialAction\":[{\"@type\":\"SearchAction\",\"target\":{\"@type\":\"EntryPoint\",\"urlTemplate\":\"https:\\\/\\\/presbyteriancollege.ca\\\/?s={search_term_string}\"},\"query-input\":{\"@type\":\"PropertyValueSpecification\",\"valueRequired\":true,\"valueName\":\"search_term_string\"}}],\"inLanguage\":\"fr-FR\"},{\"@type\":\"Organization\",\"@id\":\"https:\\\/\\\/presbyteriancollege.ca\\\/#organization\",\"name\":\"The Presbyterian College, Montreal\",\"url\":\"https:\\\/\\\/presbyteriancollege.ca\\\/\",\"logo\":{\"@type\":\"ImageObject\",\"inLanguage\":\"fr-FR\",\"@id\":\"https:\\\/\\\/presbyteriancollege.ca\\\/#\\\/schema\\\/logo\\\/image\\\/\",\"url\":\"https:\\\/\\\/presbyteriancollege.ca\\\/wordpress2021\\\/wp-content\\\/uploads\\\/2021\\\/05\\\/PC_logo_2021.png\",\"contentUrl\":\"https:\\\/\\\/presbyteriancollege.ca\\\/wordpress2021\\\/wp-content\\\/uploads\\\/2021\\\/05\\\/PC_logo_2021.png\",\"width\":2075,\"height\":545,\"caption\":\"The Presbyterian College, Montreal\"},\"image\":{\"@id\":\"https:\\\/\\\/presbyteriancollege.ca\\\/#\\\/schema\\\/logo\\\/image\\\/\"},\"sameAs\":[\"https:\\\/\\\/www.facebook.com\\\/PCleadershipcentre\",\"https:\\\/\\\/x.com\\\/presbycol\"]}]}<\/script>\n<!-- \/ Yoast SEO plugin. -->","yoast_head_json":{"title":"\u00c9tudes de th\u00e9ologie - The Presbyterian College, Montreal","description":"Pour des \u00e9tudes de s\u00e9minaire au Canada, pensez \u00e0 The Presbyterian College. Nous nous engageons \u00e0 former des leaders transformationnels.","robots":{"index":"index","follow":"follow","max-snippet":"max-snippet:-1","max-image-preview":"max-image-preview:large","max-video-preview":"max-video-preview:-1"},"canonical":"https:\/\/presbyteriancollege.ca\/fr\/etudes-de-theologie\/","og_locale":"fr_FR","og_type":"article","og_title":"\u00c9tudes de th\u00e9ologie - The Presbyterian College, Montreal","og_description":"Pour des \u00e9tudes de s\u00e9minaire au Canada, pensez \u00e0 The Presbyterian College. Nous nous engageons \u00e0 former des leaders transformationnels.","og_url":"https:\/\/presbyteriancollege.ca\/fr\/etudes-de-theologie\/","og_site_name":"The Presbyterian College, Montreal","article_publisher":"https:\/\/www.facebook.com\/PCleadershipcentre","article_modified_time":"2024-01-23T03:55:43+00:00","twitter_card":"summary_large_image","twitter_site":"@presbycol","twitter_misc":{"Est. reading time":"1 minute"},"schema":{"@context":"https:\/\/schema.org","@graph":[{"@type":"WebPage","@id":"https:\/\/presbyteriancollege.ca\/fr\/etudes-de-theologie\/","url":"https:\/\/presbyteriancollege.ca\/fr\/etudes-de-theologie\/","name":"\u00c9tudes de th\u00e9ologie - The Presbyterian College, Montreal","isPartOf":{"@id":"https:\/\/presbyteriancollege.ca\/#website"},"datePublished":"2021-06-15T23:38:38+00:00","dateModified":"2024-01-23T03:55:43+00:00","description":"Pour des \u00e9tudes de s\u00e9minaire au Canada, pensez \u00e0 The Presbyterian College. Nous nous engageons \u00e0 former des leaders transformationnels.","breadcrumb":{"@id":"https:\/\/presbyteriancollege.ca\/fr\/etudes-de-theologie\/#breadcrumb"},"inLanguage":"fr-FR","potentialAction":[{"@type":"ReadAction","target":["https:\/\/presbyteriancollege.ca\/fr\/etudes-de-theologie\/"]}]},{"@type":"BreadcrumbList","@id":"https:\/\/presbyteriancollege.ca\/fr\/etudes-de-theologie\/#breadcrumb","itemListElement":[{"@type":"ListItem","position":1,"name":"Home","item":"https:\/\/presbyteriancollege.ca\/fr\/"},{"@type":"ListItem","position":2,"name":"\u00c9tudes de th\u00e9ologie"}]},{"@type":"WebSite","@id":"https:\/\/presbyteriancollege.ca\/#website","url":"https:\/\/presbyteriancollege.ca\/","name":"The Presbyterian College, Montreal","description":"","publisher":{"@id":"https:\/\/presbyteriancollege.ca\/#organization"},"potentialAction":[{"@type":"SearchAction","target":{"@type":"EntryPoint","urlTemplate":"https:\/\/presbyteriancollege.ca\/?s={search_term_string}"},"query-input":{"@type":"PropertyValueSpecification","valueRequired":true,"valueName":"search_term_string"}}],"inLanguage":"fr-FR"},{"@type":"Organization","@id":"https:\/\/presbyteriancollege.ca\/#organization","name":"The Presbyterian College, Montreal","url":"https:\/\/presbyteriancollege.ca\/","logo":{"@type":"ImageObject","inLanguage":"fr-FR","@id":"https:\/\/presbyteriancollege.ca\/#\/schema\/logo\/image\/","url":"https:\/\/presbyteriancollege.ca\/wordpress2021\/wp-content\/uploads\/2021\/05\/PC_logo_2021.png","contentUrl":"https:\/\/presbyteriancollege.ca\/wordpress2021\/wp-content\/uploads\/2021\/05\/PC_logo_2021.png","width":2075,"height":545,"caption":"The Presbyterian College, Montreal"},"image":{"@id":"https:\/\/presbyteriancollege.ca\/#\/schema\/logo\/image\/"},"sameAs":["https:\/\/www.facebook.com\/PCleadershipcentre","https:\/\/x.com\/presbycol"]}]}},"_links":{"self":[{"href":"https:\/\/presbyteriancollege.ca\/fr\/wp-json\/wp\/v2\/pages\/13123","targetHints":{"allow":["GET"]}}],"collection":[{"href":"https:\/\/presbyteriancollege.ca\/fr\/wp-json\/wp\/v2\/pages"}],"about":[{"href":"https:\/\/presbyteriancollege.ca\/fr\/wp-json\/wp\/v2\/types\/page"}],"author":[{"embeddable":true,"href":"https:\/\/presbyteriancollege.ca\/fr\/wp-json\/wp\/v2\/users\/2"}],"replies":[{"embeddable":true,"href":"https:\/\/presbyteriancollege.ca\/fr\/wp-json\/wp\/v2\/comments?post=13123"}],"version-history":[{"count":0,"href":"https:\/\/presbyteriancollege.ca\/fr\/wp-json\/wp\/v2\/pages\/13123\/revisions"}],"up":[{"embeddable":true,"href":"https:\/\/presbyteriancollege.ca\/fr\/wp-json\/wp\/v2\/pages\/13139"}],"wp:attachment":[{"href":"https:\/\/presbyteriancollege.ca\/fr\/wp-json\/wp\/v2\/media?parent=13123"}],"curies":[{"name":"wp","href":"https:\/\/api.w.org\/{rel}","templated":true}]}}