{"id":13121,"date":"2021-12-06T15:06:56","date_gmt":"2021-12-06T20:06:56","guid":{"rendered":"https:\/\/presbyteriancollege.ca\/etudes-en-ligne\/"},"modified":"2024-01-22T21:12:25","modified_gmt":"2024-01-23T02:12:25","slug":"etudes-en-ligne","status":"publish","type":"page","link":"https:\/\/presbyteriancollege.ca\/fr\/programmes\/etudes-en-ligne\/","title":{"rendered":"\u00c9TUDES EN LIGNE"},"content":{"rendered":"\n<h4 class=\"wp-block-heading\"><em>Il s\u2019agit d\u2019une nouvelle fa\u00e7on d\u2019explorer votre foi et la tradition chr\u00e9tienne. <\/em><\/h4>\n\n<p>\u00c0 l\u2019hiver 2022, nous avons lanc\u00e9 un nouveau programme de cours accessibles en ligne. Ces cours sont d\u2019une dur\u00e9e de 6 ou 8 semaines et peuvent \u00eatre suivis individuellement ou dans le cadre de groupes d\u2019\u00e9tude d\u2019une \u00e9glise. Pour les groupes d\u2019\u00e9tude locaux, il existe une possibilit\u00e9 de conversation au niveau local (dans une salle de r\u00e9union Zoom ou dans votre r\u00e9gion).<\/p>\n\n<p><strong>Aper\u00e7u du programme<\/strong><\/p>\n\n<ul class=\"wp-block-list\">\n<li>\u00c9tudes de 6 ou 8 semaines;<\/li>\n\n\n\n<li>\u2022 Cours non cr\u00e9dit\u00e9s; <\/li>\n\n\n\n<li>Offerts sur une base individuelle ou \u00e0 des groupes d\u2019\u00e9tude en \u00e9glise;<\/li>\n\n\n\n<li>Le co\u00fbt varie entre 55 $ et 145 $ par personne (selon la forme de cours);<\/li>\n\n\n\n<li>\u2022 Le co\u00fbt pour les groupes d\u2019\u00e9tude en \u00e9glise est de 200 $;<\/li>\n\n\n\n<li>Aucune exigence d\u2019\u00e9tudes universitaires ant\u00e9rieures n\u2019est requise;<\/li>\n\n\n\n<li>Offerts par le corps professoral et les enseignants associ\u00e9s au Coll\u00e8ge presbyt\u00e9rien;<\/li>\n\n\n\n<li>Aucun devoir ni examen \u00e9crit exig\u00e9.<\/li>\n<\/ul>\n\n<p><strong>Groupes d\u2019\u00e9tude en \u00e9glise<\/strong><\/p>\n\n<p>Si vous \u00eates leader pastoral ou responsable d\u2019\u00e9tudes bibliques dans une \u00e9glise, songez \u00e0 faire participer un groupe \u00e0 ce cours. Les participants pourront le suivre individuellement via Zoom ou se r\u00e9unir en pr\u00e9sentiel au lieu choisi au moment de la diffusion du cours. Votre propre discussion de groupe pourra avoir lieu dans une salle de r\u00e9union Zoom ou en personne. (Des questions \u00e0 l\u2019\u00e9tude et des th\u00e8mes de discussion seront fournis).<\/p>\n\n<hr class=\"wp-block-separator has-css-opacity\"\/>\n\n<p><strong>Pour obtenir plus d\u2019information. <\/strong><\/p>\n\n<p>Si vous souhaitez obtenir plus d\u2019information, veuillez nous contacter \u00e0 <a href=\"mailto:reception@pcmtl.ca\">reception@pcmtl.ca<\/a> ou \u00e0 <a href=\"mailto:alangdon@pcmtl.ca\">alangdon@pcmtl.ca<\/a><\/p>\n","protected":false},"excerpt":{"rendered":"<p>Il s\u2019agit d\u2019une nouvelle fa\u00e7on d\u2019explorer votre foi et la tradition chr\u00e9tienne. \u00c0 l\u2019hiver 2022, nous avons lanc\u00e9 un nouveau programme de cours accessibles en ligne. Ces cours sont d\u2019une [&hellip;]<\/p>\n","protected":false},"author":2,"featured_media":15534,"parent":13137,"menu_order":1,"comment_status":"closed","ping_status":"closed","template":"","meta":{"episode_type":"","audio_file":"","cover_image":"","cover_image_id":"","duration":"","filesize":"","filesize_raw":"","date_recorded":"","explicit":"","block":"","footnotes":""},"class_list":["post-13121","page","type-page","status-publish","has-post-thumbnail","hentry"],"yoast_head":"<!-- This site is optimized with the Yoast SEO plugin v27.0 - https:\/\/yoast.com\/product\/yoast-seo-wordpress\/ -->\n<title>\u00c9TUDES EN LIGNE - The Presbyterian College, Montreal<\/title>\n<meta name=\"description\" content=\"Nous proposons des \u00e9tudes en ligne ouvertes et accessibles \u00e0 un large public. Ces cours de 6 semaines d\u00e9velopperont votre foi et votre compr\u00e9hension.\" \/>\n<meta name=\"robots\" content=\"index, follow, max-snippet:-1, max-image-preview:large, max-video-preview:-1\" \/>\n<link rel=\"canonical\" href=\"https:\/\/presbyteriancollege.ca\/fr\/etudes-en-ligne\/\" \/>\n<meta property=\"og:locale\" content=\"fr_FR\" \/>\n<meta property=\"og:type\" content=\"article\" \/>\n<meta property=\"og:title\" content=\"\u00c9TUDES EN LIGNE - The Presbyterian College, Montreal\" \/>\n<meta property=\"og:description\" content=\"Nous proposons des \u00e9tudes en ligne ouvertes et accessibles \u00e0 un large public. Ces cours de 6 semaines d\u00e9velopperont votre foi et votre compr\u00e9hension.\" \/>\n<meta property=\"og:url\" content=\"https:\/\/presbyteriancollege.ca\/fr\/etudes-en-ligne\/\" \/>\n<meta property=\"og:site_name\" content=\"The Presbyterian College, Montreal\" \/>\n<meta property=\"article:publisher\" content=\"https:\/\/www.facebook.com\/PCleadershipcentre\" \/>\n<meta property=\"article:modified_time\" content=\"2024-01-23T02:12:25+00:00\" \/>\n<meta property=\"og:image\" content=\"https:\/\/presbyteriancollege.ca\/wp-content\/uploads\/2021\/07\/Pres_299-scaled.jpeg\" \/>\n\t<meta property=\"og:image:width\" content=\"2560\" \/>\n\t<meta property=\"og:image:height\" content=\"1212\" \/>\n\t<meta property=\"og:image:type\" content=\"image\/jpeg\" \/>\n<meta name=\"twitter:card\" content=\"summary_large_image\" \/>\n<meta name=\"twitter:site\" content=\"@presbycol\" \/>\n<meta name=\"twitter:label1\" content=\"Est. reading time\" \/>\n\t<meta name=\"twitter:data1\" content=\"1 minute\" \/>\n<script type=\"application\/ld+json\" class=\"yoast-schema-graph\">{\"@context\":\"https:\/\/schema.org\",\"@graph\":[{\"@type\":\"WebPage\",\"@id\":\"https:\/\/presbyteriancollege.ca\/fr\/etudes-en-ligne\/\",\"url\":\"https:\/\/presbyteriancollege.ca\/fr\/etudes-en-ligne\/\",\"name\":\"\u00c9TUDES EN LIGNE - The Presbyterian College, Montreal\",\"isPartOf\":{\"@id\":\"https:\/\/presbyteriancollege.ca\/#website\"},\"primaryImageOfPage\":{\"@id\":\"https:\/\/presbyteriancollege.ca\/fr\/etudes-en-ligne\/#primaryimage\"},\"image\":{\"@id\":\"https:\/\/presbyteriancollege.ca\/fr\/etudes-en-ligne\/#primaryimage\"},\"thumbnailUrl\":\"https:\/\/presbyteriancollege.ca\/wp-content\/uploads\/2025\/03\/lightstock_362170_medium_roland_de_vries.jpeg\",\"datePublished\":\"2021-12-06T20:06:56+00:00\",\"dateModified\":\"2024-01-23T02:12:25+00:00\",\"description\":\"Nous proposons des \u00e9tudes en ligne ouvertes et accessibles \u00e0 un large public. Ces cours de 6 semaines d\u00e9velopperont votre foi et votre compr\u00e9hension.\",\"breadcrumb\":{\"@id\":\"https:\/\/presbyteriancollege.ca\/fr\/etudes-en-ligne\/#breadcrumb\"},\"inLanguage\":\"fr-FR\",\"potentialAction\":[{\"@type\":\"ReadAction\",\"target\":[\"https:\/\/presbyteriancollege.ca\/fr\/etudes-en-ligne\/\"]}]},{\"@type\":\"ImageObject\",\"inLanguage\":\"fr-FR\",\"@id\":\"https:\/\/presbyteriancollege.ca\/fr\/etudes-en-ligne\/#primaryimage\",\"url\":\"https:\/\/presbyteriancollege.ca\/wp-content\/uploads\/2025\/03\/lightstock_362170_medium_roland_de_vries.jpeg\",\"contentUrl\":\"https:\/\/presbyteriancollege.ca\/wp-content\/uploads\/2025\/03\/lightstock_362170_medium_roland_de_vries.jpeg\",\"width\":1280,\"height\":854,\"caption\":\"Woman at a podium\"},{\"@type\":\"BreadcrumbList\",\"@id\":\"https:\/\/presbyteriancollege.ca\/fr\/etudes-en-ligne\/#breadcrumb\",\"itemListElement\":[{\"@type\":\"ListItem\",\"position\":1,\"name\":\"Home\",\"item\":\"https:\/\/presbyteriancollege.ca\/fr\/\"},{\"@type\":\"ListItem\",\"position\":2,\"name\":\"\u00c9TUDES EN LIGNE\"}]},{\"@type\":\"WebSite\",\"@id\":\"https:\/\/presbyteriancollege.ca\/#website\",\"url\":\"https:\/\/presbyteriancollege.ca\/\",\"name\":\"The Presbyterian College, Montreal\",\"description\":\"\",\"publisher\":{\"@id\":\"https:\/\/presbyteriancollege.ca\/#organization\"},\"potentialAction\":[{\"@type\":\"SearchAction\",\"target\":{\"@type\":\"EntryPoint\",\"urlTemplate\":\"https:\/\/presbyteriancollege.ca\/?s={search_term_string}\"},\"query-input\":{\"@type\":\"PropertyValueSpecification\",\"valueRequired\":true,\"valueName\":\"search_term_string\"}}],\"inLanguage\":\"fr-FR\"},{\"@type\":\"Organization\",\"@id\":\"https:\/\/presbyteriancollege.ca\/#organization\",\"name\":\"The Presbyterian College, Montreal\",\"url\":\"https:\/\/presbyteriancollege.ca\/\",\"logo\":{\"@type\":\"ImageObject\",\"inLanguage\":\"fr-FR\",\"@id\":\"https:\/\/presbyteriancollege.ca\/#\/schema\/logo\/image\/\",\"url\":\"https:\/\/presbyteriancollege.ca\/wordpress2021\/wp-content\/uploads\/2021\/05\/PC_logo_2021.png\",\"contentUrl\":\"https:\/\/presbyteriancollege.ca\/wordpress2021\/wp-content\/uploads\/2021\/05\/PC_logo_2021.png\",\"width\":2075,\"height\":545,\"caption\":\"The Presbyterian College, Montreal\"},\"image\":{\"@id\":\"https:\/\/presbyteriancollege.ca\/#\/schema\/logo\/image\/\"},\"sameAs\":[\"https:\/\/www.facebook.com\/PCleadershipcentre\",\"https:\/\/x.com\/presbycol\"]}]}<\/script>\n<!-- \/ Yoast SEO plugin. -->","yoast_head_json":{"title":"\u00c9TUDES EN LIGNE - The Presbyterian College, Montreal","description":"Nous proposons des \u00e9tudes en ligne ouvertes et accessibles \u00e0 un large public. Ces cours de 6 semaines d\u00e9velopperont votre foi et votre compr\u00e9hension.","robots":{"index":"index","follow":"follow","max-snippet":"max-snippet:-1","max-image-preview":"max-image-preview:large","max-video-preview":"max-video-preview:-1"},"canonical":"https:\/\/presbyteriancollege.ca\/fr\/etudes-en-ligne\/","og_locale":"fr_FR","og_type":"article","og_title":"\u00c9TUDES EN LIGNE - The Presbyterian College, Montreal","og_description":"Nous proposons des \u00e9tudes en ligne ouvertes et accessibles \u00e0 un large public. Ces cours de 6 semaines d\u00e9velopperont votre foi et votre compr\u00e9hension.","og_url":"https:\/\/presbyteriancollege.ca\/fr\/etudes-en-ligne\/","og_site_name":"The Presbyterian College, Montreal","article_publisher":"https:\/\/www.facebook.com\/PCleadershipcentre","article_modified_time":"2024-01-23T02:12:25+00:00","og_image":[{"width":2560,"height":1212,"url":"https:\/\/presbyteriancollege.ca\/wp-content\/uploads\/2021\/07\/Pres_299-scaled.jpeg","type":"image\/jpeg"}],"twitter_card":"summary_large_image","twitter_site":"@presbycol","twitter_misc":{"Est. reading time":"1 minute"},"schema":{"@context":"https:\/\/schema.org","@graph":[{"@type":"WebPage","@id":"https:\/\/presbyteriancollege.ca\/fr\/etudes-en-ligne\/","url":"https:\/\/presbyteriancollege.ca\/fr\/etudes-en-ligne\/","name":"\u00c9TUDES EN LIGNE - The Presbyterian College, Montreal","isPartOf":{"@id":"https:\/\/presbyteriancollege.ca\/#website"},"primaryImageOfPage":{"@id":"https:\/\/presbyteriancollege.ca\/fr\/etudes-en-ligne\/#primaryimage"},"image":{"@id":"https:\/\/presbyteriancollege.ca\/fr\/etudes-en-ligne\/#primaryimage"},"thumbnailUrl":"https:\/\/presbyteriancollege.ca\/wp-content\/uploads\/2025\/03\/lightstock_362170_medium_roland_de_vries.jpeg","datePublished":"2021-12-06T20:06:56+00:00","dateModified":"2024-01-23T02:12:25+00:00","description":"Nous proposons des \u00e9tudes en ligne ouvertes et accessibles \u00e0 un large public. Ces cours de 6 semaines d\u00e9velopperont votre foi et votre compr\u00e9hension.","breadcrumb":{"@id":"https:\/\/presbyteriancollege.ca\/fr\/etudes-en-ligne\/#breadcrumb"},"inLanguage":"fr-FR","potentialAction":[{"@type":"ReadAction","target":["https:\/\/presbyteriancollege.ca\/fr\/etudes-en-ligne\/"]}]},{"@type":"ImageObject","inLanguage":"fr-FR","@id":"https:\/\/presbyteriancollege.ca\/fr\/etudes-en-ligne\/#primaryimage","url":"https:\/\/presbyteriancollege.ca\/wp-content\/uploads\/2025\/03\/lightstock_362170_medium_roland_de_vries.jpeg","contentUrl":"https:\/\/presbyteriancollege.ca\/wp-content\/uploads\/2025\/03\/lightstock_362170_medium_roland_de_vries.jpeg","width":1280,"height":854,"caption":"Woman at a podium"},{"@type":"BreadcrumbList","@id":"https:\/\/presbyteriancollege.ca\/fr\/etudes-en-ligne\/#breadcrumb","itemListElement":[{"@type":"ListItem","position":1,"name":"Home","item":"https:\/\/presbyteriancollege.ca\/fr\/"},{"@type":"ListItem","position":2,"name":"\u00c9TUDES EN LIGNE"}]},{"@type":"WebSite","@id":"https:\/\/presbyteriancollege.ca\/#website","url":"https:\/\/presbyteriancollege.ca\/","name":"The Presbyterian College, Montreal","description":"","publisher":{"@id":"https:\/\/presbyteriancollege.ca\/#organization"},"potentialAction":[{"@type":"SearchAction","target":{"@type":"EntryPoint","urlTemplate":"https:\/\/presbyteriancollege.ca\/?s={search_term_string}"},"query-input":{"@type":"PropertyValueSpecification","valueRequired":true,"valueName":"search_term_string"}}],"inLanguage":"fr-FR"},{"@type":"Organization","@id":"https:\/\/presbyteriancollege.ca\/#organization","name":"The Presbyterian College, Montreal","url":"https:\/\/presbyteriancollege.ca\/","logo":{"@type":"ImageObject","inLanguage":"fr-FR","@id":"https:\/\/presbyteriancollege.ca\/#\/schema\/logo\/image\/","url":"https:\/\/presbyteriancollege.ca\/wordpress2021\/wp-content\/uploads\/2021\/05\/PC_logo_2021.png","contentUrl":"https:\/\/presbyteriancollege.ca\/wordpress2021\/wp-content\/uploads\/2021\/05\/PC_logo_2021.png","width":2075,"height":545,"caption":"The Presbyterian College, Montreal"},"image":{"@id":"https:\/\/presbyteriancollege.ca\/#\/schema\/logo\/image\/"},"sameAs":["https:\/\/www.facebook.com\/PCleadershipcentre","https:\/\/x.com\/presbycol"]}]}},"_links":{"self":[{"href":"https:\/\/presbyteriancollege.ca\/fr\/wp-json\/wp\/v2\/pages\/13121","targetHints":{"allow":["GET"]}}],"collection":[{"href":"https:\/\/presbyteriancollege.ca\/fr\/wp-json\/wp\/v2\/pages"}],"about":[{"href":"https:\/\/presbyteriancollege.ca\/fr\/wp-json\/wp\/v2\/types\/page"}],"author":[{"embeddable":true,"href":"https:\/\/presbyteriancollege.ca\/fr\/wp-json\/wp\/v2\/users\/2"}],"replies":[{"embeddable":true,"href":"https:\/\/presbyteriancollege.ca\/fr\/wp-json\/wp\/v2\/comments?post=13121"}],"version-history":[{"count":0,"href":"https:\/\/presbyteriancollege.ca\/fr\/wp-json\/wp\/v2\/pages\/13121\/revisions"}],"up":[{"embeddable":true,"href":"https:\/\/presbyteriancollege.ca\/fr\/wp-json\/wp\/v2\/pages\/13137"}],"wp:featuredmedia":[{"embeddable":true,"href":"https:\/\/presbyteriancollege.ca\/fr\/wp-json\/wp\/v2\/media\/15534"}],"wp:attachment":[{"href":"https:\/\/presbyteriancollege.ca\/fr\/wp-json\/wp\/v2\/media?parent=13121"}],"curies":[{"name":"wp","href":"https:\/\/api.w.org\/{rel}","templated":true}]}}