{"id":13115,"date":"2021-09-04T15:16:34","date_gmt":"2021-09-04T19:16:34","guid":{"rendered":"https:\/\/presbyteriancollege.ca\/maitrise-en-divinite\/"},"modified":"2024-01-25T23:17:37","modified_gmt":"2024-01-26T04:17:37","slug":"maitrise-en-divinite","status":"publish","type":"page","link":"https:\/\/presbyteriancollege.ca\/fr\/programmes\/maitrise-en-divinite\/","title":{"rendered":"Ma\u00eetrise en divinit\u00e9 (MDiv)"},"content":{"rendered":"\n<h1 class=\"wp-block-heading\">Programme de Ma\u00eetrise en divinit\u00e9<\/h1>\n\n<p>Le programme de Ma\u00eetrise en divinit\u00e9 offert \u00e0 Montr\u00e9al, au Canada, vous permet de devenir un leader pastoral efficace. Ce programme est offert en collaboration avec l\u2019Universit\u00e9 McGill. Il est aussi offert en collaboration avec l\u2019\u00c9cole de th\u00e9ologie de Montr\u00e9al, une communaut\u00e9 d\u2019\u00e9tudes \u0153cum\u00e9nique historique dans la province de Qu\u00e9bec. <\/p>\n\n<p><em>Poursuivez vos \u00e9tudes \u00e0 la Ma\u00eetrise en divinit\u00e9 au sein de la communaut\u00e9 d\u2019adoration du Coll\u00e8ge presbyt\u00e9rien. Soyez transform\u00e9 par les \u00e9tudes et l\u2019amiti\u00e9.<\/em><\/p>\n\n<figure class=\"wp-block-image size-large\"><img loading=\"lazy\" decoding=\"async\" width=\"1024\" height=\"275\" src=\"https:\/\/presbyteriancollege.ca\/wp-content\/uploads\/2021\/09\/PC-for-Facebook-2-1-1024x275.jpeg\" alt=\"\" class=\"wp-image-7316\" srcset=\"https:\/\/presbyteriancollege.ca\/wp-content\/uploads\/2021\/09\/PC-for-Facebook-2-1-1024x275.jpeg 1024w, https:\/\/presbyteriancollege.ca\/wp-content\/uploads\/2021\/09\/PC-for-Facebook-2-1-300x80.jpeg 300w, https:\/\/presbyteriancollege.ca\/wp-content\/uploads\/2021\/09\/PC-for-Facebook-2-1-768x206.jpeg 768w, https:\/\/presbyteriancollege.ca\/wp-content\/uploads\/2021\/09\/PC-for-Facebook-2-1-1536x412.jpeg 1536w, https:\/\/presbyteriancollege.ca\/wp-content\/uploads\/2021\/09\/PC-for-Facebook-2-1-2048x549.jpeg 2048w\" sizes=\"auto, (max-width: 1024px) 100vw, 1024px\" \/><\/figure>\n\n<p><\/p>\n\n<h5 class=\"wp-block-heading\"><strong>Aper\u00e7u du programme<\/strong> \u2014 Ma\u00eetrise en divinit\u00e9<\/h5>\n\n<ul class=\"wp-block-list\">\n<li>\u2022 Programme offert gr\u00e2ce \u00e0 un partenariat de l\u2019Universit\u00e9 McGill.<\/li>\n\n\n\n<li>\u2022 Comporte 90 cr\u00e9dits en \u00e9tudes th\u00e9ologiques et sacerdotales.<\/li>\n\n\n\n<li>\u2022 Se d\u00e9roule sur trois (3) ans dans un cadre d\u2019\u00e9tudes \u00e0 temps plein.<\/li>\n\n\n\n<li>\u2022 Doit se d\u00e9rouler en pr\u00e9sentiel (premi\u00e8re et deuxi\u00e8me ann\u00e9es) et possiblement en ligne (troisi\u00e8me ann\u00e9e).<\/li>\n\n\n\n<li>Conditions d\u2019admission : avoir obtenu une MPC de 2,7 au baccalaur\u00e9at<\/li>\n\n\n\n<li>\u2022 \u00catre accr\u00e9dit\u00e9 par l\u2019<a href=\"https:\/\/www.ats.edu\/\" target=\"_blank\" rel=\"noreferrer noopener\">Association des \u00e9coles de th\u00e9ologie<\/a><\/li>\n<\/ul>\n\n<div class=\"wp-block-buttons is-horizontal is-content-justification-center is-layout-flex wp-container-core-buttons-is-layout-499968f5 wp-block-buttons-is-layout-flex\">\n<div class=\"wp-block-button\"><a class=\"wp-block-button__link has-white-color has-text-color has-background wp-element-button\" href=\"https:\/\/presbyteriancollege.ca\/programs\/master-of-divinity\/program-details-master-of-divinity\/\" style=\"background-color:#3b70a1\" target=\"_blank\" rel=\"noreferrer noopener\">MDiv \u2013 D\u00e9tails du programme universitaire<\/a><\/div>\n<\/div>\n\n<p><\/p>\n\n<h5 class=\"wp-block-heading\"><strong>Int\u00e9gration et stages<\/strong><\/h5>\n\n<p>Notre programme de MDiv est unique en Am\u00e9rique du Nord. Il combine deux ann\u00e9es d\u2019\u00e9tudes universitaires avec une ann\u00e9e de formation professionnelle, soit un stage couvrant 40 % de la derni\u00e8re ann\u00e9e du programme. Nous formons des leaders dont l\u2019esprit, le c\u0153ur et le travail sont tous orient\u00e9s vers le service \u00e0 autrui dans la voie du Christ. Au cours des deux premi\u00e8res ann\u00e9es du programme, vous \u00e9tudiez la th\u00e9ologie, les \u00c9critures, l\u2019histoire et les dimensions culturelles de la foi chr\u00e9tienne. Au cours de la troisi\u00e8me et derni\u00e8re ann\u00e9e, vous d\u00e9veloppez des comp\u00e9tences en mati\u00e8re de leadership missionnaire, d\u2019exercice de la pr\u00e9dication, de pastorale et de programmation \u00e9ducative.<\/p>\n\n<h5 class=\"wp-block-heading\"><strong>Vie universitaire<\/strong><\/h5>\n\n<p>\u00c9tudier au Coll\u00e8ge presbyt\u00e9rien, c\u2019est c\u00f4toyer des \u00e9tudiants d\u2019autres programmes de l&#8217;<a href=\"https:\/\/www.mcgill.ca\/religiousstudies\/\" target=\"_blank\" rel=\"noreferrer noopener\">\u00c9cole d\u2019\u00e9tudes religieuses de l\u2019Universit\u00e9 McGill.<\/a> C\u2019est une riche occasion d\u2019\u00e9tudier aux c\u00f4t\u00e9s de gens issus d\u2019autres traditions religieuses et d\u2019apprendre d\u2019eux. Vous apprendrez \u00e0 articuler votre foi chr\u00e9tienne et votre esp\u00e9rance par la conversation avec les autres. Le programme est intellectuellement stimulant. Les professeurs sont du plus haut calibre; ils cherchent le meilleur pour les \u00e9tudiants \u00e0 la fois intellectuellement et dans leur formation sacerdotale.<\/p>\n\n<h5 class=\"wp-block-heading\"><strong>Une communaut\u00e9 de louange et de pri\u00e8re<\/strong><\/h5>\n\n<p>L\u2019\u00e9tude de la th\u00e9ologie n\u00e9cessite un engagement intellectuel significatif. Cela dit, la croissance de la vie spirituelle est \u00e9galement essentielle \u00e0 la formation sacerdotale. Se joindre au Coll\u00e8ge presbyt\u00e9rien signifie faire partie d\u2019une<a href=\"https:\/\/presbyteriancollege.ca\/fr\/la-vie-communautaire\/\" target=\"_blank\" rel=\"noreferrer noopener\"> communaut\u00e9 chaleureuse<\/a> qui, ensemble, prie, offre des louanges et partage des repas. Vous serez transform\u00e9s et pr\u00e9par\u00e9s par l\u2019\u00e9tude, la louange, la pri\u00e8re et la c\u00e9l\u00e9bration en tant que Corps du Christ.<\/p>\n<div class=\"wp-block-image\">\n<figure class=\"aligncenter size-large is-resized\"><img loading=\"lazy\" decoding=\"async\" width=\"1024\" height=\"582\" src=\"https:\/\/presbyteriancollege.ca\/wordpress2021\/wp-content\/uploads\/2021\/09\/IMG_2480-1-1024x582.jpeg\" alt=\"Les &#xE9;tudiants en Master of Divinity sont flous en arri&#xE8;re-plan. La sc&#xE8;ne se d&#xE9;roule dans un belv&#xE9;d&#xE8;re ext&#xE9;rieur.\" class=\"wp-image-7128\" style=\"width:840px;height:477px\" srcset=\"https:\/\/presbyteriancollege.ca\/wp-content\/uploads\/2021\/09\/IMG_2480-1-1024x582.jpeg 1024w, https:\/\/presbyteriancollege.ca\/wp-content\/uploads\/2021\/09\/IMG_2480-1-300x171.jpeg 300w, https:\/\/presbyteriancollege.ca\/wp-content\/uploads\/2021\/09\/IMG_2480-1-768x437.jpeg 768w, https:\/\/presbyteriancollege.ca\/wp-content\/uploads\/2021\/09\/IMG_2480-1.jpeg 1055w\" sizes=\"auto, (max-width: 1024px) 100vw, 1024px\" \/><\/figure>\n<\/div>\n<h5 class=\"wp-block-heading\"><strong>Rencontre interculturelle<\/strong><\/h5>\n\n<p>La troisi\u00e8me ann\u00e9e du programme comprend un voyage d\u2019\u00e9tudes d\u2019une semaine \u00e0 Cuba. Ce voyage vous fait d\u00e9couvrir de mani\u00e8re significative la culture, l\u2019histoire et la vie de l\u2019\u00c9glise qui s\u2019y trouve. Vous comprendrez que le sacerdoce et la mission sont toujours fa\u00e7onn\u00e9s par les langues, les cultures et les r\u00e9cits particuliers. Nous d\u00e9veloppons actuellement un volet significatif orient\u00e9 vers le dialogue avec les communaut\u00e9s autochtones au Canada.<\/p>\n\n<h5 class=\"wp-block-heading\"><strong>Dur\u00e9e du programme et droit de s\u00e9jour<\/strong><\/h5>\n\n<p>La Ma\u00eetrise en divinit\u00e9 du Coll\u00e8ge presbyt\u00e9rien est un programme de 90 cr\u00e9dits d\u2019une dur\u00e9e de trois (3) ans. Les deux premi\u00e8res ann\u00e9es du programme se d\u00e9roulent \u00e0 Montr\u00e9al. La derni\u00e8re ann\u00e9e peut \u00eatre suivie \u00e0 distance (moyennant six semaines de vie communautaire en pr\u00e9sentiel durant l\u2019ann\u00e9e). Le stage en derni\u00e8re ann\u00e9e peut se d\u00e9rouler \u00e0 Toronto, \u00e0 Winnipeg, \u00e0 Halifax ou \u00e0 Boston. Les composants synchrones durant la derni\u00e8re ann\u00e9e (la classe en ligne) sont Zoom, et les composants asynchrones passent par un nouveau syst\u00e8me de gestion de l\u2019apprentissage appel\u00e9 Populi.<\/p>\n\n<h5 class=\"wp-block-heading\"><strong>Pour obtenir plus d\u2019information et recevoir une copie de nos r\u00e9flexions sur la vie et le leadership, remplissez ce formulaire :<\/strong><\/h5>\n\n\n<p><\/p>\n\n<h5 class=\"wp-block-heading\"><strong>Transfert de cr\u00e9dits<\/strong><\/h5>\n\n<p>Si vous avez d\u00e9j\u00e0 termin\u00e9 une partie de vos \u00e9tudes en th\u00e9ologie, vous pouvez transf\u00e9rer jusqu\u2019\u00e0 36 cr\u00e9dits (12 cours) dans votre programme au Coll\u00e8ge presbyt\u00e9rien. Nous examinerons les cr\u00e9dits \u00e0 transf\u00e9rer au moment de votre demande.<\/p>\n\n<h5 class=\"wp-block-heading\"><strong>Double demande d\u2019admission<\/strong><\/h5>\n\n<p>En tant que programme combin\u00e9 de l\u2019Universit\u00e9 McGill et du Coll\u00e8ge presbyt\u00e9rien, il faut faire deux demandes d\u2019admission. Une demande d\u2019admission est adress\u00e9e au Coll\u00e8ge (programme de Ma\u00eetrise en divinit\u00e9) et une autre \u00e0 l\u2019Universit\u00e9 (inscription au programme de BTh de cet \u00e9tablissement). Nous sommes \u00e0 votre disposition pour vous aider dans ce processus d\u2019admission et pour r\u00e9pondre \u00e0 toutes vos questions.<\/p>\n\n<p>Les demandes d\u2019admission devront \u00eatre assorties des exigences suivantes :<\/p>\n\n<ul class=\"wp-block-list\">\n<li><strong>Un \u00e9nonc\u00e9 personnel<\/strong> expliquant pourquoi vous souhaitez \u00e9tudier la th\u00e9ologie, votre implication dans la communaut\u00e9 chr\u00e9tienne locale et vos objectifs professionnels<\/li>\n\n\n\n<li><strong>Une r\u00e9f\u00e9rence pastorale<\/strong> d\u2019un responsable pastoral attestant votre implication dans l\u2019\u00c9glise, de votre foi et de votre engagement au service, dans l\u2019\u00c9glise ou dans la communaut\u00e9 au sens large;<\/li>\n\n\n\n<li><strong>Une r\u00e9f\u00e9rence professorale<\/strong> de quelqu\u2019un en mesure de parler de votre capacit\u00e9 \u00e0 r\u00e9pondre aux exigences universitaires du programme de Ma\u00eetrise en divinit\u00e9;<\/li>\n\n\n\n<li><strong>Tous les relev\u00e9s de notes<\/strong> d\u00e9montrant un dossier de r\u00e9ussite scolaire et une MPC minimale de 2,7 (obtenue dans un baccalaur\u00e9at pr\u00e9c\u00e9dent);<\/li>\n\n\n\n<li><strong>Votre CV i<\/strong>ndiquant votre exp\u00e9rience professionnelle ant\u00e9rieure;<\/li>\n\n\n\n<li><strong>Une entrevue<\/strong> peut \u00e9galement \u00eatre exig\u00e9e, et toute correspondance avec le Coll\u00e8ge peut \u00eatre consid\u00e9r\u00e9e comme faisant partie de votre dossier d\u2019admission.<\/li>\n<\/ul>\n\n<h5 class=\"wp-block-heading\"><strong>MDiv avec sp\u00e9cialisation en renouvellement d\u2019assembl\u00e9e ou en implantation eccl\u00e9siale<\/strong><\/h5>\n\n<p>Ce nouveau programme est en cours de d\u00e9veloppement pour les \u00e9tudiants \u00e0 la Ma\u00eetrise en divinit\u00e9. Il s\u2019adresse aux \u00e9tudiants qui se sentent appel\u00e9s \u00e0 l\u2019implantation de nouvelles \u00e9glises ou au renouveau d\u2019assembl\u00e9e de fid\u00e8les.<\/p>\n\n<p>Les \u00e9tudiants participent \u00e0 deux stages de trois mois sur l\u2019implantation d\u2019une nouvelle \u00e9glise ou dans une assembl\u00e9e de fid\u00e8les en phase de renouveau.<\/p>\n\n<p>Les stages se d\u00e9roulent de mai \u00e0 juillet sur deux \u00e9t\u00e9s.<\/p>\n\n<p>Les \u00e9l\u00e8ves s\u2019acquittent de lectures suppl\u00e9mentaires, participent \u00e0 des cours\/ateliers et fournissent un r\u00e9sum\u00e9 \u00e9crit de leurs apprentissages \u00e0 leurs pairs. Ainsi, tous les participants apprennent des exp\u00e9riences des autres.<\/p>\n\n<p>Une bourse, telle que sp\u00e9cifi\u00e9e par l\u2019\u00c9glise presbyt\u00e9rienne au Canada, est offerte aux \u00e9tudiants admissibles.<\/p>\n","protected":false},"excerpt":{"rendered":"<p>Programme de Ma\u00eetrise en divinit\u00e9 Le programme de Ma\u00eetrise en divinit\u00e9 offert \u00e0 Montr\u00e9al, au Canada, vous permet de devenir un leader pastoral efficace. Ce programme est offert en collaboration [&hellip;]<\/p>\n","protected":false},"author":2,"featured_media":11787,"parent":13137,"menu_order":1,"comment_status":"closed","ping_status":"closed","template":"","meta":{"episode_type":"","audio_file":"","podmotor_file_id":"","podmotor_episode_id":"","cover_image":"","cover_image_id":"","duration":"","filesize":"","filesize_raw":"","date_recorded":"","explicit":"","block":"","footnotes":""},"class_list":["post-13115","page","type-page","status-publish","has-post-thumbnail","hentry"],"yoast_head":"<!-- This site is optimized with the Yoast SEO plugin v27.4 - https:\/\/yoast.com\/product\/yoast-seo-wordpress\/ -->\n<title>Ma\u00eetrise en divinit\u00e9 (MDiv) - The Presbyterian College, Montreal<\/title>\n<meta name=\"description\" content=\"Poursuivez le Master of Divinity \u00e0 Montr\u00e9al, Canada. Offert en collaboration avec l&#039;Universit\u00e9 McGill. Nous soutiendrons votre vision du service !\" \/>\n<meta name=\"robots\" content=\"index, follow, max-snippet:-1, max-image-preview:large, max-video-preview:-1\" \/>\n<link rel=\"canonical\" href=\"https:\/\/presbyteriancollege.ca\/fr\/programmes\/maitrise-en-divinite\/\" \/>\n<meta property=\"og:locale\" content=\"fr_FR\" \/>\n<meta property=\"og:type\" content=\"article\" \/>\n<meta property=\"og:title\" content=\"Ma\u00eetrise en divinit\u00e9 (MDiv) - The Presbyterian College, Montreal\" \/>\n<meta property=\"og:description\" content=\"Poursuivez le Master of Divinity \u00e0 Montr\u00e9al, Canada. Offert en collaboration avec l&#039;Universit\u00e9 McGill. Nous soutiendrons votre vision du service !\" \/>\n<meta property=\"og:url\" content=\"https:\/\/presbyteriancollege.ca\/fr\/programmes\/maitrise-en-divinite\/\" \/>\n<meta property=\"og:site_name\" content=\"The Presbyterian College, Montreal\" \/>\n<meta property=\"article:publisher\" content=\"https:\/\/www.facebook.com\/PCleadershipcentre\" \/>\n<meta property=\"article:modified_time\" content=\"2024-01-26T04:17:37+00:00\" \/>\n<meta property=\"og:image\" content=\"https:\/\/presbyteriancollege.ca\/wp-content\/uploads\/2021\/07\/Pres_299-scaled.jpeg\" \/>\n\t<meta property=\"og:image:width\" content=\"2560\" \/>\n\t<meta property=\"og:image:height\" content=\"1212\" \/>\n\t<meta property=\"og:image:type\" content=\"image\/jpeg\" \/>\n<meta name=\"twitter:card\" content=\"summary_large_image\" \/>\n<meta name=\"twitter:site\" content=\"@presbycol\" \/>\n<meta name=\"twitter:label1\" content=\"Est. reading time\" \/>\n\t<meta name=\"twitter:data1\" content=\"6 minutes\" \/>\n<script type=\"application\/ld+json\" class=\"yoast-schema-graph\">{\"@context\":\"https:\\\/\\\/schema.org\",\"@graph\":[{\"@type\":\"WebPage\",\"@id\":\"https:\\\/\\\/presbyteriancollege.ca\\\/fr\\\/programmes\\\/maitrise-en-divinite\\\/\",\"url\":\"https:\\\/\\\/presbyteriancollege.ca\\\/fr\\\/programmes\\\/maitrise-en-divinite\\\/\",\"name\":\"Ma\u00eetrise en divinit\u00e9 (MDiv) - The Presbyterian College, Montreal\",\"isPartOf\":{\"@id\":\"https:\\\/\\\/presbyteriancollege.ca\\\/#website\"},\"primaryImageOfPage\":{\"@id\":\"https:\\\/\\\/presbyteriancollege.ca\\\/fr\\\/programmes\\\/maitrise-en-divinite\\\/#primaryimage\"},\"image\":{\"@id\":\"https:\\\/\\\/presbyteriancollege.ca\\\/fr\\\/programmes\\\/maitrise-en-divinite\\\/#primaryimage\"},\"thumbnailUrl\":\"https:\\\/\\\/presbyteriancollege.ca\\\/wp-content\\\/uploads\\\/2021\\\/07\\\/Pres_299-scaled.jpeg\",\"datePublished\":\"2021-09-04T19:16:34+00:00\",\"dateModified\":\"2024-01-26T04:17:37+00:00\",\"description\":\"Poursuivez le Master of Divinity \u00e0 Montr\u00e9al, Canada. Offert en collaboration avec l'Universit\u00e9 McGill. Nous soutiendrons votre vision du service !\",\"breadcrumb\":{\"@id\":\"https:\\\/\\\/presbyteriancollege.ca\\\/fr\\\/programmes\\\/maitrise-en-divinite\\\/#breadcrumb\"},\"inLanguage\":\"fr-FR\",\"potentialAction\":[{\"@type\":\"ReadAction\",\"target\":[\"https:\\\/\\\/presbyteriancollege.ca\\\/fr\\\/programmes\\\/maitrise-en-divinite\\\/\"]}]},{\"@type\":\"ImageObject\",\"inLanguage\":\"fr-FR\",\"@id\":\"https:\\\/\\\/presbyteriancollege.ca\\\/fr\\\/programmes\\\/maitrise-en-divinite\\\/#primaryimage\",\"url\":\"https:\\\/\\\/presbyteriancollege.ca\\\/wp-content\\\/uploads\\\/2021\\\/07\\\/Pres_299-scaled.jpeg\",\"contentUrl\":\"https:\\\/\\\/presbyteriancollege.ca\\\/wp-content\\\/uploads\\\/2021\\\/07\\\/Pres_299-scaled.jpeg\",\"width\":2560,\"height\":1212},{\"@type\":\"BreadcrumbList\",\"@id\":\"https:\\\/\\\/presbyteriancollege.ca\\\/fr\\\/programmes\\\/maitrise-en-divinite\\\/#breadcrumb\",\"itemListElement\":[{\"@type\":\"ListItem\",\"position\":1,\"name\":\"Home\",\"item\":\"https:\\\/\\\/presbyteriancollege.ca\\\/fr\\\/\"},{\"@type\":\"ListItem\",\"position\":2,\"name\":\"Programmes\",\"item\":\"https:\\\/\\\/presbyteriancollege.ca\\\/fr\\\/programmes\\\/\"},{\"@type\":\"ListItem\",\"position\":3,\"name\":\"Ma\u00eetrise en divinit\u00e9 (MDiv)\"}]},{\"@type\":\"WebSite\",\"@id\":\"https:\\\/\\\/presbyteriancollege.ca\\\/#website\",\"url\":\"https:\\\/\\\/presbyteriancollege.ca\\\/\",\"name\":\"The Presbyterian College, Montreal\",\"description\":\"\",\"publisher\":{\"@id\":\"https:\\\/\\\/presbyteriancollege.ca\\\/#organization\"},\"potentialAction\":[{\"@type\":\"SearchAction\",\"target\":{\"@type\":\"EntryPoint\",\"urlTemplate\":\"https:\\\/\\\/presbyteriancollege.ca\\\/?s={search_term_string}\"},\"query-input\":{\"@type\":\"PropertyValueSpecification\",\"valueRequired\":true,\"valueName\":\"search_term_string\"}}],\"inLanguage\":\"fr-FR\"},{\"@type\":\"Organization\",\"@id\":\"https:\\\/\\\/presbyteriancollege.ca\\\/#organization\",\"name\":\"The Presbyterian College, Montreal\",\"url\":\"https:\\\/\\\/presbyteriancollege.ca\\\/\",\"logo\":{\"@type\":\"ImageObject\",\"inLanguage\":\"fr-FR\",\"@id\":\"https:\\\/\\\/presbyteriancollege.ca\\\/#\\\/schema\\\/logo\\\/image\\\/\",\"url\":\"https:\\\/\\\/presbyteriancollege.ca\\\/wordpress2021\\\/wp-content\\\/uploads\\\/2021\\\/05\\\/PC_logo_2021.png\",\"contentUrl\":\"https:\\\/\\\/presbyteriancollege.ca\\\/wordpress2021\\\/wp-content\\\/uploads\\\/2021\\\/05\\\/PC_logo_2021.png\",\"width\":2075,\"height\":545,\"caption\":\"The Presbyterian College, Montreal\"},\"image\":{\"@id\":\"https:\\\/\\\/presbyteriancollege.ca\\\/#\\\/schema\\\/logo\\\/image\\\/\"},\"sameAs\":[\"https:\\\/\\\/www.facebook.com\\\/PCleadershipcentre\",\"https:\\\/\\\/x.com\\\/presbycol\"]}]}<\/script>\n<!-- \/ Yoast SEO plugin. -->","yoast_head_json":{"title":"Ma\u00eetrise en divinit\u00e9 (MDiv) - The Presbyterian College, Montreal","description":"Poursuivez le Master of Divinity \u00e0 Montr\u00e9al, Canada. Offert en collaboration avec l'Universit\u00e9 McGill. Nous soutiendrons votre vision du service !","robots":{"index":"index","follow":"follow","max-snippet":"max-snippet:-1","max-image-preview":"max-image-preview:large","max-video-preview":"max-video-preview:-1"},"canonical":"https:\/\/presbyteriancollege.ca\/fr\/programmes\/maitrise-en-divinite\/","og_locale":"fr_FR","og_type":"article","og_title":"Ma\u00eetrise en divinit\u00e9 (MDiv) - The Presbyterian College, Montreal","og_description":"Poursuivez le Master of Divinity \u00e0 Montr\u00e9al, Canada. Offert en collaboration avec l'Universit\u00e9 McGill. Nous soutiendrons votre vision du service !","og_url":"https:\/\/presbyteriancollege.ca\/fr\/programmes\/maitrise-en-divinite\/","og_site_name":"The Presbyterian College, Montreal","article_publisher":"https:\/\/www.facebook.com\/PCleadershipcentre","article_modified_time":"2024-01-26T04:17:37+00:00","og_image":[{"width":2560,"height":1212,"url":"https:\/\/presbyteriancollege.ca\/wp-content\/uploads\/2021\/07\/Pres_299-scaled.jpeg","type":"image\/jpeg"}],"twitter_card":"summary_large_image","twitter_site":"@presbycol","twitter_misc":{"Est. reading time":"6 minutes"},"schema":{"@context":"https:\/\/schema.org","@graph":[{"@type":"WebPage","@id":"https:\/\/presbyteriancollege.ca\/fr\/programmes\/maitrise-en-divinite\/","url":"https:\/\/presbyteriancollege.ca\/fr\/programmes\/maitrise-en-divinite\/","name":"Ma\u00eetrise en divinit\u00e9 (MDiv) - The Presbyterian College, Montreal","isPartOf":{"@id":"https:\/\/presbyteriancollege.ca\/#website"},"primaryImageOfPage":{"@id":"https:\/\/presbyteriancollege.ca\/fr\/programmes\/maitrise-en-divinite\/#primaryimage"},"image":{"@id":"https:\/\/presbyteriancollege.ca\/fr\/programmes\/maitrise-en-divinite\/#primaryimage"},"thumbnailUrl":"https:\/\/presbyteriancollege.ca\/wp-content\/uploads\/2021\/07\/Pres_299-scaled.jpeg","datePublished":"2021-09-04T19:16:34+00:00","dateModified":"2024-01-26T04:17:37+00:00","description":"Poursuivez le Master of Divinity \u00e0 Montr\u00e9al, Canada. Offert en collaboration avec l'Universit\u00e9 McGill. Nous soutiendrons votre vision du service !","breadcrumb":{"@id":"https:\/\/presbyteriancollege.ca\/fr\/programmes\/maitrise-en-divinite\/#breadcrumb"},"inLanguage":"fr-FR","potentialAction":[{"@type":"ReadAction","target":["https:\/\/presbyteriancollege.ca\/fr\/programmes\/maitrise-en-divinite\/"]}]},{"@type":"ImageObject","inLanguage":"fr-FR","@id":"https:\/\/presbyteriancollege.ca\/fr\/programmes\/maitrise-en-divinite\/#primaryimage","url":"https:\/\/presbyteriancollege.ca\/wp-content\/uploads\/2021\/07\/Pres_299-scaled.jpeg","contentUrl":"https:\/\/presbyteriancollege.ca\/wp-content\/uploads\/2021\/07\/Pres_299-scaled.jpeg","width":2560,"height":1212},{"@type":"BreadcrumbList","@id":"https:\/\/presbyteriancollege.ca\/fr\/programmes\/maitrise-en-divinite\/#breadcrumb","itemListElement":[{"@type":"ListItem","position":1,"name":"Home","item":"https:\/\/presbyteriancollege.ca\/fr\/"},{"@type":"ListItem","position":2,"name":"Programmes","item":"https:\/\/presbyteriancollege.ca\/fr\/programmes\/"},{"@type":"ListItem","position":3,"name":"Ma\u00eetrise en divinit\u00e9 (MDiv)"}]},{"@type":"WebSite","@id":"https:\/\/presbyteriancollege.ca\/#website","url":"https:\/\/presbyteriancollege.ca\/","name":"The Presbyterian College, Montreal","description":"","publisher":{"@id":"https:\/\/presbyteriancollege.ca\/#organization"},"potentialAction":[{"@type":"SearchAction","target":{"@type":"EntryPoint","urlTemplate":"https:\/\/presbyteriancollege.ca\/?s={search_term_string}"},"query-input":{"@type":"PropertyValueSpecification","valueRequired":true,"valueName":"search_term_string"}}],"inLanguage":"fr-FR"},{"@type":"Organization","@id":"https:\/\/presbyteriancollege.ca\/#organization","name":"The Presbyterian College, Montreal","url":"https:\/\/presbyteriancollege.ca\/","logo":{"@type":"ImageObject","inLanguage":"fr-FR","@id":"https:\/\/presbyteriancollege.ca\/#\/schema\/logo\/image\/","url":"https:\/\/presbyteriancollege.ca\/wordpress2021\/wp-content\/uploads\/2021\/05\/PC_logo_2021.png","contentUrl":"https:\/\/presbyteriancollege.ca\/wordpress2021\/wp-content\/uploads\/2021\/05\/PC_logo_2021.png","width":2075,"height":545,"caption":"The Presbyterian College, Montreal"},"image":{"@id":"https:\/\/presbyteriancollege.ca\/#\/schema\/logo\/image\/"},"sameAs":["https:\/\/www.facebook.com\/PCleadershipcentre","https:\/\/x.com\/presbycol"]}]}},"_links":{"self":[{"href":"https:\/\/presbyteriancollege.ca\/fr\/wp-json\/wp\/v2\/pages\/13115","targetHints":{"allow":["GET"]}}],"collection":[{"href":"https:\/\/presbyteriancollege.ca\/fr\/wp-json\/wp\/v2\/pages"}],"about":[{"href":"https:\/\/presbyteriancollege.ca\/fr\/wp-json\/wp\/v2\/types\/page"}],"author":[{"embeddable":true,"href":"https:\/\/presbyteriancollege.ca\/fr\/wp-json\/wp\/v2\/users\/2"}],"replies":[{"embeddable":true,"href":"https:\/\/presbyteriancollege.ca\/fr\/wp-json\/wp\/v2\/comments?post=13115"}],"version-history":[{"count":0,"href":"https:\/\/presbyteriancollege.ca\/fr\/wp-json\/wp\/v2\/pages\/13115\/revisions"}],"up":[{"embeddable":true,"href":"https:\/\/presbyteriancollege.ca\/fr\/wp-json\/wp\/v2\/pages\/13137"}],"wp:featuredmedia":[{"embeddable":true,"href":"https:\/\/presbyteriancollege.ca\/fr\/wp-json\/wp\/v2\/media\/11787"}],"wp:attachment":[{"href":"https:\/\/presbyteriancollege.ca\/fr\/wp-json\/wp\/v2\/media?parent=13115"}],"curies":[{"name":"wp","href":"https:\/\/api.w.org\/{rel}","templated":true}]}}