{"id":13113,"date":"2021-09-04T15:59:05","date_gmt":"2021-09-04T19:59:05","guid":{"rendered":"https:\/\/presbyteriancollege.ca\/baccalaureat-en-theologie-bth\/"},"modified":"2024-01-23T06:27:52","modified_gmt":"2024-01-23T11:27:52","slug":"baccalaureat-en-theologie-bth","status":"publish","type":"page","link":"https:\/\/presbyteriancollege.ca\/fr\/programmes\/baccalaureat-en-theologie-bth\/","title":{"rendered":"Baccalaur\u00e9at (BTh)"},"content":{"rendered":"\n<h1 class=\"wp-block-heading\">Baccalaur\u00e9at en th\u00e9ologie (BTh)<\/h1>\n\n<p><em>\u00c9tudiez au Baccalaur\u00e9at en th\u00e9ologie au sein de la communaut\u00e9 de culte du Coll\u00e8ge presbyt\u00e9rien, et soyez transform\u00e9 par les \u00e9tudes et l\u2019amiti\u00e9.<\/em><\/p>\n\n<p>Le Baccalaur\u00e9at en th\u00e9ologie est un programme de premier cycle qui offre un enseignement g\u00e9n\u00e9ral sur l\u2019histoire, la th\u00e9ologie et les traditions culturelles du christianisme. Ce programme pr\u00e9pare les \u00e9tudiants \u00e0 la pens\u00e9e critique, encourage le d\u00e9veloppement de la foi personnelle et soutient la compr\u00e9hension et le respect de celles des autres traditions religieuses.<\/p>\n\n<figure class=\"wp-block-image size-large\"><img loading=\"lazy\" decoding=\"async\" width=\"1024\" height=\"348\" src=\"https:\/\/presbyteriancollege.ca\/wp-content\/uploads\/2022\/03\/PC-for-Facebook-3-1024x348.jpeg\" alt=\"\" class=\"wp-image-9502\" srcset=\"https:\/\/presbyteriancollege.ca\/wp-content\/uploads\/2022\/03\/PC-for-Facebook-3-1024x348.jpeg 1024w, https:\/\/presbyteriancollege.ca\/wp-content\/uploads\/2022\/03\/PC-for-Facebook-3-300x102.jpeg 300w, https:\/\/presbyteriancollege.ca\/wp-content\/uploads\/2022\/03\/PC-for-Facebook-3-768x261.jpeg 768w, https:\/\/presbyteriancollege.ca\/wp-content\/uploads\/2022\/03\/PC-for-Facebook-3-1536x522.jpeg 1536w, https:\/\/presbyteriancollege.ca\/wp-content\/uploads\/2022\/03\/PC-for-Facebook-3-2048x695.jpeg 2048w\" sizes=\"auto, (max-width: 1024px) 100vw, 1024px\" \/><\/figure>\n\n<p>Le BTh est un programme menant \u00e0 un dipl\u00f4me de <a href=\"https:\/\/www.mcgill.ca\/religiousstudies\/undergraduate\/bth\" target=\"_blank\" rel=\"noreferrer noopener\">l\u2019Universit\u00e9 McGill,<\/a> mais il est n\u00e9cessaire de s\u2019inscrire \u00e0 ce programme par l\u2019interm\u00e9diaire du Coll\u00e8ge presbyt\u00e9rien. Cela signifie que les frais de scolarit\u00e9 sont vers\u00e9s au Coll\u00e8ge et que vous participez \u00e0 la vie communautaire et de culte du Coll\u00e8ge. Vous b\u00e9n\u00e9ficiez de tous les avantages d\u2019\u00e9tudier dans une universit\u00e9 nord-am\u00e9ricaine de premier plan, ainsi que du soutien d\u2019une communaut\u00e9 chr\u00e9tienne et de relations d\u2019amiti\u00e9 dans la poursuite de vos \u00e9tudes. Les \u00e9tudiants internationaux qui s\u2019inscrivent par l\u2019interm\u00e9diaire du Coll\u00e8ge paient des frais de scolarit\u00e9 qui correspondent \u00e0 ceux pay\u00e9s par les \u00e9tudiants canadiens.<\/p>\n\n<p><strong>Aper\u00e7u du programme<\/strong><\/p>\n\n<ul class=\"wp-block-list\">\n<li>Programme d\u2019\u00e9tudes de premier cycle de l\u2019Universit\u00e9 McGill<\/li>\n\n\n\n<li>Inscription aupr\u00e8s du Coll\u00e8ge presbyt\u00e9rien<\/li>\n\n\n\n<li>Programme de 4 ans bas\u00e9 sur des \u00e9tudes \u00e0 temps plein (3 ans pour les c\u00e9g\u00e9piens)<\/li>\n\n\n\n<li>Concentrations mineures possibles dans les secteurs suivants : entrepreneuriat social, psychologie, musique ou autres.<\/li>\n\n\n\n<li>Frais de scolarit\u00e9 tr\u00e8s concurrentiels.<\/li>\n\n\n\n<li>Exigences scolaires pour l\u2019admission : Dipl\u00f4me d\u2019\u00e9tudes secondaires (D.E.S.)<\/li>\n<\/ul>\n\n<p><strong>Programme d\u2019\u00e9tudes<\/strong><\/p>\n\n<p>Vous serez appel\u00e9 \u00e0 suivre les cours suivants dans le cadre de ce programme :<\/p>\n\n<ul class=\"wp-block-list\">\n<li>Bible et culture occidentale<\/li>\n\n\n\n<li>Religion, politique et soci\u00e9t\u00e9<\/li>\n\n\n\n<li>J\u00e9sus de Nazareth<\/li>\n\n\n\n<li>Litt\u00e9rature d\u2019Isra\u00ebl dans l\u2019Antiquit\u00e9<\/li>\n\n\n\n<li>Th\u00e9ologie du handicap<\/li>\n<\/ul>\n\n<p><meta charset=\"utf-8\"\/><strong>Pour obtenir plus d\u2019information sur ce programme et recevoir une copie de nos r\u00e9flexions sur l\u2019\u00e9panouissement et la croissance par le biais des \u00e9tudes, intitul\u00e9e <em>Thriving and Growing through Studies<\/em> (en anglais seulement), remplissez ce formulaire :<\/strong><\/p>\n\n\n<p><strong>Vie universitaire<\/strong><\/p>\n\n<p>\u00c9tudier au Coll\u00e8ge presbyt\u00e9rien, c\u2019est apprendre aux c\u00f4t\u00e9s d\u2019\u00e9tudiants d\u2019autres programmes de la Facult\u00e9 d\u2019\u00e9tudes religieuses de l\u2019Universit\u00e9 McGill. C\u2019est une occasion riche de c\u00f4toyer des gens d\u2019autres traditions religieuses pour mieux les conna\u00eetre; cela vous permettra d\u2019articuler votre foi chr\u00e9tienne et votre esp\u00e9rance en dialoguant avec eux. Le programme est intellectuellement stimulant. Il vous aidera \u00e0 vous familiariser avec les dimensions th\u00e9ologique, historique, biblique et culturelle de la foi et de la vie chr\u00e9tiennes. Les professeurs sont du plus haut calibre; ils cherchent le meilleur pour les \u00e9tudiants, \u00e0 la fois intellectuellement et dans leur formation sacerdotale.<\/p>\n\n<figure class=\"wp-block-image size-large\"><img loading=\"lazy\" decoding=\"async\" width=\"1024\" height=\"289\" src=\"https:\/\/presbyteriancollege.ca\/wp-content\/uploads\/2021\/09\/Pres_299-1024x289.jpeg\" alt=\"\" class=\"wp-image-7320\" srcset=\"https:\/\/presbyteriancollege.ca\/wp-content\/uploads\/2021\/09\/Pres_299-1024x289.jpeg 1024w, https:\/\/presbyteriancollege.ca\/wp-content\/uploads\/2021\/09\/Pres_299-300x85.jpeg 300w, https:\/\/presbyteriancollege.ca\/wp-content\/uploads\/2021\/09\/Pres_299-768x217.jpeg 768w, https:\/\/presbyteriancollege.ca\/wp-content\/uploads\/2021\/09\/Pres_299-1536x434.jpeg 1536w, https:\/\/presbyteriancollege.ca\/wp-content\/uploads\/2021\/09\/Pres_299-2048x579.jpeg 2048w\" sizes=\"auto, (max-width: 1024px) 100vw, 1024px\" \/><\/figure>\n\n<p><strong>Une communaut\u00e9 d\u2019adoration et de pri\u00e8re<\/strong><\/p>\n\n<p>L\u2019\u00e9tude de la th\u00e9ologie n\u00e9cessite un engagement intellectuel significatif. Cela dit, la croissance de la vie spirituelle est \u00e9galement essentielle pour la formation au service. \u00c9tudier au sein du Coll\u00e8ge presbyt\u00e9rien signifie faire partie d\u2019une communaut\u00e9 chaleureuse qui, ensemble, prie, offre des louanges et partage des repas. Vous serez transform\u00e9s et pr\u00e9par\u00e9s en vivant ensemble dans le Corps du Christ. Pour en savoir plus sur notre vie communautaire, <a href=\"https:\/\/presbyteriancollege.ca\/fr\/la-vie-communautaire\/\" target=\"_blank\" rel=\"noreferrer noopener\">cliquez ici.<\/a><\/p>\n\n<p><strong>Une fois votre BTh termin\u00e9?<\/strong><\/p>\n\n<p>Le Baccalaur\u00e9at en th\u00e9ologie de McGill\/du Coll\u00e8ge presbyt\u00e9rien fournit une solide base intellectuelle et universitaire \u00e0 partir de laquelle poursuivre des \u00e9tudes avanc\u00e9es en th\u00e9ologie est possible. Cela peut signifier faire une Ma\u00eetrise en divinit\u00e9 (un programme sacerdotal professionnel) ou une Ma\u00eetrise en th\u00e9ologie (un programme universitaire). Les \u00e9tudiants de ce programme peuvent \u00e9galement poursuivre d\u2019autres \u00e9tudes et choisir d\u2019exercer une profession dans le travail social, l\u2019administration d\u2019ONG, le journalisme, l\u2019enseignement ou tout autre domaine.<\/p>\n\n<p>Nous serions ravis de discuter plus avant avec vous de ce programme et des possibilit\u00e9s d\u2019\u00e9tudes offertes par l\u2019Universit\u00e9 McGill\/le Coll\u00e8ge presbyt\u00e9rien.<\/p>\n\n<p><strong>Double demande d\u2019admission<\/strong><\/p>\n\n<p>Comme il s\u2019agit d\u2019un programme combin\u00e9 de l\u2019Universit\u00e9 McGill et du Coll\u00e8ge presbyt\u00e9rien, il faut remplir deux demandes d\u2019admission : une demande aupr\u00e8s du Coll\u00e8ge (programme de Ma\u00eetrise en divinit\u00e9) et une demande \u00e0 l\u2019Universit\u00e9 (inscription au programme de BTh de cet \u00e9tablissement pour acc\u00e9der \u00e0 la MDiv). Nous sommes, bien s\u00fbr, en mesure de vous aider dans ce processus d\u2019admission et de r\u00e9pondre \u00e0 toutes vos questions.<br\/><br\/>Il n\u2019y a pas de frais d\u2019admission pour la demande au programme de BTh au Coll\u00e8ge (des frais s\u2019appliquent cependant pour la demande d\u2019admission faite par la suite \u00e0 l\u2019universit\u00e9). <span style=\"text-decoration: underline;\"><a href=\"https:\/\/presbyteriancollege.ca\/fr\/admission\/sinscrire\/\">Cliquez ici<\/a><\/span> pour acc\u00e9der \u00e0 la demande d\u2019admission au Coll\u00e8ge.<\/p>\n","protected":false},"excerpt":{"rendered":"<p>Baccalaur\u00e9at en th\u00e9ologie (BTh) \u00c9tudiez au Baccalaur\u00e9at en th\u00e9ologie au sein de la communaut\u00e9 de culte du Coll\u00e8ge presbyt\u00e9rien, et soyez transform\u00e9 par les \u00e9tudes et l\u2019amiti\u00e9. Le Baccalaur\u00e9at en [&hellip;]<\/p>\n","protected":false},"author":2,"featured_media":11836,"parent":13137,"menu_order":1,"comment_status":"closed","ping_status":"closed","template":"","meta":{"episode_type":"","audio_file":"","podmotor_file_id":"","podmotor_episode_id":"","cover_image":"","cover_image_id":"","duration":"","filesize":"","filesize_raw":"","date_recorded":"","explicit":"","block":"","footnotes":""},"class_list":["post-13113","page","type-page","status-publish","has-post-thumbnail","hentry"],"yoast_head":"<!-- This site is optimized with the Yoast SEO plugin v27.4 - https:\/\/yoast.com\/product\/yoast-seo-wordpress\/ -->\n<title>Baccalaur\u00e9at (BTh) - The Presbyterian College, Montreal<\/title>\n<meta name=\"description\" content=\"Pour une compr\u00e9hension plus profonde de votre foi et pour grandir dans votre relation avec J\u00e9sus. \u00catre \u00e9quip\u00e9 du baccalaur\u00e9at en th\u00e9ologie.\" \/>\n<meta name=\"robots\" content=\"index, follow, max-snippet:-1, max-image-preview:large, max-video-preview:-1\" \/>\n<link rel=\"canonical\" href=\"https:\/\/presbyteriancollege.ca\/fr\/baccalaureat-en-theologie-bth\/\" \/>\n<meta property=\"og:locale\" content=\"fr_FR\" \/>\n<meta property=\"og:type\" content=\"article\" \/>\n<meta property=\"og:title\" content=\"Baccalaur\u00e9at (BTh) - The Presbyterian College, Montreal\" \/>\n<meta property=\"og:description\" content=\"Pour une compr\u00e9hension plus profonde de votre foi et pour grandir dans votre relation avec J\u00e9sus. \u00catre \u00e9quip\u00e9 du baccalaur\u00e9at en th\u00e9ologie.\" \/>\n<meta property=\"og:url\" content=\"https:\/\/presbyteriancollege.ca\/fr\/baccalaureat-en-theologie-bth\/\" \/>\n<meta property=\"og:site_name\" content=\"The Presbyterian College, Montreal\" \/>\n<meta property=\"article:publisher\" content=\"https:\/\/www.facebook.com\/PCleadershipcentre\" \/>\n<meta property=\"article:modified_time\" content=\"2024-01-23T11:27:52+00:00\" \/>\n<meta property=\"og:image\" content=\"https:\/\/presbyteriancollege.ca\/wp-content\/uploads\/2021\/07\/Admissions-scaled.jpg\" \/>\n\t<meta property=\"og:image:width\" content=\"2560\" \/>\n\t<meta property=\"og:image:height\" content=\"1340\" \/>\n\t<meta property=\"og:image:type\" content=\"image\/jpeg\" \/>\n<meta name=\"twitter:card\" content=\"summary_large_image\" \/>\n<meta name=\"twitter:site\" content=\"@presbycol\" \/>\n<meta name=\"twitter:label1\" content=\"Est. reading time\" \/>\n\t<meta name=\"twitter:data1\" content=\"4 minutes\" \/>\n<script type=\"application\/ld+json\" class=\"yoast-schema-graph\">{\"@context\":\"https:\\\/\\\/schema.org\",\"@graph\":[{\"@type\":\"WebPage\",\"@id\":\"https:\\\/\\\/presbyteriancollege.ca\\\/fr\\\/baccalaureat-en-theologie-bth\\\/\",\"url\":\"https:\\\/\\\/presbyteriancollege.ca\\\/fr\\\/baccalaureat-en-theologie-bth\\\/\",\"name\":\"Baccalaur\u00e9at (BTh) - The Presbyterian College, Montreal\",\"isPartOf\":{\"@id\":\"https:\\\/\\\/presbyteriancollege.ca\\\/#website\"},\"primaryImageOfPage\":{\"@id\":\"https:\\\/\\\/presbyteriancollege.ca\\\/fr\\\/baccalaureat-en-theologie-bth\\\/#primaryimage\"},\"image\":{\"@id\":\"https:\\\/\\\/presbyteriancollege.ca\\\/fr\\\/baccalaureat-en-theologie-bth\\\/#primaryimage\"},\"thumbnailUrl\":\"https:\\\/\\\/presbyteriancollege.ca\\\/wp-content\\\/uploads\\\/2021\\\/07\\\/Admissions-scaled.jpg\",\"datePublished\":\"2021-09-04T19:59:05+00:00\",\"dateModified\":\"2024-01-23T11:27:52+00:00\",\"description\":\"Pour une compr\u00e9hension plus profonde de votre foi et pour grandir dans votre relation avec J\u00e9sus. \u00catre \u00e9quip\u00e9 du baccalaur\u00e9at en th\u00e9ologie.\",\"breadcrumb\":{\"@id\":\"https:\\\/\\\/presbyteriancollege.ca\\\/fr\\\/baccalaureat-en-theologie-bth\\\/#breadcrumb\"},\"inLanguage\":\"fr-FR\",\"potentialAction\":[{\"@type\":\"ReadAction\",\"target\":[\"https:\\\/\\\/presbyteriancollege.ca\\\/fr\\\/baccalaureat-en-theologie-bth\\\/\"]}]},{\"@type\":\"ImageObject\",\"inLanguage\":\"fr-FR\",\"@id\":\"https:\\\/\\\/presbyteriancollege.ca\\\/fr\\\/baccalaureat-en-theologie-bth\\\/#primaryimage\",\"url\":\"https:\\\/\\\/presbyteriancollege.ca\\\/wp-content\\\/uploads\\\/2021\\\/07\\\/Admissions-scaled.jpg\",\"contentUrl\":\"https:\\\/\\\/presbyteriancollege.ca\\\/wp-content\\\/uploads\\\/2021\\\/07\\\/Admissions-scaled.jpg\",\"width\":2560,\"height\":1340},{\"@type\":\"BreadcrumbList\",\"@id\":\"https:\\\/\\\/presbyteriancollege.ca\\\/fr\\\/baccalaureat-en-theologie-bth\\\/#breadcrumb\",\"itemListElement\":[{\"@type\":\"ListItem\",\"position\":1,\"name\":\"Home\",\"item\":\"https:\\\/\\\/presbyteriancollege.ca\\\/fr\\\/\"},{\"@type\":\"ListItem\",\"position\":2,\"name\":\"Baccalaur\u00e9at (BTh)\"}]},{\"@type\":\"WebSite\",\"@id\":\"https:\\\/\\\/presbyteriancollege.ca\\\/#website\",\"url\":\"https:\\\/\\\/presbyteriancollege.ca\\\/\",\"name\":\"The Presbyterian College, Montreal\",\"description\":\"\",\"publisher\":{\"@id\":\"https:\\\/\\\/presbyteriancollege.ca\\\/#organization\"},\"potentialAction\":[{\"@type\":\"SearchAction\",\"target\":{\"@type\":\"EntryPoint\",\"urlTemplate\":\"https:\\\/\\\/presbyteriancollege.ca\\\/?s={search_term_string}\"},\"query-input\":{\"@type\":\"PropertyValueSpecification\",\"valueRequired\":true,\"valueName\":\"search_term_string\"}}],\"inLanguage\":\"fr-FR\"},{\"@type\":\"Organization\",\"@id\":\"https:\\\/\\\/presbyteriancollege.ca\\\/#organization\",\"name\":\"The Presbyterian College, Montreal\",\"url\":\"https:\\\/\\\/presbyteriancollege.ca\\\/\",\"logo\":{\"@type\":\"ImageObject\",\"inLanguage\":\"fr-FR\",\"@id\":\"https:\\\/\\\/presbyteriancollege.ca\\\/#\\\/schema\\\/logo\\\/image\\\/\",\"url\":\"https:\\\/\\\/presbyteriancollege.ca\\\/wordpress2021\\\/wp-content\\\/uploads\\\/2021\\\/05\\\/PC_logo_2021.png\",\"contentUrl\":\"https:\\\/\\\/presbyteriancollege.ca\\\/wordpress2021\\\/wp-content\\\/uploads\\\/2021\\\/05\\\/PC_logo_2021.png\",\"width\":2075,\"height\":545,\"caption\":\"The Presbyterian College, Montreal\"},\"image\":{\"@id\":\"https:\\\/\\\/presbyteriancollege.ca\\\/#\\\/schema\\\/logo\\\/image\\\/\"},\"sameAs\":[\"https:\\\/\\\/www.facebook.com\\\/PCleadershipcentre\",\"https:\\\/\\\/x.com\\\/presbycol\"]}]}<\/script>\n<!-- \/ Yoast SEO plugin. -->","yoast_head_json":{"title":"Baccalaur\u00e9at (BTh) - The Presbyterian College, Montreal","description":"Pour une compr\u00e9hension plus profonde de votre foi et pour grandir dans votre relation avec J\u00e9sus. \u00catre \u00e9quip\u00e9 du baccalaur\u00e9at en th\u00e9ologie.","robots":{"index":"index","follow":"follow","max-snippet":"max-snippet:-1","max-image-preview":"max-image-preview:large","max-video-preview":"max-video-preview:-1"},"canonical":"https:\/\/presbyteriancollege.ca\/fr\/baccalaureat-en-theologie-bth\/","og_locale":"fr_FR","og_type":"article","og_title":"Baccalaur\u00e9at (BTh) - The Presbyterian College, Montreal","og_description":"Pour une compr\u00e9hension plus profonde de votre foi et pour grandir dans votre relation avec J\u00e9sus. \u00catre \u00e9quip\u00e9 du baccalaur\u00e9at en th\u00e9ologie.","og_url":"https:\/\/presbyteriancollege.ca\/fr\/baccalaureat-en-theologie-bth\/","og_site_name":"The Presbyterian College, Montreal","article_publisher":"https:\/\/www.facebook.com\/PCleadershipcentre","article_modified_time":"2024-01-23T11:27:52+00:00","og_image":[{"width":2560,"height":1340,"url":"https:\/\/presbyteriancollege.ca\/wp-content\/uploads\/2021\/07\/Admissions-scaled.jpg","type":"image\/jpeg"}],"twitter_card":"summary_large_image","twitter_site":"@presbycol","twitter_misc":{"Est. reading time":"4 minutes"},"schema":{"@context":"https:\/\/schema.org","@graph":[{"@type":"WebPage","@id":"https:\/\/presbyteriancollege.ca\/fr\/baccalaureat-en-theologie-bth\/","url":"https:\/\/presbyteriancollege.ca\/fr\/baccalaureat-en-theologie-bth\/","name":"Baccalaur\u00e9at (BTh) - The Presbyterian College, Montreal","isPartOf":{"@id":"https:\/\/presbyteriancollege.ca\/#website"},"primaryImageOfPage":{"@id":"https:\/\/presbyteriancollege.ca\/fr\/baccalaureat-en-theologie-bth\/#primaryimage"},"image":{"@id":"https:\/\/presbyteriancollege.ca\/fr\/baccalaureat-en-theologie-bth\/#primaryimage"},"thumbnailUrl":"https:\/\/presbyteriancollege.ca\/wp-content\/uploads\/2021\/07\/Admissions-scaled.jpg","datePublished":"2021-09-04T19:59:05+00:00","dateModified":"2024-01-23T11:27:52+00:00","description":"Pour une compr\u00e9hension plus profonde de votre foi et pour grandir dans votre relation avec J\u00e9sus. \u00catre \u00e9quip\u00e9 du baccalaur\u00e9at en th\u00e9ologie.","breadcrumb":{"@id":"https:\/\/presbyteriancollege.ca\/fr\/baccalaureat-en-theologie-bth\/#breadcrumb"},"inLanguage":"fr-FR","potentialAction":[{"@type":"ReadAction","target":["https:\/\/presbyteriancollege.ca\/fr\/baccalaureat-en-theologie-bth\/"]}]},{"@type":"ImageObject","inLanguage":"fr-FR","@id":"https:\/\/presbyteriancollege.ca\/fr\/baccalaureat-en-theologie-bth\/#primaryimage","url":"https:\/\/presbyteriancollege.ca\/wp-content\/uploads\/2021\/07\/Admissions-scaled.jpg","contentUrl":"https:\/\/presbyteriancollege.ca\/wp-content\/uploads\/2021\/07\/Admissions-scaled.jpg","width":2560,"height":1340},{"@type":"BreadcrumbList","@id":"https:\/\/presbyteriancollege.ca\/fr\/baccalaureat-en-theologie-bth\/#breadcrumb","itemListElement":[{"@type":"ListItem","position":1,"name":"Home","item":"https:\/\/presbyteriancollege.ca\/fr\/"},{"@type":"ListItem","position":2,"name":"Baccalaur\u00e9at (BTh)"}]},{"@type":"WebSite","@id":"https:\/\/presbyteriancollege.ca\/#website","url":"https:\/\/presbyteriancollege.ca\/","name":"The Presbyterian College, Montreal","description":"","publisher":{"@id":"https:\/\/presbyteriancollege.ca\/#organization"},"potentialAction":[{"@type":"SearchAction","target":{"@type":"EntryPoint","urlTemplate":"https:\/\/presbyteriancollege.ca\/?s={search_term_string}"},"query-input":{"@type":"PropertyValueSpecification","valueRequired":true,"valueName":"search_term_string"}}],"inLanguage":"fr-FR"},{"@type":"Organization","@id":"https:\/\/presbyteriancollege.ca\/#organization","name":"The Presbyterian College, Montreal","url":"https:\/\/presbyteriancollege.ca\/","logo":{"@type":"ImageObject","inLanguage":"fr-FR","@id":"https:\/\/presbyteriancollege.ca\/#\/schema\/logo\/image\/","url":"https:\/\/presbyteriancollege.ca\/wordpress2021\/wp-content\/uploads\/2021\/05\/PC_logo_2021.png","contentUrl":"https:\/\/presbyteriancollege.ca\/wordpress2021\/wp-content\/uploads\/2021\/05\/PC_logo_2021.png","width":2075,"height":545,"caption":"The Presbyterian College, Montreal"},"image":{"@id":"https:\/\/presbyteriancollege.ca\/#\/schema\/logo\/image\/"},"sameAs":["https:\/\/www.facebook.com\/PCleadershipcentre","https:\/\/x.com\/presbycol"]}]}},"_links":{"self":[{"href":"https:\/\/presbyteriancollege.ca\/fr\/wp-json\/wp\/v2\/pages\/13113","targetHints":{"allow":["GET"]}}],"collection":[{"href":"https:\/\/presbyteriancollege.ca\/fr\/wp-json\/wp\/v2\/pages"}],"about":[{"href":"https:\/\/presbyteriancollege.ca\/fr\/wp-json\/wp\/v2\/types\/page"}],"author":[{"embeddable":true,"href":"https:\/\/presbyteriancollege.ca\/fr\/wp-json\/wp\/v2\/users\/2"}],"replies":[{"embeddable":true,"href":"https:\/\/presbyteriancollege.ca\/fr\/wp-json\/wp\/v2\/comments?post=13113"}],"version-history":[{"count":0,"href":"https:\/\/presbyteriancollege.ca\/fr\/wp-json\/wp\/v2\/pages\/13113\/revisions"}],"up":[{"embeddable":true,"href":"https:\/\/presbyteriancollege.ca\/fr\/wp-json\/wp\/v2\/pages\/13137"}],"wp:featuredmedia":[{"embeddable":true,"href":"https:\/\/presbyteriancollege.ca\/fr\/wp-json\/wp\/v2\/media\/11836"}],"wp:attachment":[{"href":"https:\/\/presbyteriancollege.ca\/fr\/wp-json\/wp\/v2\/media?parent=13113"}],"curies":[{"name":"wp","href":"https:\/\/api.w.org\/{rel}","templated":true}]}}