{"id":13109,"date":"2021-06-15T17:51:00","date_gmt":"2021-06-15T21:51:00","guid":{"rendered":"https:\/\/presbyteriancollege.ca\/a-propos-de-nous\/mission-et-histoire\/"},"modified":"2024-01-22T15:58:51","modified_gmt":"2024-01-22T20:58:51","slug":"mission-et-histoire","status":"publish","type":"page","link":"https:\/\/presbyteriancollege.ca\/fr\/a-propos-de-nous\/mission-et-histoire\/","title":{"rendered":"Mission et histoire"},"content":{"rendered":"\n<h4 class=\"wp-block-heading\">Notre mission et notre histoire<\/h4>\n\n<p>Le Presbyterian College a \u00e9t\u00e9 fond\u00e9 en 1865 et son histoire est celle de la formation de leaders transformationnels pour les congr\u00e9gations locales. Des leaders engag\u00e9s dans la mission de Dieu de prendre soin du monde. <\/p>\n\n<p>Dans le cadre des champs d\u2019\u00e9tudes et des programmes d\u2019enseignement qu\u2019il propose, le Coll\u00e8ge s\u2019engage \u00e0 :<\/p>\n\n<ul class=\"wp-block-list\">\n<li>\u00c9tudes chr\u00e9tiennes fond\u00e9es sur des \u00e9tudes acad\u00e9miques rigoureuses. Des \u00e9tudes qui vous ancrent dans la tradition chr\u00e9tienne de r\u00e9flexion biblique, th\u00e9ologique et historique.<\/li>\n\n\n\n<li>Formation spirituelle et d\u00e9veloppement du caract\u00e8re favoris\u00e9s au sein d\u2019une communaut\u00e9 vitale de foi et d\u2019apprentissage.<\/li>\n\n\n\n<li>Le d\u00e9veloppement de comp\u00e9tences et d\u2019aptitudes en leadership pour un leadership transformationnel.<\/li>\n<\/ul>\n\n<p>La mission et l\u2019histoire du coll\u00e8ge sont enracin\u00e9es dans une communaut\u00e9 de foi dynamique et diversifi\u00e9e, en affiliation avec l\u2019Universit\u00e9 McGill, l\u2019Universit\u00e9 Laval et l\u2019Institut de th\u00e9ologie pour la francophonie. En tant que coll\u00e8ge de tradition r\u00e9form\u00e9e, nous vivons une orthodoxie g\u00e9n\u00e9reuse. Nous accueillons des professeurs et des \u00e9tudiants provenant de divers horizons confessionnels du monde entier. Nous sommes \u00e9galement un coll\u00e8ge de <a href=\"https:\/\/presbyterian.ca\/\">l\u2019\u00c9glise presbyt\u00e9rienne au Canada.<\/a><\/p>\n\n<p>Pour obtenir plus d\u2019information sur nos programmes actuels, <span style=\"text-decoration: underline;\"><a href=\"https:\/\/presbyteriancollege.ca\/fr\/programmes\/\">cliquez ici.<\/a><\/span> Pour avoir un aper\u00e7u des avantages d\u2019\u00e9tudier au Coll\u00e8ge presbyt\u00e9rien, <a href=\"https:\/\/presbyteriancollege.ca\/admission\/theology-in-montreal\/\">cliquez ici.<\/a><\/p>\n","protected":false},"excerpt":{"rendered":"<p>Notre mission et notre histoire Le Presbyterian College a \u00e9t\u00e9 fond\u00e9 en 1865 et son histoire est celle de la formation de leaders transformationnels pour les congr\u00e9gations locales. Des leaders [&hellip;]<\/p>\n","protected":false},"author":2,"featured_media":11760,"parent":13107,"menu_order":0,"comment_status":"closed","ping_status":"closed","template":"","meta":{"episode_type":"","audio_file":"","cover_image":"","cover_image_id":"","duration":"","filesize":"","filesize_raw":"","date_recorded":"","explicit":"","block":"","footnotes":""},"class_list":["post-13109","page","type-page","status-publish","has-post-thumbnail","hentry"],"yoast_head":"<!-- This site is optimized with the Yoast SEO plugin v27.0 - https:\/\/yoast.com\/product\/yoast-seo-wordpress\/ -->\n<title>Mission et histoire - The Presbyterian College, Montreal<\/title>\n<meta name=\"description\" content=\"D\u00e9couvrez notre mission et notre histoire. Nous sommes un s\u00e9minaire \u00e0 Montr\u00e9al qui fa\u00e7onne les leaders transformationnels dans leur vision de servir l&#039;\u00c9glise et le monde.\" \/>\n<meta name=\"robots\" content=\"index, follow, max-snippet:-1, max-image-preview:large, max-video-preview:-1\" \/>\n<link rel=\"canonical\" href=\"https:\/\/presbyteriancollege.ca\/fr\/a-propos-de-nous\/mission-et-histoire\/\" \/>\n<meta property=\"og:locale\" content=\"fr_FR\" \/>\n<meta property=\"og:type\" content=\"article\" \/>\n<meta property=\"og:title\" content=\"Mission et histoire - The Presbyterian College, Montreal\" \/>\n<meta property=\"og:description\" content=\"D\u00e9couvrez notre mission et notre histoire. Nous sommes un s\u00e9minaire \u00e0 Montr\u00e9al qui fa\u00e7onne les leaders transformationnels dans leur vision de servir l&#039;\u00c9glise et le monde.\" \/>\n<meta property=\"og:url\" content=\"https:\/\/presbyteriancollege.ca\/fr\/a-propos-de-nous\/mission-et-histoire\/\" \/>\n<meta property=\"og:site_name\" content=\"The Presbyterian College, Montreal\" \/>\n<meta property=\"article:publisher\" content=\"https:\/\/www.facebook.com\/PCleadershipcentre\" \/>\n<meta property=\"article:modified_time\" content=\"2024-01-22T20:58:51+00:00\" \/>\n<meta property=\"og:image\" content=\"https:\/\/presbyteriancollege.ca\/wp-content\/uploads\/2021\/07\/graduates-2.jpg\" \/>\n\t<meta property=\"og:image:width\" content=\"1280\" \/>\n\t<meta property=\"og:image:height\" content=\"495\" \/>\n\t<meta property=\"og:image:type\" content=\"image\/jpeg\" \/>\n<meta name=\"twitter:card\" content=\"summary_large_image\" \/>\n<meta name=\"twitter:site\" content=\"@presbycol\" \/>\n<meta name=\"twitter:label1\" content=\"Est. reading time\" \/>\n\t<meta name=\"twitter:data1\" content=\"1 minute\" \/>\n<script type=\"application\/ld+json\" class=\"yoast-schema-graph\">{\"@context\":\"https:\/\/schema.org\",\"@graph\":[{\"@type\":\"WebPage\",\"@id\":\"https:\/\/presbyteriancollege.ca\/fr\/a-propos-de-nous\/mission-et-histoire\/\",\"url\":\"https:\/\/presbyteriancollege.ca\/fr\/a-propos-de-nous\/mission-et-histoire\/\",\"name\":\"Mission et histoire - The Presbyterian College, Montreal\",\"isPartOf\":{\"@id\":\"https:\/\/presbyteriancollege.ca\/#website\"},\"primaryImageOfPage\":{\"@id\":\"https:\/\/presbyteriancollege.ca\/fr\/a-propos-de-nous\/mission-et-histoire\/#primaryimage\"},\"image\":{\"@id\":\"https:\/\/presbyteriancollege.ca\/fr\/a-propos-de-nous\/mission-et-histoire\/#primaryimage\"},\"thumbnailUrl\":\"https:\/\/presbyteriancollege.ca\/wp-content\/uploads\/2021\/07\/graduates-2.jpg\",\"datePublished\":\"2021-06-15T21:51:00+00:00\",\"dateModified\":\"2024-01-22T20:58:51+00:00\",\"description\":\"D\u00e9couvrez notre mission et notre histoire. Nous sommes un s\u00e9minaire \u00e0 Montr\u00e9al qui fa\u00e7onne les leaders transformationnels dans leur vision de servir l'\u00c9glise et le monde.\",\"breadcrumb\":{\"@id\":\"https:\/\/presbyteriancollege.ca\/fr\/a-propos-de-nous\/mission-et-histoire\/#breadcrumb\"},\"inLanguage\":\"fr-FR\",\"potentialAction\":[{\"@type\":\"ReadAction\",\"target\":[\"https:\/\/presbyteriancollege.ca\/fr\/a-propos-de-nous\/mission-et-histoire\/\"]}]},{\"@type\":\"ImageObject\",\"inLanguage\":\"fr-FR\",\"@id\":\"https:\/\/presbyteriancollege.ca\/fr\/a-propos-de-nous\/mission-et-histoire\/#primaryimage\",\"url\":\"https:\/\/presbyteriancollege.ca\/wp-content\/uploads\/2021\/07\/graduates-2.jpg\",\"contentUrl\":\"https:\/\/presbyteriancollege.ca\/wp-content\/uploads\/2021\/07\/graduates-2.jpg\",\"width\":1280,\"height\":495},{\"@type\":\"BreadcrumbList\",\"@id\":\"https:\/\/presbyteriancollege.ca\/fr\/a-propos-de-nous\/mission-et-histoire\/#breadcrumb\",\"itemListElement\":[{\"@type\":\"ListItem\",\"position\":1,\"name\":\"Home\",\"item\":\"https:\/\/presbyteriancollege.ca\/fr\/\"},{\"@type\":\"ListItem\",\"position\":2,\"name\":\"\u00c0 propos\",\"item\":\"https:\/\/presbyteriancollege.ca\/fr\/a-propos-de-nous\/\"},{\"@type\":\"ListItem\",\"position\":3,\"name\":\"Mission et histoire\"}]},{\"@type\":\"WebSite\",\"@id\":\"https:\/\/presbyteriancollege.ca\/#website\",\"url\":\"https:\/\/presbyteriancollege.ca\/\",\"name\":\"The Presbyterian College, Montreal\",\"description\":\"\",\"publisher\":{\"@id\":\"https:\/\/presbyteriancollege.ca\/#organization\"},\"potentialAction\":[{\"@type\":\"SearchAction\",\"target\":{\"@type\":\"EntryPoint\",\"urlTemplate\":\"https:\/\/presbyteriancollege.ca\/?s={search_term_string}\"},\"query-input\":{\"@type\":\"PropertyValueSpecification\",\"valueRequired\":true,\"valueName\":\"search_term_string\"}}],\"inLanguage\":\"fr-FR\"},{\"@type\":\"Organization\",\"@id\":\"https:\/\/presbyteriancollege.ca\/#organization\",\"name\":\"The Presbyterian College, Montreal\",\"url\":\"https:\/\/presbyteriancollege.ca\/\",\"logo\":{\"@type\":\"ImageObject\",\"inLanguage\":\"fr-FR\",\"@id\":\"https:\/\/presbyteriancollege.ca\/#\/schema\/logo\/image\/\",\"url\":\"https:\/\/presbyteriancollege.ca\/wordpress2021\/wp-content\/uploads\/2021\/05\/PC_logo_2021.png\",\"contentUrl\":\"https:\/\/presbyteriancollege.ca\/wordpress2021\/wp-content\/uploads\/2021\/05\/PC_logo_2021.png\",\"width\":2075,\"height\":545,\"caption\":\"The Presbyterian College, Montreal\"},\"image\":{\"@id\":\"https:\/\/presbyteriancollege.ca\/#\/schema\/logo\/image\/\"},\"sameAs\":[\"https:\/\/www.facebook.com\/PCleadershipcentre\",\"https:\/\/x.com\/presbycol\"]}]}<\/script>\n<!-- \/ Yoast SEO plugin. -->","yoast_head_json":{"title":"Mission et histoire - The Presbyterian College, Montreal","description":"D\u00e9couvrez notre mission et notre histoire. Nous sommes un s\u00e9minaire \u00e0 Montr\u00e9al qui fa\u00e7onne les leaders transformationnels dans leur vision de servir l'\u00c9glise et le monde.","robots":{"index":"index","follow":"follow","max-snippet":"max-snippet:-1","max-image-preview":"max-image-preview:large","max-video-preview":"max-video-preview:-1"},"canonical":"https:\/\/presbyteriancollege.ca\/fr\/a-propos-de-nous\/mission-et-histoire\/","og_locale":"fr_FR","og_type":"article","og_title":"Mission et histoire - The Presbyterian College, Montreal","og_description":"D\u00e9couvrez notre mission et notre histoire. Nous sommes un s\u00e9minaire \u00e0 Montr\u00e9al qui fa\u00e7onne les leaders transformationnels dans leur vision de servir l'\u00c9glise et le monde.","og_url":"https:\/\/presbyteriancollege.ca\/fr\/a-propos-de-nous\/mission-et-histoire\/","og_site_name":"The Presbyterian College, Montreal","article_publisher":"https:\/\/www.facebook.com\/PCleadershipcentre","article_modified_time":"2024-01-22T20:58:51+00:00","og_image":[{"width":1280,"height":495,"url":"https:\/\/presbyteriancollege.ca\/wp-content\/uploads\/2021\/07\/graduates-2.jpg","type":"image\/jpeg"}],"twitter_card":"summary_large_image","twitter_site":"@presbycol","twitter_misc":{"Est. reading time":"1 minute"},"schema":{"@context":"https:\/\/schema.org","@graph":[{"@type":"WebPage","@id":"https:\/\/presbyteriancollege.ca\/fr\/a-propos-de-nous\/mission-et-histoire\/","url":"https:\/\/presbyteriancollege.ca\/fr\/a-propos-de-nous\/mission-et-histoire\/","name":"Mission et histoire - The Presbyterian College, Montreal","isPartOf":{"@id":"https:\/\/presbyteriancollege.ca\/#website"},"primaryImageOfPage":{"@id":"https:\/\/presbyteriancollege.ca\/fr\/a-propos-de-nous\/mission-et-histoire\/#primaryimage"},"image":{"@id":"https:\/\/presbyteriancollege.ca\/fr\/a-propos-de-nous\/mission-et-histoire\/#primaryimage"},"thumbnailUrl":"https:\/\/presbyteriancollege.ca\/wp-content\/uploads\/2021\/07\/graduates-2.jpg","datePublished":"2021-06-15T21:51:00+00:00","dateModified":"2024-01-22T20:58:51+00:00","description":"D\u00e9couvrez notre mission et notre histoire. Nous sommes un s\u00e9minaire \u00e0 Montr\u00e9al qui fa\u00e7onne les leaders transformationnels dans leur vision de servir l'\u00c9glise et le monde.","breadcrumb":{"@id":"https:\/\/presbyteriancollege.ca\/fr\/a-propos-de-nous\/mission-et-histoire\/#breadcrumb"},"inLanguage":"fr-FR","potentialAction":[{"@type":"ReadAction","target":["https:\/\/presbyteriancollege.ca\/fr\/a-propos-de-nous\/mission-et-histoire\/"]}]},{"@type":"ImageObject","inLanguage":"fr-FR","@id":"https:\/\/presbyteriancollege.ca\/fr\/a-propos-de-nous\/mission-et-histoire\/#primaryimage","url":"https:\/\/presbyteriancollege.ca\/wp-content\/uploads\/2021\/07\/graduates-2.jpg","contentUrl":"https:\/\/presbyteriancollege.ca\/wp-content\/uploads\/2021\/07\/graduates-2.jpg","width":1280,"height":495},{"@type":"BreadcrumbList","@id":"https:\/\/presbyteriancollege.ca\/fr\/a-propos-de-nous\/mission-et-histoire\/#breadcrumb","itemListElement":[{"@type":"ListItem","position":1,"name":"Home","item":"https:\/\/presbyteriancollege.ca\/fr\/"},{"@type":"ListItem","position":2,"name":"\u00c0 propos","item":"https:\/\/presbyteriancollege.ca\/fr\/a-propos-de-nous\/"},{"@type":"ListItem","position":3,"name":"Mission et histoire"}]},{"@type":"WebSite","@id":"https:\/\/presbyteriancollege.ca\/#website","url":"https:\/\/presbyteriancollege.ca\/","name":"The Presbyterian College, Montreal","description":"","publisher":{"@id":"https:\/\/presbyteriancollege.ca\/#organization"},"potentialAction":[{"@type":"SearchAction","target":{"@type":"EntryPoint","urlTemplate":"https:\/\/presbyteriancollege.ca\/?s={search_term_string}"},"query-input":{"@type":"PropertyValueSpecification","valueRequired":true,"valueName":"search_term_string"}}],"inLanguage":"fr-FR"},{"@type":"Organization","@id":"https:\/\/presbyteriancollege.ca\/#organization","name":"The Presbyterian College, Montreal","url":"https:\/\/presbyteriancollege.ca\/","logo":{"@type":"ImageObject","inLanguage":"fr-FR","@id":"https:\/\/presbyteriancollege.ca\/#\/schema\/logo\/image\/","url":"https:\/\/presbyteriancollege.ca\/wordpress2021\/wp-content\/uploads\/2021\/05\/PC_logo_2021.png","contentUrl":"https:\/\/presbyteriancollege.ca\/wordpress2021\/wp-content\/uploads\/2021\/05\/PC_logo_2021.png","width":2075,"height":545,"caption":"The Presbyterian College, Montreal"},"image":{"@id":"https:\/\/presbyteriancollege.ca\/#\/schema\/logo\/image\/"},"sameAs":["https:\/\/www.facebook.com\/PCleadershipcentre","https:\/\/x.com\/presbycol"]}]}},"_links":{"self":[{"href":"https:\/\/presbyteriancollege.ca\/fr\/wp-json\/wp\/v2\/pages\/13109","targetHints":{"allow":["GET"]}}],"collection":[{"href":"https:\/\/presbyteriancollege.ca\/fr\/wp-json\/wp\/v2\/pages"}],"about":[{"href":"https:\/\/presbyteriancollege.ca\/fr\/wp-json\/wp\/v2\/types\/page"}],"author":[{"embeddable":true,"href":"https:\/\/presbyteriancollege.ca\/fr\/wp-json\/wp\/v2\/users\/2"}],"replies":[{"embeddable":true,"href":"https:\/\/presbyteriancollege.ca\/fr\/wp-json\/wp\/v2\/comments?post=13109"}],"version-history":[{"count":0,"href":"https:\/\/presbyteriancollege.ca\/fr\/wp-json\/wp\/v2\/pages\/13109\/revisions"}],"up":[{"embeddable":true,"href":"https:\/\/presbyteriancollege.ca\/fr\/wp-json\/wp\/v2\/pages\/13107"}],"wp:featuredmedia":[{"embeddable":true,"href":"https:\/\/presbyteriancollege.ca\/fr\/wp-json\/wp\/v2\/media\/11760"}],"wp:attachment":[{"href":"https:\/\/presbyteriancollege.ca\/fr\/wp-json\/wp\/v2\/media?parent=13109"}],"curies":[{"name":"wp","href":"https:\/\/api.w.org\/{rel}","templated":true}]}}